{"id":9293,"date":"2021-03-27T10:24:28","date_gmt":"2021-03-27T09:24:28","guid":{"rendered":"https:\/\/middelweb.de\/wordpress\/?page_id=9293"},"modified":"2021-05-22T13:15:12","modified_gmt":"2021-05-22T12:15:12","slug":"moritz-2002-sommer","status":"publish","type":"page","link":"https:\/\/middel-online.de\/?page_id=9293","title":{"rendered":"Moritz 2002 Sommer"},"content":{"rendered":"\n<p>Sommerurlaub 2002 <a href=\"https:\/\/1drv.ms\/v\/s!AuO9RkUkgshWizAxBGS_ianW3q_k?e=NduvEi\">Champf\u00e9r<\/a> nahe St. Moritz<\/p>\n\n\n\n<p>anl\u00e4\u00dflich unseres 30-j\u00e4hrigen Kennenlernfestes&nbsp;<img loading=\"lazy\" decoding=\"async\" width=\"750\" height=\"485\" class=\"wp-image-6349\" style=\"width: 750px;\" src=\"https:\/\/middelweb.de\/wordpress\/wp-content\/uploads\/2021\/02\/Middels_002_21062016_150420-scaled.jpg\" alt=\"\" srcset=\"https:\/\/middel-online.de\/wp-content\/uploads\/2021\/02\/Middels_002_21062016_150420-scaled.jpg 2560w, https:\/\/middel-online.de\/wp-content\/uploads\/2021\/02\/Middels_002_21062016_150420-300x194.jpg 300w, https:\/\/middel-online.de\/wp-content\/uploads\/2021\/02\/Middels_002_21062016_150420-1024x662.jpg 1024w, https:\/\/middel-online.de\/wp-content\/uploads\/2021\/02\/Middels_002_21062016_150420-768x497.jpg 768w, https:\/\/middel-online.de\/wp-content\/uploads\/2021\/02\/Middels_002_21062016_150420-1536x994.jpg 1536w, https:\/\/middel-online.de\/wp-content\/uploads\/2021\/02\/Middels_002_21062016_150420-2048x1325.jpg 2048w\" sizes=\"auto, (max-width: 750px) 100vw, 750px\" \/><\/p>\n\n\n\n<figure class=\"wp-block-image size-large\"><img loading=\"lazy\" decoding=\"async\" width=\"1024\" height=\"706\" src=\"https:\/\/middelweb.de\/wordpress\/wp-content\/uploads\/2021\/02\/Moritz2002S-1024x706.jpg\" alt=\"\" class=\"wp-image-3136\" srcset=\"https:\/\/middel-online.de\/wp-content\/uploads\/2021\/02\/Moritz2002S-1024x706.jpg 1024w, https:\/\/middel-online.de\/wp-content\/uploads\/2021\/02\/Moritz2002S-300x207.jpg 300w, https:\/\/middel-online.de\/wp-content\/uploads\/2021\/02\/Moritz2002S-768x529.jpg 768w, https:\/\/middel-online.de\/wp-content\/uploads\/2021\/02\/Moritz2002S.jpg 1114w\" sizes=\"auto, (max-width: 1024px) 100vw, 1024px\" \/><\/figure>\n\n\n\n<figure class=\"wp-block-image size-large\"><img loading=\"lazy\" decoding=\"async\" width=\"1024\" height=\"710\" src=\"https:\/\/middelweb.de\/wordpress\/wp-content\/uploads\/2021\/02\/Moritz2002S_0006-1024x710.jpg\" alt=\"\" class=\"wp-image-3777\" srcset=\"https:\/\/middel-online.de\/wp-content\/uploads\/2021\/02\/Moritz2002S_0006-1024x710.jpg 1024w, https:\/\/middel-online.de\/wp-content\/uploads\/2021\/02\/Moritz2002S_0006-300x208.jpg 300w, https:\/\/middel-online.de\/wp-content\/uploads\/2021\/02\/Moritz2002S_0006-768x533.jpg 768w, https:\/\/middel-online.de\/wp-content\/uploads\/2021\/02\/Moritz2002S_0006.jpg 1107w\" sizes=\"auto, (max-width: 1024px) 100vw, 1024px\" \/><\/figure>\n\n\n\n<figure class=\"wp-block-image size-large\"><img loading=\"lazy\" decoding=\"async\" width=\"1024\" height=\"709\" src=\"https:\/\/middelweb.de\/wordpress\/wp-content\/uploads\/2021\/02\/Moritz2002S_0005-1024x709.jpg\" alt=\"\" class=\"wp-image-3776\" srcset=\"https:\/\/middel-online.de\/wp-content\/uploads\/2021\/02\/Moritz2002S_0005-1024x709.jpg 1024w, https:\/\/middel-online.de\/wp-content\/uploads\/2021\/02\/Moritz2002S_0005-300x208.jpg 300w, https:\/\/middel-online.de\/wp-content\/uploads\/2021\/02\/Moritz2002S_0005-768x532.jpg 768w, https:\/\/middel-online.de\/wp-content\/uploads\/2021\/02\/Moritz2002S_0005.jpg 1109w\" sizes=\"auto, (max-width: 1024px) 100vw, 1024px\" \/><\/figure>\n\n\n\n<figure class=\"wp-block-image size-large\"><img loading=\"lazy\" decoding=\"async\" width=\"1024\" height=\"736\" src=\"https:\/\/middelweb.de\/wordpress\/wp-content\/uploads\/2021\/02\/Moritz2002S_0003-1024x736.jpg\" alt=\"\" class=\"wp-image-3774\" srcset=\"https:\/\/middel-online.de\/wp-content\/uploads\/2021\/02\/Moritz2002S_0003-1024x736.jpg 1024w, https:\/\/middel-online.de\/wp-content\/uploads\/2021\/02\/Moritz2002S_0003-300x216.jpg 300w, https:\/\/middel-online.de\/wp-content\/uploads\/2021\/02\/Moritz2002S_0003-768x552.jpg 768w, https:\/\/middel-online.de\/wp-content\/uploads\/2021\/02\/Moritz2002S_0003.jpg 1069w\" sizes=\"auto, (max-width: 1024px) 100vw, 1024px\" \/><\/figure>\n\n\n\n<figure class=\"wp-block-image size-large\"><img loading=\"lazy\" decoding=\"async\" width=\"1024\" height=\"726\" src=\"https:\/\/middelweb.de\/wordpress\/wp-content\/uploads\/2021\/02\/Moritz2002S_0004-1024x726.jpg\" alt=\"\" class=\"wp-image-3775\" srcset=\"https:\/\/middel-online.de\/wp-content\/uploads\/2021\/02\/Moritz2002S_0004-1024x726.jpg 1024w, https:\/\/middel-online.de\/wp-content\/uploads\/2021\/02\/Moritz2002S_0004-300x213.jpg 300w, https:\/\/middel-online.de\/wp-content\/uploads\/2021\/02\/Moritz2002S_0004-768x545.jpg 768w, https:\/\/middel-online.de\/wp-content\/uploads\/2021\/02\/Moritz2002S_0004.jpg 1083w\" sizes=\"auto, (max-width: 1024px) 100vw, 1024px\" \/><\/figure>\n\n\n\nngg_shortcode_0_placeholder\n","protected":false},"excerpt":{"rendered":"<p>Sommerurlaub 2002 Champf\u00e9r nahe St. Moritz anl\u00e4\u00dflich unseres 30-j\u00e4hrigen Kennenlernfestes&nbsp;<\/p>\n","protected":false},"author":1,"featured_media":0,"parent":0,"menu_order":0,"comment_status":"closed","ping_status":"closed","template":"","meta":{"ngg_post_thumbnail":0,"footnotes":""},"class_list":["post-9293","page","type-page","status-publish","hentry"],"_links":{"self":[{"href":"https:\/\/middel-online.de\/index.php?rest_route=\/wp\/v2\/pages\/9293","targetHints":{"allow":["GET"]}}],"collection":[{"href":"https:\/\/middel-online.de\/index.php?rest_route=\/wp\/v2\/pages"}],"about":[{"href":"https:\/\/middel-online.de\/index.php?rest_route=\/wp\/v2\/types\/page"}],"author":[{"embeddable":true,"href":"https:\/\/middel-online.de\/index.php?rest_route=\/wp\/v2\/users\/1"}],"replies":[{"embeddable":true,"href":"https:\/\/middel-online.de\/index.php?rest_route=%2Fwp%2Fv2%2Fcomments&post=9293"}],"version-history":[{"count":4,"href":"https:\/\/middel-online.de\/index.php?rest_route=\/wp\/v2\/pages\/9293\/revisions"}],"predecessor-version":[{"id":10182,"href":"https:\/\/middel-online.de\/index.php?rest_route=\/wp\/v2\/pages\/9293\/revisions\/10182"}],"wp:attachment":[{"href":"https:\/\/middel-online.de\/index.php?rest_route=%2Fwp%2Fv2%2Fmedia&parent=9293"}],"curies":[{"name":"wp","href":"https:\/\/api.w.org\/{rel}","templated":true}]}}