{"id":8352,"date":"2021-02-17T09:55:08","date_gmt":"2021-02-17T08:55:08","guid":{"rendered":"https:\/\/middelweb.de\/wordpress\/?page_id=8352"},"modified":"2021-02-17T09:55:08","modified_gmt":"2021-02-17T08:55:08","slug":"katharina","status":"publish","type":"page","link":"https:\/\/middel-online.de\/?page_id=8352","title":{"rendered":"Katharina"},"content":{"rendered":"\n<p><strong>K\u00f6nigin Katharina von W\u00fcrttemberg<\/strong>&nbsp;geb. Ekaterina Pawlowna Gro\u00dff\u00fcrstin von Holstein-Gottorp, geb. 21. Mai 1788 als russische Gro\u00dff\u00fcrstin. Vater: Zar Paul, Mutter: Maria Feodorowna. Gro\u00dfmutter: Katharina die Gro\u00dfe. Bruder: Zar Alexander I. 1. Ehe: Prinz Georg von Holstein-Oldenburg<\/p>\n\n\n\n<figure class=\"wp-block-image size-large\"><img loading=\"lazy\" decoding=\"async\" width=\"469\" height=\"565\" src=\"https:\/\/middelweb.de\/wordpress\/wp-content\/uploads\/2021\/02\/katharina.jpg\" alt=\"\" class=\"wp-image-8353\" srcset=\"https:\/\/middel-online.de\/wp-content\/uploads\/2021\/02\/katharina.jpg 469w, https:\/\/middel-online.de\/wp-content\/uploads\/2021\/02\/katharina-249x300.jpg 249w\" sizes=\"auto, (max-width: 469px) 100vw, 469px\" \/><\/figure>\n\n\n\n<p>In 2. Ehe heiratet sie am 24.01.1816 in Sankt-Petersburg ihren Vetter K\u00f6nig Wilhelm I. von W\u00fcrttemberg (* 27. Sep 1781 in L\u00fcben(Schlesien) \u2020 25. Jun 1864, Villa Rosenstein bei Stuttgart &#8211; 30.10.1816 K\u00f6nig Wilhelm I (nach T.K.Friedrich)<\/p>\n\n\n\n<p>Als K\u00f6nigin ist Katherina in W\u00fcrttemberg sehr popul\u00e4r geworden, besonders wegen ihres sozialen Engagements: Die Gr\u00fcndung des Katharinenstifts (17.08.1818) in Stuttgart geht auf sie zur\u00fcck, ebenso das Katharinenhospital (1820), Kinderanstalten, die erste w\u00fcrttembergische Sparkasse (27.02.1818), das heutige Volksfest (28.09.1818), die Uni Hohenheim (20.11.1818) u. a. Das alles in nur knapp 3 Jahren, die Katharina K\u00f6nigin war, und das meiste mit nachhaltigen Wirkungen f\u00fcr W\u00fcrttemberg. &#8211; Die Popularit\u00e4t Katharinas spiegelt sich auch in den h\u00e4ufig nach ihr benannten Katharinenlinden u. a. Katharinendenkmalen. &#8211; Sparkassen-Gr\u00fcndung<\/p>\n\n\n\n<p>Katharina stirbt am 09.01.1819 \u00fcberraschend und r\u00e4tselhaft an einer an sich harmlosen Erk\u00e4ltung. Die Trauer des K\u00f6nigs \u00fcber den Tod seiner geliebten Frau sei grenzenlos gewesen, hei\u00dft es offiziell. Er lie\u00df f\u00fcr sie an der Stelle des alten Stammschlosses der W\u00fcrttemberger auf dem Rotenberg das Mausoleum als Grabkapelle erbauen (Giovanni Salucci), wo sie 1824 beigesetzt wird. (Nicht offiziell best\u00e4tigt wurde die Behauptung, dass Katharina sich so schlimm erk\u00e4ltet hatte, als sie ihrem ungetreuen Ehemann heimlich und ungen\u00fcgend bekleidet nachgestiegen war, und dass sie dann auch an Herzeleid gestorben sei.)<\/p>\n","protected":false},"excerpt":{"rendered":"<p>K\u00f6nigin Katharina von W\u00fcrttemberg&nbsp;geb. Ekaterina Pawlowna Gro\u00dff\u00fcrstin von Holstein-Gottorp, geb. 21. Mai 1788 als russische Gro\u00dff\u00fcrstin. Vater: Zar Paul, Mutter: Maria Feodorowna. Gro\u00dfmutter: Katharina die Gro\u00dfe. Bruder: Zar Alexander I. 1. Ehe: Prinz Georg&#46;&#46;&#46;<\/p>\n","protected":false},"author":1,"featured_media":0,"parent":0,"menu_order":0,"comment_status":"closed","ping_status":"closed","template":"","meta":{"ngg_post_thumbnail":0,"footnotes":""},"class_list":["post-8352","page","type-page","status-publish","hentry"],"_links":{"self":[{"href":"https:\/\/middel-online.de\/index.php?rest_route=\/wp\/v2\/pages\/8352","targetHints":{"allow":["GET"]}}],"collection":[{"href":"https:\/\/middel-online.de\/index.php?rest_route=\/wp\/v2\/pages"}],"about":[{"href":"https:\/\/middel-online.de\/index.php?rest_route=\/wp\/v2\/types\/page"}],"author":[{"embeddable":true,"href":"https:\/\/middel-online.de\/index.php?rest_route=\/wp\/v2\/users\/1"}],"replies":[{"embeddable":true,"href":"https:\/\/middel-online.de\/index.php?rest_route=%2Fwp%2Fv2%2Fcomments&post=8352"}],"version-history":[{"count":1,"href":"https:\/\/middel-online.de\/index.php?rest_route=\/wp\/v2\/pages\/8352\/revisions"}],"predecessor-version":[{"id":8354,"href":"https:\/\/middel-online.de\/index.php?rest_route=\/wp\/v2\/pages\/8352\/revisions\/8354"}],"wp:attachment":[{"href":"https:\/\/middel-online.de\/index.php?rest_route=%2Fwp%2Fv2%2Fmedia&parent=8352"}],"curies":[{"name":"wp","href":"https:\/\/api.w.org\/{rel}","templated":true}]}}