{"id":7879,"date":"2021-02-14T16:25:44","date_gmt":"2021-02-14T15:25:44","guid":{"rendered":"https:\/\/middelweb.de\/wordpress\/?page_id=7879"},"modified":"2024-09-28T08:39:51","modified_gmt":"2024-09-28T07:39:51","slug":"allgaeu","status":"publish","type":"page","link":"https:\/\/middel-online.de\/?page_id=7879","title":{"rendered":"Allg\u00e4u"},"content":{"rendered":"\n<p><a href=\"https:\/\/middel-online.de\/?page_id=6662\" data-type=\"page\" data-id=\"6662\">Allg\u00e4u 1983<\/a>\u00a0<\/p>\n\n\n\n<p><a href=\"https:\/\/middel-online.de\/?page_id=7881\" data-type=\"page\" data-id=\"7881\">Allg\u00e4u 1989<\/a>\u00a0<\/p>\n\n\n\n<p><a href=\"https:\/\/middel-online.de\/?page_id=8187\" data-type=\"page\" data-id=\"8187\">Allg\u00e4u 1991<\/a>\u00a0<\/p>\n\n\n\n<p><a href=\"https:\/\/middel-online.de\/?page_id=8191\" data-type=\"page\" data-id=\"8191\">Allg\u00e4u 1992<\/a><\/p>\n\n\n\n<p><a href=\"https:\/\/middel-online.de\/?page_id=8195\" data-type=\"page\" data-id=\"8195\">Allg\u00e4u 1993<\/a><\/p>\n\n\n\n<p><a href=\"https:\/\/middel-online.de\/?page_id=8200\" data-type=\"page\" data-id=\"8200\">Allg\u00e4u 1994<\/a><\/p>\n\n\n\n<p><a href=\"https:\/\/middel-online.de\/?page_id=8206\" data-type=\"page\" data-id=\"8206\">Allg\u00e4u 1997<\/a><\/p>\n\n\n\n<p><a href=\"https:\/\/middel-online.de\/?page_id=8217\" data-type=\"page\" data-id=\"8217\">Allg\u00e4u 1998<\/a><\/p>\n","protected":false},"excerpt":{"rendered":"<p>Allg\u00e4u 1983\u00a0 Allg\u00e4u 1989\u00a0 Allg\u00e4u 1991\u00a0 Allg\u00e4u 1992 Allg\u00e4u 1993 Allg\u00e4u 1994 Allg\u00e4u 1997 Allg\u00e4u 1998<\/p>\n","protected":false},"author":1,"featured_media":0,"parent":0,"menu_order":0,"comment_status":"closed","ping_status":"closed","template":"","meta":{"ngg_post_thumbnail":0,"footnotes":""},"class_list":["post-7879","page","type-page","status-publish","hentry"],"_links":{"self":[{"href":"https:\/\/middel-online.de\/index.php?rest_route=\/wp\/v2\/pages\/7879","targetHints":{"allow":["GET"]}}],"collection":[{"href":"https:\/\/middel-online.de\/index.php?rest_route=\/wp\/v2\/pages"}],"about":[{"href":"https:\/\/middel-online.de\/index.php?rest_route=\/wp\/v2\/types\/page"}],"author":[{"embeddable":true,"href":"https:\/\/middel-online.de\/index.php?rest_route=\/wp\/v2\/users\/1"}],"replies":[{"embeddable":true,"href":"https:\/\/middel-online.de\/index.php?rest_route=%2Fwp%2Fv2%2Fcomments&post=7879"}],"version-history":[{"count":4,"href":"https:\/\/middel-online.de\/index.php?rest_route=\/wp\/v2\/pages\/7879\/revisions"}],"predecessor-version":[{"id":12463,"href":"https:\/\/middel-online.de\/index.php?rest_route=\/wp\/v2\/pages\/7879\/revisions\/12463"}],"wp:attachment":[{"href":"https:\/\/middel-online.de\/index.php?rest_route=%2Fwp%2Fv2%2Fmedia&parent=7879"}],"curies":[{"name":"wp","href":"https:\/\/api.w.org\/{rel}","templated":true}]}}