{"id":7213,"date":"2021-02-13T09:49:23","date_gmt":"2021-02-13T08:49:23","guid":{"rendered":"https:\/\/middelweb.de\/wordpress\/?page_id=7213"},"modified":"2025-06-26T13:02:08","modified_gmt":"2025-06-26T12:02:08","slug":"schweiz","status":"publish","type":"page","link":"https:\/\/middel-online.de\/?page_id=7213","title":{"rendered":"Schweiz"},"content":{"rendered":"\n<figure class=\"wp-block-image size-large\"><img loading=\"lazy\" decoding=\"async\" width=\"754\" height=\"977\" src=\"https:\/\/middelweb.de\/wordpress\/wp-content\/uploads\/2021\/02\/Schweiz.jpg\" alt=\"\" class=\"wp-image-7295\" srcset=\"https:\/\/middel-online.de\/wp-content\/uploads\/2021\/02\/Schweiz.jpg 754w, https:\/\/middel-online.de\/wp-content\/uploads\/2021\/02\/Schweiz-232x300.jpg 232w\" sizes=\"auto, (max-width: 754px) 100vw, 754px\" \/><\/figure>\n\n\n\n<p><a href=\"https:\/\/middel-online.de\/?page_id=7221\" data-type=\"page\" data-id=\"7221\">Arosa 1999<\/a><\/p>\n\n\n\n<p>Ascona <a href=\"https:\/\/middel-online.de\/?page_id=5549\" data-type=\"page\" data-id=\"5549\">2001<\/a>, <a href=\"https:\/\/middel-online.de\/?page_id=5677\" data-type=\"page\" data-id=\"5677\">2005<\/a><\/p>\n\n\n\n<p><a href=\"https:\/\/middel-online.de\/?page_id=7280\" data-type=\"page\" data-id=\"7280\">Beatenberg 1999<\/a>&nbsp;<\/p>\n\n\n\n<p><a href=\"https:\/\/middel-online.de\/?page_id=7068\" data-type=\"page\" data-id=\"7068\">Brissago 1998<\/a>&nbsp;<\/p>\n\n\n\n<p>Champfer <a href=\"https:\/\/middel-online.de\/?page_id=5657\" data-type=\"page\" data-id=\"5657\">Sommer 2005<\/a>, <a href=\"https:\/\/middel-online.de\/?page_id=9301\" data-type=\"page\" data-id=\"9301\">2006<\/a>, <a href=\"https:\/\/middel-online.de\/?page_id=5558\" data-type=\"page\" data-id=\"5558\">2007<\/a><\/p>\n\n\n\n<p class=\"has-small-font-size\">Champf\u00e8r ist ein Dorf im Oberengadin zwischen Silvaplana und St. Moritz. Die Grenze zwischen den zwei Gemeinden verl\u00e4uft entlang dem Bach Ova da Suvretta quer durch das Dorf. Politisch geh\u00f6rt Champf\u00e8r sowohl zu St. Moritz als auch zu Silvaplana. Champf\u00e8r wurde im Jahre 1883 mit einer Neinstimme an der Gemeindeversammlung nicht zum selbst\u00e4ndigen Dorf best\u00e4tigt. S\u00fcdlich des Dorfes liegt der Lej da Champf\u00e8r, der n\u00f6rdliche Teil des Lej da Silvaplauna.<\/p>\n\n\n\n<p>Davos <a href=\"https:\/\/middel-online.de\/?page_id=7507\" data-type=\"page\" data-id=\"7507\">1998<\/a>, <a href=\"https:\/\/middel-online.de\/?page_id=5449\" data-type=\"page\" data-id=\"5449\">2001<\/a>, <a href=\"https:\/\/middel-online.de\/?page_id=9173\" data-type=\"page\" data-id=\"9173\">2001 Herbst<\/a><\/p>\n\n\n\n<p>Wengen <a href=\"https:\/\/middelweb.de\/wordpress\/?page_id=5318\" data-type=\"page\" data-id=\"5318\">2000<\/a>, <a href=\"https:\/\/middelweb.de\/wordpress\/?page_id=8981\" data-type=\"page\" data-id=\"8981\">2000 Herbst<\/a>, <a href=\"https:\/\/middelweb.de\/wordpress\/?page_id=5321\" data-type=\"page\" data-id=\"5321\">2001<\/a><\/p>\n\n\n\n<p>St. Moritz <a href=\"https:\/\/middel-online.de\/?page_id=4918\" data-type=\"page\" data-id=\"4918\">1998<\/a>, <a href=\"https:\/\/middel-online.de\/?page_id=5380\" data-type=\"page\" data-id=\"5380\">2000<\/a>, <a href=\"https:\/\/middel-online.de\/?page_id=9293\" data-type=\"page\" data-id=\"9293\">2002<\/a>, <a href=\"https:\/\/middel-online.de\/?page_id=9293\" data-type=\"page\" data-id=\"9293\">2002 Sommer<\/a>, <a href=\"https:\/\/middel-online.de\/?page_id=5783\" data-type=\"page\" data-id=\"5783\">2003<\/a>. <a href=\"https:\/\/middel-online.de\/?page_id=5765\" data-type=\"page\" data-id=\"5765\">2003 Sommer<\/a>, <a href=\"https:\/\/middel-online.de\/?page_id=5685\" data-type=\"page\" data-id=\"5685\">2004<\/a>, <a href=\"https:\/\/middel-online.de\/?page_id=5632\" data-type=\"page\" data-id=\"5632\">2004 Sommer<\/a><\/p>\n\n\n\n<p><a href=\"https:\/\/middel-online.de\/?page_id=5906\" data-type=\"page\" data-id=\"5906\">Zermatt 2001<\/a><\/p>\n\n\n\n<p><a href=\"https:\/\/middel-online.de\/?page_id=7229\" data-type=\"page\" data-id=\"7229\">Engelberg 2004<\/a><\/p>\n\n\n\n<p>Sils Maria <a href=\"https:\/\/middel-online.de\/?page_id=5368\" data-type=\"page\" data-id=\"5368\">2005<\/a>. <a href=\"https:\/\/middel-online.de\/?page_id=5623\" data-type=\"page\" data-id=\"5623\">2006<\/a>, <a href=\"https:\/\/middel-online.de\/?page_id=5574\" data-type=\"page\" data-id=\"5574\">2007<\/a><\/p>\n\n\n\n<p>Wallis <a href=\"https:\/\/middel-online.de\/?page_id=7424\" data-type=\"page\" data-id=\"7424\">Morgins<\/a><\/p>\n\n\n\n<p><\/p>\n","protected":false},"excerpt":{"rendered":"<p>Arosa 1999 Ascona 2001, 2005 Beatenberg 1999&nbsp; Brissago 1998&nbsp; Champfer Sommer 2005, 2006, 2007 Champf\u00e8r ist ein Dorf im Oberengadin zwischen Silvaplana und St. Moritz. Die Grenze zwischen den zwei Gemeinden verl\u00e4uft entlang dem&#46;&#46;&#46;<\/p>\n","protected":false},"author":1,"featured_media":0,"parent":0,"menu_order":0,"comment_status":"closed","ping_status":"closed","template":"","meta":{"ngg_post_thumbnail":0,"footnotes":""},"class_list":["post-7213","page","type-page","status-publish","hentry"],"_links":{"self":[{"href":"https:\/\/middel-online.de\/index.php?rest_route=\/wp\/v2\/pages\/7213","targetHints":{"allow":["GET"]}}],"collection":[{"href":"https:\/\/middel-online.de\/index.php?rest_route=\/wp\/v2\/pages"}],"about":[{"href":"https:\/\/middel-online.de\/index.php?rest_route=\/wp\/v2\/types\/page"}],"author":[{"embeddable":true,"href":"https:\/\/middel-online.de\/index.php?rest_route=\/wp\/v2\/users\/1"}],"replies":[{"embeddable":true,"href":"https:\/\/middel-online.de\/index.php?rest_route=%2Fwp%2Fv2%2Fcomments&post=7213"}],"version-history":[{"count":22,"href":"https:\/\/middel-online.de\/index.php?rest_route=\/wp\/v2\/pages\/7213\/revisions"}],"predecessor-version":[{"id":13287,"href":"https:\/\/middel-online.de\/index.php?rest_route=\/wp\/v2\/pages\/7213\/revisions\/13287"}],"wp:attachment":[{"href":"https:\/\/middel-online.de\/index.php?rest_route=%2Fwp%2Fv2%2Fmedia&parent=7213"}],"curies":[{"name":"wp","href":"https:\/\/api.w.org\/{rel}","templated":true}]}}