{"id":6875,"date":"2021-02-12T18:54:40","date_gmt":"2021-02-12T17:54:40","guid":{"rendered":"https:\/\/middelweb.de\/wordpress\/?page_id=6875"},"modified":"2024-02-27T14:27:37","modified_gmt":"2024-02-27T13:27:37","slug":"prag-1992","status":"publish","type":"page","link":"https:\/\/middel-online.de\/?page_id=6875","title":{"rendered":"Prag 1992"},"content":{"rendered":"\n<figure class=\"wp-block-image size-large is-resized\"><img loading=\"lazy\" decoding=\"async\" width=\"1024\" height=\"670\" src=\"https:\/\/middelweb.de\/wordpress\/wp-content\/uploads\/2021\/02\/Prag92_0006-1024x670.jpg\" alt=\"\" class=\"wp-image-6885\" style=\"width:542px;height:354px\" srcset=\"https:\/\/middel-online.de\/wp-content\/uploads\/2021\/02\/Prag92_0006-1024x670.jpg 1024w, https:\/\/middel-online.de\/wp-content\/uploads\/2021\/02\/Prag92_0006-300x196.jpg 300w, https:\/\/middel-online.de\/wp-content\/uploads\/2021\/02\/Prag92_0006-768x502.jpg 768w, https:\/\/middel-online.de\/wp-content\/uploads\/2021\/02\/Prag92_0006-1536x1005.jpg 1536w, https:\/\/middel-online.de\/wp-content\/uploads\/2021\/02\/Prag92_0006.jpg 1717w\" sizes=\"auto, (max-width: 1024px) 100vw, 1024px\" \/><\/figure>\n\n\n\n<figure class=\"wp-block-image size-large\"><img loading=\"lazy\" decoding=\"async\" width=\"745\" height=\"1024\" src=\"https:\/\/middelweb.de\/wordpress\/wp-content\/uploads\/2021\/02\/Prag_1992_11-745x1024.jpg\" alt=\"\" class=\"wp-image-6878\" srcset=\"https:\/\/middel-online.de\/wp-content\/uploads\/2021\/02\/Prag_1992_11-745x1024.jpg 745w, https:\/\/middel-online.de\/wp-content\/uploads\/2021\/02\/Prag_1992_11-218x300.jpg 218w, https:\/\/middel-online.de\/wp-content\/uploads\/2021\/02\/Prag_1992_11.jpg 768w\" sizes=\"auto, (max-width: 745px) 100vw, 745px\" \/><\/figure>\n\n\n\n<figure class=\"wp-block-image size-large\"><img loading=\"lazy\" decoding=\"async\" width=\"975\" height=\"1024\" src=\"https:\/\/middelweb.de\/wordpress\/wp-content\/uploads\/2021\/02\/Prag92-975x1024.jpg\" alt=\"\" class=\"wp-image-6879\" srcset=\"https:\/\/middel-online.de\/wp-content\/uploads\/2021\/02\/Prag92-975x1024.jpg 975w, https:\/\/middel-online.de\/wp-content\/uploads\/2021\/02\/Prag92-286x300.jpg 286w, https:\/\/middel-online.de\/wp-content\/uploads\/2021\/02\/Prag92-768x807.jpg 768w, https:\/\/middel-online.de\/wp-content\/uploads\/2021\/02\/Prag92-1462x1536.jpg 1462w, https:\/\/middel-online.de\/wp-content\/uploads\/2021\/02\/Prag92-1949x2048.jpg 1949w\" sizes=\"auto, (max-width: 975px) 100vw, 975px\" \/><\/figure>\n\n\n\n<figure class=\"wp-block-image\"><img decoding=\"async\" src=\"http:\/\/www.rainermiddel.de\/joomla25\/images\/Prag92_0002.jpg\" alt=\"\"\/><\/figure>\n\n\n\n<figure class=\"wp-block-image size-large\"><img loading=\"lazy\" decoding=\"async\" width=\"1024\" height=\"518\" src=\"https:\/\/middelweb.de\/wordpress\/wp-content\/uploads\/2021\/02\/Prag92_0003-1024x518.jpg\" alt=\"\" class=\"wp-image-6881\" srcset=\"https:\/\/middel-online.de\/wp-content\/uploads\/2021\/02\/Prag92_0003-1024x518.jpg 1024w, https:\/\/middel-online.de\/wp-content\/uploads\/2021\/02\/Prag92_0003-300x152.jpg 300w, https:\/\/middel-online.de\/wp-content\/uploads\/2021\/02\/Prag92_0003-768x388.jpg 768w, https:\/\/middel-online.de\/wp-content\/uploads\/2021\/02\/Prag92_0003-1536x776.jpg 1536w, https:\/\/middel-online.de\/wp-content\/uploads\/2021\/02\/Prag92_0003-2048x1035.jpg 2048w\" sizes=\"auto, (max-width: 1024px) 100vw, 1024px\" \/><\/figure>\n\n\n\n<figure class=\"wp-block-image size-large\"><img loading=\"lazy\" decoding=\"async\" width=\"1024\" height=\"470\" src=\"https:\/\/middelweb.de\/wordpress\/wp-content\/uploads\/2021\/02\/Prag92_0004-1024x470.jpg\" alt=\"\" class=\"wp-image-6877\" srcset=\"https:\/\/middel-online.de\/wp-content\/uploads\/2021\/02\/Prag92_0004-1024x470.jpg 1024w, https:\/\/middel-online.de\/wp-content\/uploads\/2021\/02\/Prag92_0004-300x138.jpg 300w, https:\/\/middel-online.de\/wp-content\/uploads\/2021\/02\/Prag92_0004-768x353.jpg 768w, https:\/\/middel-online.de\/wp-content\/uploads\/2021\/02\/Prag92_0004-1536x706.jpg 1536w, https:\/\/middel-online.de\/wp-content\/uploads\/2021\/02\/Prag92_0004-2048x941.jpg 2048w, https:\/\/middel-online.de\/wp-content\/uploads\/2021\/02\/Prag92_0004-980x450.jpg 980w\" sizes=\"auto, (max-width: 1024px) 100vw, 1024px\" \/><\/figure>\n\n\n\n<figure class=\"wp-block-image size-large\"><img loading=\"lazy\" decoding=\"async\" width=\"731\" height=\"1024\" src=\"https:\/\/middelweb.de\/wordpress\/wp-content\/uploads\/2021\/02\/Prag92_0005-1-731x1024.jpg\" alt=\"\" class=\"wp-image-6884\" srcset=\"https:\/\/middel-online.de\/wp-content\/uploads\/2021\/02\/Prag92_0005-1-731x1024.jpg 731w, https:\/\/middel-online.de\/wp-content\/uploads\/2021\/02\/Prag92_0005-1-214x300.jpg 214w, https:\/\/middel-online.de\/wp-content\/uploads\/2021\/02\/Prag92_0005-1-768x1076.jpg 768w, https:\/\/middel-online.de\/wp-content\/uploads\/2021\/02\/Prag92_0005-1-1096x1536.jpg 1096w, https:\/\/middel-online.de\/wp-content\/uploads\/2021\/02\/Prag92_0005-1-1462x2048.jpg 1462w, https:\/\/middel-online.de\/wp-content\/uploads\/2021\/02\/Prag92_0005-1-scaled.jpg 1827w\" sizes=\"auto, (max-width: 731px) 100vw, 731px\" \/><\/figure>\n\n\n\n<p>Prag, das magische Labyrinth, mag es paradox und wird wahrscheinlich gerade deshalb von seinen 1,2 Millionen Einwohnern so hei\u00df geliebt. Man k\u00f6nnte es auch als ,,kafkaesk&#8220; beschreiben, und welche Stadt w\u00e4re f\u00fcr diese Bezeichnungbesser geeignet als Prag? Aber auch die j\u00fcngeren Manifestationen des 20. Jahrhunderts verdienen Beachtung, selbst wenn sie weniger ber\u00fchmt sind. Bevor Prag unter sowjetische Herrschaft geriet, erlebte es beispielsweise eine kurze, aber intensive Periode architektonischer Kreativit\u00e4t, in der sich nach der Sezession, der funktionalistisch interpretierten Prager Version des Jugendstils, ein avantgardistisch-kubistischer Baustil entwickelte. In erster Linie war dies der Verdienst tschechischer Architekten, die aus der Wiener Otto-Wagner-Schule hervorgingen, von Adolf Loos, der eine au\u00dfergew\u00f6hnliche Villa im Stadtteil Stresovice entwarf, und von Oldrich Tyl und Josef Fuchs, den Architekten des futuristischen Messepalastes, dem sogar Le Corbusier 1928 Bewunderung zollte. Heute ist darin das  f\u00fcr moderne und zeitgen\u00f6ssische Kunst untergebracht.<\/p>\n\n\n\n<p>F\u00fcr viele ist Prag &#8211; das sch\u00f6ne, ber\u00fchmte Prag &#8211; gleichbedeutend mit dem pr\u00e4chtigen Barockstil des Mal\u00e1 Strana, dem malerischen K\u00fcnstlerviertel, mit der Karls-Universit\u00e4t und mit der herausragenden Bibliothek des Klementinums. Es ist aber auch die Stadt der Gotik, wie sie in Star\u00e9 Mesto vorherrscht, der Altstadt&#8220; rund um den Platz Starometsk\u00e9 N\u00e1mest\u00ed, der von dem eindrucksvollen Rathausturm aus dem 14. Jahrhundert dominiert wird. Und nicht zuletzt sind Prag und seine Geschichte untrennbar mit den herrlichen Statuen auf der Karlsbr\u00fccke verkn\u00fcpft, der sch\u00f6nsten Br\u00fccke der Stadt.<\/p>\n\n\n\n<p>Interessanterweise entsteht jedoch die architektonische Harmonie, die Prag zu einer der faszinierendsten Hauptst\u00e4dte Europas und der ganzen Welt macht, durch das unbek\u00fcmmerte Vermischen aller m\u00f6glichen Stilrichtungen, wie es K\u00fcnstler und Architekten in der Vergangenheit immer wieder praktizierten.<\/p>\n\n\n\n<p>So gelang es beispielsweise Johann Blasius Santini Aichel im 18. Jahrhundert immer wieder, bei Renovierungsarbeiten an \u00e4lteren H\u00e4usern im Star\u00e9 Mesto, aber auch bei Neubauten Gotik und Rokoko miteinander zu verschmelzen, was ihm viele Jahre nach seinem Tod noch den Namenszusatz ,,der Gaud\u00ed des 18. Jahrhunderts&#8220; einbrachte. Ende des 19. Jahrhunderts wurde die Stadt von einer neogotischen Str\u00f6mung \u00fcberschwemmt, die in Erinnerungen an die Zeit schwelgte, als Prag unter der Herrschaft Karls IV., dem Kaiser des Heiligen R\u00f6mischen Reiches, von 1346 bis 1378 eine Bl\u00fctezeit erlebte. Aus diesem Grund erhebt sich die St. &#8211; Vitus Kathedrale auch im dramatisch wirken den gotischen&#8220; Stil (der gr\u00f6\u00dfte Teil der Kirche wurde erst nach 1871 erbaut) auf einem H\u00fcgel am linken Moldau-Ufer. Sie geh\u00f6rt zum Prager Hradschin (Hrad\u010dany), der 260 000 m\u00b2 gro\u00dfen Burganlage, die als Wahrzeichen Prags gilt. Der Hradschin selbst wurde zwischen 1928 und 1932 nach 40 Besitzern und 30 Pl\u00fcnderungen bzw. Br\u00e4nden komplett renoviert und. neu gestaltet. <\/p>\n\n\n\nngg_shortcode_0_placeholder\n","protected":false},"excerpt":{"rendered":"<p>Prag, das magische Labyrinth, mag es paradox und wird wahrscheinlich gerade deshalb von seinen 1,2 Millionen Einwohnern so hei\u00df geliebt. Man k\u00f6nnte es auch als ,,kafkaesk&#8220; beschreiben, und welche Stadt w\u00e4re f\u00fcr diese Bezeichnungbesser&#46;&#46;&#46;<\/p>\n","protected":false},"author":1,"featured_media":0,"parent":0,"menu_order":0,"comment_status":"closed","ping_status":"closed","template":"","meta":{"ngg_post_thumbnail":0,"footnotes":""},"class_list":["post-6875","page","type-page","status-publish","hentry"],"_links":{"self":[{"href":"https:\/\/middel-online.de\/index.php?rest_route=\/wp\/v2\/pages\/6875","targetHints":{"allow":["GET"]}}],"collection":[{"href":"https:\/\/middel-online.de\/index.php?rest_route=\/wp\/v2\/pages"}],"about":[{"href":"https:\/\/middel-online.de\/index.php?rest_route=\/wp\/v2\/types\/page"}],"author":[{"embeddable":true,"href":"https:\/\/middel-online.de\/index.php?rest_route=\/wp\/v2\/users\/1"}],"replies":[{"embeddable":true,"href":"https:\/\/middel-online.de\/index.php?rest_route=%2Fwp%2Fv2%2Fcomments&post=6875"}],"version-history":[{"count":6,"href":"https:\/\/middel-online.de\/index.php?rest_route=\/wp\/v2\/pages\/6875\/revisions"}],"predecessor-version":[{"id":11602,"href":"https:\/\/middel-online.de\/index.php?rest_route=\/wp\/v2\/pages\/6875\/revisions\/11602"}],"wp:attachment":[{"href":"https:\/\/middel-online.de\/index.php?rest_route=%2Fwp%2Fv2%2Fmedia&parent=6875"}],"curies":[{"name":"wp","href":"https:\/\/api.w.org\/{rel}","templated":true}]}}