{"id":638,"date":"2021-02-02T14:52:16","date_gmt":"2021-02-02T13:52:16","guid":{"rendered":"https:\/\/middelweb.de\/wordpress\/?page_id=638"},"modified":"2021-02-02T14:52:17","modified_gmt":"2021-02-02T13:52:17","slug":"weltmeere","status":"publish","type":"page","link":"https:\/\/middel-online.de\/?page_id=638","title":{"rendered":"Weltmeere"},"content":{"rendered":"\n<p>Der Begriff Weltmeer wird f\u00fcr alle&nbsp;<a href=\"http:\/\/de.wikipedia.org\/wiki\/Ozean\">Ozeane<\/a>&nbsp;(inklusive&nbsp;<a href=\"http:\/\/de.wikipedia.org\/wiki\/Nebenmeer\">Nebenmeere<\/a>) gebraucht, da alle Ozeane miteinander verbunden sind.<\/p>\n\n\n\n<p>Historisch sprach man von den Sieben Weltmeeren, die neben Atlantik, Pazifik und Indischem Ozean auch die Karibik, das Mittelmeer, das&nbsp;<a href=\"http:\/\/de.wikipedia.org\/wiki\/Gelbe_Meer\">Gelbe Meer<\/a>&nbsp;und&nbsp;<a href=\"http:\/\/de.wikipedia.org\/wiki\/Ostsee\">Ostsee<\/a>&nbsp;umfassten (oder auch andere Meere, die heute als Nebenmeere angesehen werden, wie z.B. das&nbsp;<a href=\"http:\/\/de.wikipedia.org\/wiki\/Schwarze_Meer\">Schwarze Meer<\/a>&nbsp;oder die&nbsp;<a href=\"http:\/\/de.wikipedia.org\/wiki\/Nordsee\">Nordsee<\/a>).<\/p>\n\n\n\n<p>Zu den sieben Weltmeeren, nach&nbsp;<a href=\"http:\/\/de.wikipedia.org\/wiki\/Rudyard_Kipling\">Rudyard Kipling<\/a>, geh\u00f6ren<\/p>\n\n\n\n<p>1. Nord-Atlantik<br>2. S\u00fcd-Atlantik<br>3. Nord-Pazifik, der n\u00f6rdliche&nbsp;<a href=\"http:\/\/de.wikipedia.org\/wiki\/Pazifischer_Ozean\">Stille Ozean<\/a><br>4. S\u00fcd-Pazifik, der s\u00fcdliche Stille Ozean<br>5. Indischer Ozean<br>6. Nord-Polarmeer, das n\u00f6rdliche&nbsp;<a href=\"http:\/\/de.wikipedia.org\/wiki\/Arktischer_Ozean\">Eismeer<\/a><br>7. S\u00fcd-Polarmeer (dichterische Freiheit, aber man weiss, was gemeint ist), das s\u00fcdliche Eismeer.<\/p>\n\n\n\n<p>Es gibt nat\u00fcrlich die bekannten drei &#8222;Ozeane&#8220; (atlantischer, pazifischer und indischer Ozean) dazu gibt es noch acht (!) &#8222;Mittelmeere&#8220;, also weitgehend von Landmassen umschlossene Nebenmeere eines Ozeans. Diese unterteilt man in vier gro\u00dfe (das Arktische (Nordpolarmeer), das Amerikanische (Karibische See und Golf von Mexiko), das Australische (Begrenzt von den Sundainseln, Australien, Neuguinea, den Philippinen und dem asiatischen Festland), und unser Europ\u00e4isches Mittelmeer. Wegen ihrer Bedeutung wurden sie fr\u00fcher als selbstst\u00e4ndige Meere betrachtet und zu den &#8222;Sieben Weltmeeren&#8220; gez\u00e4hlt.<br><br>Die restlichen &#8222;Kleinen Mittelmeere&#8220; sind: Ostsee, Hudson Bay, Rotes Meer und Persischer Golf. Au\u00dferdem gibt es noch Randmeere, die lediglich breite Einbuchtungen von Landmassen darstellen (Bsp.: Nordsee).<\/p>\n","protected":false},"excerpt":{"rendered":"<p>Der Begriff Weltmeer wird f\u00fcr alle&nbsp;Ozeane&nbsp;(inklusive&nbsp;Nebenmeere) gebraucht, da alle Ozeane miteinander verbunden sind. Historisch sprach man von den Sieben Weltmeeren, die neben Atlantik, Pazifik und Indischem Ozean auch die Karibik, das Mittelmeer, das&nbsp;Gelbe Meer&nbsp;und&nbsp;Ostsee&nbsp;umfassten&#46;&#46;&#46;<\/p>\n","protected":false},"author":1,"featured_media":0,"parent":0,"menu_order":0,"comment_status":"closed","ping_status":"closed","template":"","meta":{"ngg_post_thumbnail":0,"footnotes":""},"class_list":["post-638","page","type-page","status-publish","hentry"],"_links":{"self":[{"href":"https:\/\/middel-online.de\/index.php?rest_route=\/wp\/v2\/pages\/638","targetHints":{"allow":["GET"]}}],"collection":[{"href":"https:\/\/middel-online.de\/index.php?rest_route=\/wp\/v2\/pages"}],"about":[{"href":"https:\/\/middel-online.de\/index.php?rest_route=\/wp\/v2\/types\/page"}],"author":[{"embeddable":true,"href":"https:\/\/middel-online.de\/index.php?rest_route=\/wp\/v2\/users\/1"}],"replies":[{"embeddable":true,"href":"https:\/\/middel-online.de\/index.php?rest_route=%2Fwp%2Fv2%2Fcomments&post=638"}],"version-history":[{"count":1,"href":"https:\/\/middel-online.de\/index.php?rest_route=\/wp\/v2\/pages\/638\/revisions"}],"predecessor-version":[{"id":639,"href":"https:\/\/middel-online.de\/index.php?rest_route=\/wp\/v2\/pages\/638\/revisions\/639"}],"wp:attachment":[{"href":"https:\/\/middel-online.de\/index.php?rest_route=%2Fwp%2Fv2%2Fmedia&parent=638"}],"curies":[{"name":"wp","href":"https:\/\/api.w.org\/{rel}","templated":true}]}}