{"id":636,"date":"2021-02-02T14:51:30","date_gmt":"2021-02-02T13:51:30","guid":{"rendered":"https:\/\/middelweb.de\/wordpress\/?page_id=636"},"modified":"2021-05-01T10:43:02","modified_gmt":"2021-05-01T09:43:02","slug":"latein","status":"publish","type":"page","link":"https:\/\/middel-online.de\/?page_id=636","title":{"rendered":"Latein"},"content":{"rendered":"\n<figure class=\"wp-block-table\"><table><tbody><tr><td><strong>Zitat<\/strong><\/td><td><strong>\u00dcbersetzung<\/strong><\/td><\/tr><tr><td>Alea iacta est.<\/td><td>Der W\u00fcrfel ist gefallen.<\/td><\/tr><tr><td>Carpe diem!<\/td><td>Nutze den Tag!<\/td><\/tr><tr><td>Cessante causa cessat effectus<\/td><td>F\u00e4llt die Ursache fort, entf\u00e4llt&nbsp;<br>auch die Wirkung.<\/td><\/tr><tr><td>Cogito, ergo sum<\/td><td>Ich denke, also bin ich.<\/td><\/tr><tr><td>Consuetudo (quasi) altera&nbsp;<br>natura<\/td><td>Die Gewohnheit ist die zweite Natur des Menschen.<\/td><\/tr><tr><td>Contra vim mortis non est medicamen in hortis<\/td><td>Gegen den Tod ist kein Kraut&nbsp;<br>gewachsen.<\/td><\/tr><tr><td>De gustibus non est disputandum<\/td><td>\u00dcber Geschmack l\u00e4sst sich nicht streiten.<\/td><\/tr><tr><td>De mortuis nil nisi bene<\/td><td>\u00dcber die Toten nur gutes<\/td><\/tr><tr><td>Difficile est saturam non scribere<\/td><td>Es ist schwierig, (dar\u00fcber) keine satire zu schreiben<\/td><\/tr><tr><td>Dum spiro spero<\/td><td>Solange ich atme, hoffe ich.<\/td><\/tr><tr><td>Ego sum, qui sum<\/td><td>Ich bin der, der ich bin<\/td><\/tr><tr><td>Epistula non erubescit<\/td><td>Der Brief err\u00f6tet nicht. (Papier ist geduldig.)<\/td><\/tr><tr><td>Ergo bibamus<\/td><td>Drum la\u00dft uns trinken!<\/td><\/tr><tr><td>Errare humanum est<\/td><td>Irren ist menschlich<\/td><\/tr><tr><td>Ex iniuria ius non oritur<\/td><td>Aus Unrecht entsteht kein Recht<\/td><\/tr><tr><td>Favete linguis!<\/td><td>H\u00fctet eure Zungen!<\/td><\/tr><tr><td>Homines dum docent discunt<\/td><td>Menschen lernen indem sie lehren<\/td><\/tr><tr><td>Homo faber<\/td><td>Der technisch begabte Mensch<\/td><\/tr><tr><td>Homo ludens<\/td><td>Der spielende Mensch<\/td><\/tr><tr><td>Homo novus<\/td><td>Neuer Mensch, Empork\u00f6mmling<\/td><\/tr><tr><td>Homo proponit sed deus disponit<\/td><td>Der Mensch denkt, Gott lenkt<\/td><\/tr><tr><td>Homo sapiens<\/td><td>Der vernunftbegabte Mensch<\/td><\/tr><tr><td>Honoris causa<\/td><td>Ehrenhalber, wegen besonderer Verdienste<\/td><\/tr><tr><td>Ignorantia iuris nocet<\/td><td>Unkenntnis sch\u00fctzt nicht vor Strafe. (\u00fcbertragen)<\/td><\/tr><tr><td>In vino veritas<\/td><td>Im Wein liegt Wahrheit.<\/td><\/tr><tr><td>Nam quod in iuventus non discitur, in matura aetate nescitur<\/td><td>Was man in der Jugend nicht lernt, lernt man im Alter niemals.&nbsp;<\/td><\/tr><tr><td>Nec scire fas est omnia<\/td><td>Es ist unm\u00f6glich, alles zu wissen.<\/td><\/tr><tr><td>Nomen est omen<\/td><td>Frei: Name b\u00fcrgt f\u00fcr Qualit\u00e4t.<\/td><\/tr><tr><td>Non scholae, sed vitae discimus<\/td><td>Nicht f\u00fcr die Schule, sondern f\u00fcr das Leben lernen wir.<\/td><\/tr><tr><td>Nunc est bibendum<\/td><td>Jetzt la\u00dft uns trinken!<\/td><\/tr><tr><td>Plenus venter non studet libenter<\/td><td>Ein voller Bauch studiert nicht gern<\/td><\/tr><tr><td>Post cenam stabis aut passus mille meabis<\/td><td>Nach dem essen sollst du ruhen, oder tausend Schritte tun.<\/td><\/tr><tr><td>Quod erat demonstrandum (q.e.d.)<\/td><td>Was zu beweisen war.<\/td><\/tr><tr><td>Quod licet Iovi non licet bovi<\/td><td>Was Jupiter erlaubt ist, ist einem Ochsen noch lange nicht erlaubt.<\/td><\/tr><tr><td>Si tacuisses, philosophus mansisses<\/td><td>H\u00e4ttest du geschwiegen, w\u00e4rst du ein Philosoph geblieben.<\/td><\/tr><\/tbody><\/table><\/figure>\n","protected":false},"excerpt":{"rendered":"<p>Zitat \u00dcbersetzung Alea iacta est. Der W\u00fcrfel ist gefallen. Carpe diem! Nutze den Tag! Cessante causa cessat effectus F\u00e4llt die Ursache fort, entf\u00e4llt&nbsp;auch die Wirkung. Cogito, ergo sum Ich denke, also bin ich. Consuetudo&#46;&#46;&#46;<\/p>\n","protected":false},"author":1,"featured_media":0,"parent":0,"menu_order":0,"comment_status":"closed","ping_status":"closed","template":"","meta":{"ngg_post_thumbnail":0,"footnotes":""},"class_list":["post-636","page","type-page","status-publish","hentry"],"_links":{"self":[{"href":"https:\/\/middel-online.de\/index.php?rest_route=\/wp\/v2\/pages\/636","targetHints":{"allow":["GET"]}}],"collection":[{"href":"https:\/\/middel-online.de\/index.php?rest_route=\/wp\/v2\/pages"}],"about":[{"href":"https:\/\/middel-online.de\/index.php?rest_route=\/wp\/v2\/types\/page"}],"author":[{"embeddable":true,"href":"https:\/\/middel-online.de\/index.php?rest_route=\/wp\/v2\/users\/1"}],"replies":[{"embeddable":true,"href":"https:\/\/middel-online.de\/index.php?rest_route=%2Fwp%2Fv2%2Fcomments&post=636"}],"version-history":[{"count":4,"href":"https:\/\/middel-online.de\/index.php?rest_route=\/wp\/v2\/pages\/636\/revisions"}],"predecessor-version":[{"id":10054,"href":"https:\/\/middel-online.de\/index.php?rest_route=\/wp\/v2\/pages\/636\/revisions\/10054"}],"wp:attachment":[{"href":"https:\/\/middel-online.de\/index.php?rest_route=%2Fwp%2Fv2%2Fmedia&parent=636"}],"curies":[{"name":"wp","href":"https:\/\/api.w.org\/{rel}","templated":true}]}}