{"id":632,"date":"2021-02-02T14:48:54","date_gmt":"2021-02-02T13:48:54","guid":{"rendered":"https:\/\/middelweb.de\/wordpress\/?page_id=632"},"modified":"2021-03-06T11:11:41","modified_gmt":"2021-03-06T10:11:41","slug":"kantaten-waehrend-des-kirchenjahres","status":"publish","type":"page","link":"https:\/\/middel-online.de\/?page_id=632","title":{"rendered":"Kantaten w\u00e4hrend des Kirchenjahres"},"content":{"rendered":"\n<h1 class=\"wp-block-heading\"><strong>Am 1. Adventsonntag<\/strong><\/h1>\n\n\n\n<p>BWV 61 Nun komm, der Heiden Heiland<br>BWV 62 Nun komm, der Heiden Heiland<br>BWV 36 Schwingt freudig euch empor<\/p>\n\n\n\n<p><strong>Am 4. Adventsonntag<\/strong><\/p>\n\n\n\n<p>BWV 132 Bereitet die Wege, bereitet die Bahn<\/p>\n\n\n\n<p><strong>Am 1. Weihnachtsfesttag<\/strong><\/p>\n\n\n\n<p>BWV 63 Christen, \u00e4tzet diesen Tag<br>BWV 91 Gelobet seist du, Jesu Christ<br>BWV 110 Unser Mund sei voll Lachens<\/p>\n\n\n\n<p><strong>Am 2. Weihnachtsfesttag<\/strong><\/p>\n\n\n\n<p>BWV 40 Darzu ist erschienen der Sohn Gottes<br>BWV 121 Christum wir sollen loben schon<br>BWV 57 Selig ist der Man<\/p>\n\n\n\n<p><strong>Am 3. Weihnachtsfesttag<\/strong><\/p>\n\n\n\n<p>BWV 64 Sehet, welch eine Liebe hat uns der Vater erzeiget<br>BWV 133 Ich freue mich in dir<br>BWV 151 S\u00fcsser Trost, mein Jesus k\u00f6mmt<\/p>\n\n\n\n<p><strong>Am Sonntag nach Weinachten<\/strong><\/p>\n\n\n\n<p>B 152 Tritt auf die Glaubensbahn<br>BWV 122 Das neugeborne Kindelein<br>BWV 28 Gottlob! nun geht das Jahr zu Ende<\/p>\n\n\n\n<p><strong>Kantate am Neujahrstag<\/strong><\/p>\n\n\n\n<p>BWV 41 Jesu, nun sei gepreiset<br>BWV 16 Herr Gott, dich loben wir<br>BWV 171 Gott, wie dein Name, so ist auch dein Ruhm<br>BWV 143 Lobe den Herrn, meine Seele<\/p>\n\n\n\n<p><strong>Am Sonntag nach Neujahr<\/strong><\/p>\n\n\n\n<p>BWV 153 Schau, lieber Gott, wie meine Feind<br>BWV 58 Ach Gott, wie manches Herzeleid<\/p>\n\n\n\n<p><strong>Zu Epiphanias<\/strong><\/p>\n\n\n\n<p>BWV 65 Sie werden aus Saba alle kommen<br>BWV 123 Liebster Immanuel, Herzog der Frommen<\/p>\n\n\n\n<p><strong>Am 1. Sonntag nach Epiphanias<\/strong><\/p>\n\n\n\n<p>BWV 154 Mein liebster Jesus ist verloren<br>BWV 124 Meinen Jesu lass ich nicht<br>BWV 32 Liebster Jesu, mein Verlangen<\/p>\n\n\n\n<p><strong>Am 2. Sonntag nach Epiphanias<\/strong><\/p>\n\n\n\n<p>BWV 155 Mein Gott, wie lang, ach lange<br>BWV 3 Ach Gott, wie manches Herzeleid<br>BWV 13 Meine Seufzer, meine Tr\u00e4nen<\/p>\n\n\n\n<p><strong>Am 3. Sonntag nach Epiphanias<\/strong><\/p>\n\n\n\n<p>BWV 73 Herr, wie du willt, so schicks mit mir<br>BWV 111 Was mein Gott will, das g&#8217;scheh allzeit<br>BWV 72 Alles nur nach Gottes Willen<br>BWV 156 Ich steh mit einem Fuss im Grabe<\/p>\n\n\n\n<p><strong>Am 4. Sonntag nach Epiphanias<\/strong><\/p>\n\n\n\n<p>BWV 81 Jesus schl\u00e4ft, was soll ich hoffen?<br>BWV 14 W\u00e4r Gott nicht mit uns diese Zeit<\/p>\n\n\n\n<p><strong>Am Sonntag Septuagesimae<\/strong><\/p>\n\n\n\n<p>BWV 144 Nimm, was dein ist, und gehe hin<br>BWV 92 Ich hab in Gottes Herz und Sinn<br>BWV 84 Ich bin vergn\u00fcgt in meinem Gl\u00fccke<\/p>\n\n\n\n<p><strong>Am Sonntag Sexagesimae<\/strong><\/p>\n\n\n\n<p>BWV 18 Gleich wie der Regen und Schnee vom Himmel f\u00e4llt<br>BWV 181 Leichtgesinnte Flattergeister<br>BWV 126 Erhalt uns, Herr, bei deinem Wort<\/p>\n\n\n\n<p><strong>Am Sonntag Estomihi<\/strong><\/p>\n\n\n\n<p>BWV 23 Du wahrer Gott und Davids Sohn<br>BWV 22 Jesus nahm zu sich die Zw\u00f6lfe<br>BWV 127 Herr Jesu Christ, wahr&#8216; Mensch und Gott<br>BWV 159 Sehet, wir gehn hinauf gen Jerusalem<\/p>\n\n\n\n<p><strong>Am Sonntag Oculi<\/strong><\/p>\n\n\n\n<p>BWV 54 Widerstehe doch der S\u00fcnde<\/p>\n\n\n\n<p><strong>Am Palmsonntag<\/strong><\/p>\n\n\n\n<p>BWV 182 Himmelsk\u00f6nig, sei willkommen<\/p>\n\n\n\n<p><strong>Am 1. Osterfesttag<\/strong><\/p>\n\n\n\n<p>BWV 4 Christ lag in Todes Banden<br>BWV 31 Der Himmel lacht! die Erde jubilieret<\/p>\n\n\n\n<p><strong>Am 2. Osterfesttag<\/strong><\/p>\n\n\n\n<p>BWV 66 Erfreut Euch, ihr Herzen<br>BWV 6 Bleib bei uns, denn es will Abend werden<\/p>\n\n\n\n<p><strong>Am 3. Osterfesttag<\/strong><\/p>\n\n\n\n<p>BWV 134 Ein Herz, das seinen Jesum lebend weiss<br>BWV 145 Ich lebe, mein Herze, zu deinem Erg\u00f6tzen<br>BWV 158 Der Friede sei mit dir<\/p>\n\n\n\n<p><strong>Am Sonntag Quasimodogeniti<\/strong><\/p>\n\n\n\n<p>BWV 67 Halt im Ged\u00e4chtnis Jesum Christ<br>BWV 42 Am Abend aber desselbigen Sabbats<\/p>\n\n\n\n<p><strong>Am Sonntag Misericordias Domini<\/strong><\/p>\n\n\n\n<p>BWV 104 Du Hirte Israel, h\u00f6re<br>BWV 85 Ich bin ein guter Hirt<br>BWV 112 Der Herr ist mein getreuer Hirt<\/p>\n\n\n\n<p><strong>Am Sonntag Jubilate<\/strong><\/p>\n\n\n\n<p>BWV 12 Weinen, Klagen, Sorgen, Zagen<br>BWV 103 Ihr werdet weinen und heulen<br>BWV 146 Wir m\u00fcssen durch viel Tr\u00fcbsal in das Reich Gottes eingehen<\/p>\n\n\n\n<p><strong>Am Sonntag Cantate<\/strong><\/p>\n\n\n\n<p>BWV 166 Wo gehest du hin?<br>BWV 108 Es ist euch gut, dass ich hingehe<\/p>\n\n\n\n<p><strong>Am Sonntag Rogate<\/strong><\/p>\n\n\n\n<p>BWV 86 Wahrlich, wahrlich, ich sage euch<br>BWV 87 Bisher habt ihr nichts gebeten in meinem Namen<\/p>\n\n\n\n<p><strong>Himmelfahrt<\/strong><\/p>\n\n\n\n<p>BWV 37 Wer da gl\u00e4ubet und getauft wird<br>BWV 128 Auf Christi Himmelfahrt allein<br>BWV 43 Gott f\u00e4hret auf mit Jauchzen<br>BWV 11 Lobet Gott in seinen Reichen<\/p>\n\n\n\n<p><strong>Am Sonntag Exaudi<\/strong><\/p>\n\n\n\n<p>BWV 44 Sie werden euch in den Bann tun<br>BWV 183 Sie werden euch in den Bann tun<\/p>\n\n\n\n<p><strong>Am 1. Pfingstfesttag<\/strong><\/p>\n\n\n\n<p>BWV 172 Erschallet, ihr Lieder<br>BWV 59 Wer mich liebet, der wird mein Wort halten<br>BWV 74 Wer mich liebet, der wird mein Wort halten<br>BWV 34 O ewiges Feuer, o Ursprung der Liebe<\/p>\n\n\n\n<p><strong>Am 2. Pfingstfesttag<\/strong><\/p>\n\n\n\n<p>BWV 173 Erh\u00f6htes Fleisch und Blut<br>BWV 68 Also hat Gott die Welt geliebt<br>BWV 174 Ich liebe den H\u00f6chsten von ganzem Gem\u00fcte<\/p>\n\n\n\n<p><strong>Am 3. Pfingstfesttag<\/strong><\/p>\n\n\n\n<p>BWV 184 Erw\u00fcnschtes Freudenlicht<br>BWV 175 Er rufet seinen Schafen mit Namen<\/p>\n\n\n\n<p><strong>Am Trinitatisfest<\/strong><\/p>\n\n\n\n<p>BWV 165 O heilges Geist- und Wasserbad<br>BWV 194 H\u00f6chsterw\u00fcnschtes Freudenfest<br>BWV 176 Es ist ein trotzig und verzagt Ding<br>BWV 129 Gelobet sei der Herr, mein Gott<\/p>\n\n\n\n<p><strong>Am 1. Sonntag nach Trinitatis<\/strong><\/p>\n\n\n\n<p>BWV 75 Die Elenden sollen essen<br>BWV 20 Ewigkeit, du Donnerwort<br>BWV 39 Brich dem Hungrigen dein Brot<\/p>\n\n\n\n<p>THE SECOND SUNDAY AFTER TRINITY<br><strong>Am 2. Sonntag nach Trinitatis<\/strong><\/p>\n\n\n\n<p>BWV 76 Die Himmel erz\u00e4hlen die Ehre Gottes<br>BWV 2 Ach, Gott, vom Himmel sieh darein<\/p>\n\n\n\n<p><strong>Am 3. Sonntag nach Trinitatis<\/strong><\/p>\n\n\n\n<p><a href=\"http:\/\/www.rainermiddel.de\/Linguistics\/diversen\/bach\/cantatas\/bwv21.html\">BWV 21 Ich hatte viel Bek\u00fcmmernis<\/a><br>BWV 135 Ach Herr. mich armen S\u00fcnder<\/p>\n\n\n\n<p><strong>Am 4. Sonntag nach Trinitatis<\/strong><\/p>\n\n\n\n<p>BWV 185 Barmherziges Herze der ewigen Liebe<br>BWV 24 Ein ungef\u00e4rbt Gem\u00fcte<br>BWV 177 Ich ruf zu dir, Herr Jesu Christ<\/p>\n\n\n\n<p><strong>Am 5. Sonntag nach Trinitatis<\/strong><\/p>\n\n\n\n<p>BWV 93 Wer nur den lieben Gott l\u00e4sst walten<br>BWV 88 Siehe, ich will viel Fischer aussenden<\/p>\n\n\n\n<p><strong>Am 6. Sonntag nach Trinitatis<\/strong><\/p>\n\n\n\n<p>BWV 170 Vergn\u00fcgte Ruh, beliebte Seelenlust<br>BWV 9 Es ist das Heil uns kommen her<\/p>\n\n\n\n<p><strong>Am 7. Sonntag nach Trinitatis<\/strong><\/p>\n\n\n\n<p>BWV 186 \u00c4rgre dich, o Seele, nicht<br>BWV 107 Was willst du dich betr\u00fcben<br>BWV 187 Es wartet alles auf dich<\/p>\n\n\n\n<p><strong>Am 8. Sonntag nach Trinitatis<\/strong><\/p>\n\n\n\n<p>BWV 136 Erforsche mich, Gott, und erfahre mein Herz<br>BWV 178 Wo Gott, der Herr, nicht bei uns h\u00e4lt<br>BWV 45 Es ist dir gesagt, Mensch, was gut ist<\/p>\n\n\n\n<p><strong>Am 9. Sonntag nach Trinitatis<\/strong><\/p>\n\n\n\n<p>BWV 105 Herr, gehe nicht ins Gericht<br>BWV 94 Was frag ich nach der Welt<br>BWV 168 Tue Rechnung! Donnerwort<\/p>\n\n\n\n<p><strong>Am 10. Sonntag nach Trinitatis<\/strong><\/p>\n\n\n\n<p>BWV 46 Schauet doch und sehet, ob irgendein Schmerz sei<br>BWV 101 Nimm von uns, Herr, du treuer Gott<br>BWV 102 Herr, deine Augen sehen nach dem Glauben<\/p>\n\n\n\n<p><strong>Am 11. Sonntag nach Trinitatis<\/strong><\/p>\n\n\n\n<p>BWV 199 Mein Herze schwimmt im Blut<br>BWV 179 Siehe zu, dass deine Gottesfurcht nicht Heuchelei sei<br>BWV 113 Herr Jesu Christ, du h\u00f6chstes Gut<\/p>\n\n\n\n<p><strong>Am 12. Sonntag nach Trinitatis<\/strong><\/p>\n\n\n\n<p>BWV 69a Lobe den Herrn, meine Seele<br>BWV 137 Lobe den Herren, den m\u00e4chtigen K\u00f6nig der Ehren<br>BWV 35 Geist und Seele wird verwirret<\/p>\n\n\n\n<p><strong>Am 13. Sonntag nach Trinitatis<\/strong><\/p>\n\n\n\n<p>BWV 77 Du sollst Gott, deinen Herren, lieben<br>BWV 33 Allein zu dir, Herr Jesu Christ<br>BWV 164 Ihr die ihr euch von Christo nennet<\/p>\n\n\n\n<p><strong>Am 14. Sonntag nach Trinitatis<\/strong><\/p>\n\n\n\n<p>BWV 25 Es ist nichts Gesundes an meinem Leibe<br>BWV 78 Jesu, der du meine Seele<br>BWV 17 Wer Dank opfert, der preiset mich<\/p>\n\n\n\n<p><strong>Am 15. Sonntag nach Trinitatis<\/strong><\/p>\n\n\n\n<p>BWV 138 Was betr\u00fcbst du dich, mein Herz?<br>BWV 99 Was Gott tut, das ist wohlgetan<br>BWV 51 Jauchzet Gott in allen Landen<\/p>\n\n\n\n<p><strong>Am 16. Sonntag nach Trinitatis<\/strong>BWV 161 Komm, du s\u00fcsse Todesstunde<br>BWV 95 Christus, der ist mein Leben<br>BWV 8 Liebster Gott, wann werd ich sterben?<br>BWV 27 Wer weiss, wie nahe mir mein Ende!<\/p>\n\n\n\n<p><strong>Am 17. Sonntag nach Trinitatis<\/strong><\/p>\n\n\n\n<p>BWV 114 Ach, lieben Christen, seid getrost<br>BWV 148 Bringet dem Herrn Ehre seines Namens<br>BWV 47 Wer sich selbst erh\u00f6het, der soll erniedriget werden<\/p>\n\n\n\n<p><strong>Am 18. Sonntag nach Trinitatis<\/strong><\/p>\n\n\n\n<p>BWV 96 Herr Christ, der einge Gottessohn<br>BWV 169 Gott soll allein mein Herze haben<\/p>\n\n\n\n<p><strong>Am 19. Sonntag nach Trinitatis<\/strong><\/p>\n\n\n\n<p>BWV 48 Ich elender Mensch, wer wird mich erl\u00f6sen<br>BWV 5 Wo soll ich fliehen hin<br>BWV 56 Ich will den Kreuzstab gerne tragen<\/p>\n\n\n\n<p><strong>Am 20.Sonntag nach Trinitatis<\/strong><\/p>\n\n\n\n<p>BWV 162 Ach! ich sehe, itzt, da ich zur Hochzeit gehe<br>BWV 180 Schm\u00fccke dich, o liebe Seele<br>BWV 49 Ich geh und suche mit Verlangen<\/p>\n\n\n\n<p><strong>Am 21. Sonntag nach Trinitatis<\/strong><\/p>\n\n\n\n<p>BWV 109 Ich glaube, lieber Herr, hilf meinem Unglauben<br>BWV 38 Aus tiefer Not schrei ich zu dir<br>BWV 98 Was Gott tut, das ist wohlgetan<br>BWV 188 Ich habe meine Zuversicht<\/p>\n\n\n\n<p><strong>Am 22. Sonntag nach Trinitatis<\/strong><\/p>\n\n\n\n<p>BWV 89 Was soll ich aus dir machen, Ephraim?<br>BWV 115 Mache dich, mein Geist, bereit<br>BWV 55 Ich armer Mensch, ich S\u00fcndenknecht<\/p>\n\n\n\n<p><strong>Am 23. Sonntag nach Trinitatis<\/strong><\/p>\n\n\n\n<p>BWV 163 Nur jedem das Seine<br>BWV 139 Wohl dem, der sich auf seinen Gott<br>BWV 52 Falsche Welt, dir trau ich nicht<\/p>\n\n\n\n<p><strong>Am 24. Sonntag nach Trinitatis<\/strong><\/p>\n\n\n\n<p>BWV 60 O Ewigkeit, du Donnerwort<br>BWV 26 Ach wie fl\u00fcchtig, ach wie nichtig<\/p>\n\n\n\n<p><strong>Am 25. Sonntag nach Trinitatis<\/strong><\/p>\n\n\n\n<p>BWV 90 Es reisset euch ein schrecklich Ende<br>BWV 116 Du Friedef\u00fcrst, Herr Jesu Christ<\/p>\n\n\n\n<p><strong>Am 26. Sonntag nach Trinitatis<\/strong><\/p>\n\n\n\n<p>BWV 70 Wachet! betet! betet! wachet!<strong>Am 27. Sonntag nach Trinitatis<\/strong><\/p>\n\n\n\n<p>BWV 140 Wachet auf, ruft uns die Stimme<\/p>\n\n\n\n<p><strong>Am Feste Mari\u00e4 Reinigung<\/strong><\/p>\n\n\n\n<p>BWV 83 Erfreute Zeit im neuen Bunde<br>BWV 125 Mit Fried und Freud ich fahr dahin<br>BWV 82 Ich habe genung<br>BWV 157 Ich lasse dich nicht, du segnest mich denn<br>BWV 58 Der Friede sei mit dir<br>BWV 61 Komm, du s\u00fcsse Todesstunde<\/p>\n\n\n\n<p><strong>Am Feste der Mariae Verk\u00fcndigung<\/strong><\/p>\n\n\n\n<p>BWV 182 Himmelsk\u00f6nig, sei willkommen<br>BWV 1 Wie sch\u00f6n leuchtet der Morgenstern<\/p>\n\n\n\n<p><strong>Am Feste Mariae Heimsuchung<\/strong><\/p>\n\n\n\n<p>BWV 147 Herz und Mund und Tat und Leben<br>BWV 10 Meine Seel erhebt den Herrn<\/p>\n\n\n\n<p><strong>Am Feste Johannis des T\u00e4ufers<\/strong><\/p>\n\n\n\n<p>BWV 167 Ihr Menschen, r\u00fchmet Gottes Liebe<br>BWV 7 Christ, unser Herr, zum Jordan kam<br>BWV 30 Freue dich, erl\u00f6ste Schar<\/p>\n\n\n\n<p><strong>Am Michaelisfeste<\/strong><\/p>\n\n\n\n<p>BWV 130 Herr Gott,dich loben alle wir<br>BWV 19 Es erhub sich ein Streit<br>BWV 149 Man singet mit Freuden vom Sieg<\/p>\n\n\n\n<p><strong>Am Reformationsfest<\/strong><\/p>\n\n\n\n<p>BWV 80 Ein feste Burg ist unser Gott<br>BWV 79 Gott der Herr, ist Sonn und Schild<br>BWV 76 Die Himmel erz\u00e4hlen die Ehre Gottes<\/p>\n\n\n\n<p><strong>Ohne Bestimmung<\/strong><\/p>\n\n\n\n<p>BWV 117 Sei Lob und Ehr dem h\u00f6chsten Gut<br>BWV 192 Nun danket alle Gott<br>BWV 97 In allen meinen Taten<br>BWV 100 Was Gott tut,das ist wohlgetan<br>BWV 50 Nun ist das Heil und die Kraft<\/p>\n\n\n\n<p><strong>Ratswechsel<\/strong><\/p>\n\n\n\n<p>BWV 71 Gott ist mein K\u00f6nig<br>BWV 119 Preise, Jerusalem, den Herrn<br>BWV 120 Gott, man lobt dich in der Stille<br>BWV 29 Wir danken dir, Gott, wir danken dir<br>BWV 69 Lobe den Herrn, meine Seele<\/p>\n\n\n\n<p><strong>Trauung<\/strong><\/p>\n\n\n\n<p>BWV 196 Der Herr denket an uns<br>BWV 195 Dem Gerechten muss das Licht<br>BWV 197 Gott ist unsre Zuversicht<\/p>\n\n\n\n<p><strong>Trauer- und Ged\u00e4chtnisgottesdienst<\/strong><\/p>\n\n\n\n<p><a href=\"http:\/\/www.rainermiddel.de\/Linguistics\/diversen\/bach\/cantatas\/bwv106.html\">BWV 106 Gottes Zeit ist die allerbeste Zeit (Actus tragicus)<\/a><br>BWV 157 Ich lasse dich nicht, du segnest mich denn<\/p>\n\n\n\n<p><strong>Bussgottesdienst<\/strong><\/p>\n\n\n\n<p>BWV 150 Nach dir, Herr, verlanget mich<br><a href=\"http:\/\/www.rainermiddel.de\/Linguistics\/diversen\/bach\/cantatas\/bwv131.html\">BWV 131 Aus der Tiefe rufe ich, Herr, zu dir<\/a><\/p>\n\n\n\n<p>(St\u00f6rmthal November 2, 1723)<br><strong>Kirch- und Orgelweihe<\/strong><\/p>\n\n\n\n<p>BWV 194 H\u00f6chsterw\u00fcnschtes Freudenfest<\/p>\n\n\n\n<p><strong>Trauer-Ode<\/strong><\/p>\n\n\n\n<p>BWV 198 Lass, F\u00fcrstin, lass noch einen Strahl<\/p>\n","protected":false},"excerpt":{"rendered":"<p>Am 1. Adventsonntag BWV 61 Nun komm, der Heiden HeilandBWV 62 Nun komm, der Heiden HeilandBWV 36 Schwingt freudig euch empor Am 4. Adventsonntag BWV 132 Bereitet die Wege, bereitet die Bahn Am 1.&#46;&#46;&#46;<\/p>\n","protected":false},"author":1,"featured_media":0,"parent":0,"menu_order":0,"comment_status":"closed","ping_status":"closed","template":"","meta":{"ngg_post_thumbnail":0,"footnotes":""},"class_list":["post-632","page","type-page","status-publish","hentry"],"_links":{"self":[{"href":"https:\/\/middel-online.de\/index.php?rest_route=\/wp\/v2\/pages\/632","targetHints":{"allow":["GET"]}}],"collection":[{"href":"https:\/\/middel-online.de\/index.php?rest_route=\/wp\/v2\/pages"}],"about":[{"href":"https:\/\/middel-online.de\/index.php?rest_route=\/wp\/v2\/types\/page"}],"author":[{"embeddable":true,"href":"https:\/\/middel-online.de\/index.php?rest_route=\/wp\/v2\/users\/1"}],"replies":[{"embeddable":true,"href":"https:\/\/middel-online.de\/index.php?rest_route=%2Fwp%2Fv2%2Fcomments&post=632"}],"version-history":[{"count":2,"href":"https:\/\/middel-online.de\/index.php?rest_route=\/wp\/v2\/pages\/632\/revisions"}],"predecessor-version":[{"id":9110,"href":"https:\/\/middel-online.de\/index.php?rest_route=\/wp\/v2\/pages\/632\/revisions\/9110"}],"wp:attachment":[{"href":"https:\/\/middel-online.de\/index.php?rest_route=%2Fwp%2Fv2%2Fmedia&parent=632"}],"curies":[{"name":"wp","href":"https:\/\/api.w.org\/{rel}","templated":true}]}}