{"id":626,"date":"2021-02-02T14:44:20","date_gmt":"2021-02-02T13:44:20","guid":{"rendered":"https:\/\/middelweb.de\/wordpress\/?page_id=626"},"modified":"2021-02-02T14:44:21","modified_gmt":"2021-02-02T13:44:21","slug":"bauernregeln","status":"publish","type":"page","link":"https:\/\/middel-online.de\/?page_id=626","title":{"rendered":"Bauernregeln"},"content":{"rendered":"\n<p>Ist\u00b4s an Lichtme\u00df hell und rein, wird ein langer Winter sein.<br>Wenn es zur Lichtmess st\u00fcrmt und schneit, ist der Fr\u00fchling nicht mehr weit.<br>Scheint zu Lichtme\u00df die Sonne hei\u00df, gibt`s noch sehr viel Schnee und Eis.<br>An Lichtme\u00df f\u00e4ngt der Bauersmann \u2013 neu mit des Jahres Arbeit an.<br><br>Wenn am Lichtme\u00dftag die Sunn den Pfarrer auf der Kanzel erwischt \u2013 frierts 40 Tage lang.&nbsp;<br><br>So lang die Lerche vor Lichtme\u00df singt, so lange sie nachher weder singt noch schwingt.&nbsp;<br><br>Lichtme\u00df im Schnee, Palmsonntag im Klee.<\/p>\n\n\n\n<p>06.02<br><br>St.Dorothee watet gern im Schnee.<br>St.Dorothee gibt den meisten Schnee.<br>Bringt Dorothee recht viel Schnee, bringt der Sommer guten Klee.<\/p>\n\n\n\n<p>09.02<br><br>Ist`s an Apollonia feucht, der Winter erst sehr sp\u00e4t entweicht.<\/p>\n\n\n\n<p>12.02<br><br>Eulalia im Sonnenschein, bringt viel Apfel und Apfelwein.<br>St.Eulalia Sonnenschein, bringt viel Obst und guten Wein.<\/p>\n\n\n\n<p>14.02<br><br>Kalter Valentin, fr\u00fcher Lenzbeginn.<br>Hat`s zu St.Valentin gefroren, ist das Wetter lang verloren.<br>Ist es an Valentin noch wei\u00df, bl\u00fcht an Ostern schon das Reis.<br>Regnet es an St. Valentin, ist die halbe Ernte hin.<\/p>\n\n\n\n<p>21.02<br><br>Der St.Felix zeiget an, was 40 Tag`wir f\u00fcr Wetter han.<br>Felix und Petrus zeigen an, was 40 Tag`wir f\u00fcr Wetter han.<\/p>\n\n\n\n<p>22.02<br><br>Wenns friert auf Petri Stuhlfeier, friert`s noch vierzigmal heuer.<br>Hat Petri Stuhlfeier Eis und Ost, bringt der Winter noch herben Frost.<br>Wie das Wetter am 22. ist, bleibt es noch 40 Tage.<\/p>\n\n\n\n<p>28.02<br><br>St.Roman hell und klar, bedeutet ein gutes Jahr.&nbsp;<br>Alexander (26.02.) und Leander suchen M\u00e4rzluft miteinander.<\/p>\n\n\n\n<p>01.03<br><br>Regnet`s stark an Albinus, macht`s dem Bauern viel Verdru\u00df.<br>Wenn es an St.Albin regnet, gibt es weder Heu noch Stroh.<\/p>\n\n\n\n<p>03.03<br><br>Kunigund macht warm von unt`.<br>Wenn`s donnert an Kunigund, bleibt das Wetter lange bunt.<br>Wenn\u2019s donnert zu Kunigund,treibt\u2019s der Winter bunt.<br>Wenn es zu Kunigunde friert, sie\u2019s noch vierzig N\u00e4chte sp\u00fcrt.<\/p>\n\n\n\n<p>10.03<br><br>Friert`s am 40-Ritter-Tag, so kommen noch 40 Fr\u00f6ste nach.<br>An Vierzigritter kalter Wind, noch vierzig Tage windig sind.<br>Regen, den die 40 M\u00e4rtyrer senden,wird erst nach 40 Tagen enden.<\/p>\n\n\n\n<p>12.03<br><br>Am Gregorstag schwimmt das Eis ins Meer.<br>Gregor zeigt dem Bauern an, da\u00df im Feld er s\u00e4en kann.<br>Wenn Gregori f\u00e4llt, hei\u00dft`s die Saat bestellt.<br>Weht an Gregorius der Wind, noch vierzig Tage windig sind.<\/p>\n\n\n\n<p>19.03<br><br>Wenns erst einmal Josefi ist, so endet auch der Winter gewiss.<br>Ist es klar am Josephstag, spart er uns viel Not und Plag.<br>Joseph klar, gibt ein gutes Honigjahr.<br>Ein sch\u00f6ner Josefstag bringt ein gutes Jahr.<\/p>\n\n\n\n<p>20.03<br><br>Wie das Wetter zu Fr\u00fchlingsanfang, ist\u2019s den ganzen Sommer lang.<\/p>\n\n\n\n<p>25.03<br><br>Ist Marien sch\u00f6n und hell, gibt`s viel Obst auf alle F\u00e4ll.<br>Maria bindet Reben auf und nimmt noch leichten Frost in Kauf.&nbsp;<br>Wenn der Sonnenaufgang an Mari\u00e4 Verk\u00fcndigung ist hell und klar, so gibt es ein gutes Jahr.<\/p>\n\n\n\n<p>28.03<br><br>H\u00e4lt St.Rupert den Himmel rein, so wird es auch im Juni sein.<\/p>\n\n\n\n<p>29.03<br><br>So wie dieser Tag wird auch der Fr\u00fchling.<br>Wie St. Berthold gesonnen, so der Fr\u00fchling wird kommen<\/p>\n\n\n\n<p>30.03<br><br>So wie dieser Tag wird auch der Sommer.<br>Roswitha zeigt an,was man vom Sommer erwarten kann.<\/p>\n\n\n\n<p>31.03<br><br>So wie dieser Tag wird auch der Herbst.<\/p>\n\n\n\n<p>08.04<br><br>Wenn`s viel regnet am Amantiustag, ein d\u00fcrrer Sommer folgen mag.<\/p>\n\n\n\n<p>23.04<br><br>Gewitter am St.Georgstag,ein k\u00fchles Jahr bedeuten mag.<br>Kommt St. Georg auf dem Schimmel, kommt ein gutes Jahr vom Himmel.&nbsp;<br>Regen vorm Georgi-Tag , w\u00e4hrt noch lang des Regens Plag.<\/p>\n\n\n\n<p>24.04<br><br>Wenn`s friert an St.Fidel, bleibt`s 15 Tag noch kalt und hell.&nbsp;<br>Wenn es heute nochmal friert, es 14 Tage lang passiert.<\/p>\n\n\n\n<p>28.04<br><br>Friert`s am Tag von St.Vital, friert es wohl noch 15 Mal.<\/p>\n\n\n\n<p>30.04<br><br>Regen auf Walpurgisnacht, hat stets ein gutes Jahr gebracht.<br>Der April z\u00e4hlt 30 Tage, doch regnete es 31, es w\u00fcrde nicht schaden.<\/p>\n\n\n\n<p>Die Eisheiligen: 11.Mai: Mamertus, 12.Mai: Pankratius, 13.Mai: Servatius, 14.Mai: Bonifatius, 15.Mai: Sophie, 16.Mai: Johannes Nepomuk.<br>Mamerz, Pankraz, Servazi, das sind drei Lumpazi.<br>Pankrazi, Servazi, Bonifazi, sind drei frostige Bazi, und am Schlu\u00df fehlt nie die kalte Sophie.<\/p>\n\n\n\n<p>25.05<br><br>St.Urban hell und rein, segnet die F\u00e4sser ein.<br>Wie es sich um St.Urban verh\u00e4lt, so ist`s noch 20 Tage bestellt.<br>Die Witterung an St. Urban, zeigt des Herbstes Wetter an.<br>Wie\u2019s Wetter am Sankt Urbanstag, so der Herbst wohl werden mag.<\/p>\n\n\n\n<p>08.06<br>St.Medard keinen Regen trag, es regnet sonst wohl 40 Tag.<br>Wies wittert auf Medardustag, so bleibts sechs Wochen dann danach.<br>Regnet\u2019s am Medardustag, regnet\u2019s noch 40 Tag danach.<br>Wie\u2019s Wetter auf Medardi f\u00e4llt, meist bis Monatsende h\u00e4lt.<\/p>\n\n\n\n<p>10.06<br><br>Margarete \u2013 die Regenfrau.<br>Hat Margarete keinen Sonnenschein, dann kommt das Heu nie trocken ein.<br>Margarita Regen und keinen Sonnenschein, kommt selten das Heu trocken rein.<\/p>\n\n\n\n<p>11.06<br><br>Regen an St.Barnabas, w\u00e4hret 40 Tage ohne Unterlass.<br>St. Barnabas schneidet das Gras.<br>Barnabas macht, wenn er g\u00fcnstig ist, wieder gut, was verdorben ist.<br>Wenn Barnabas bringt Regen, so gibt es auch viel Traubensegen.<\/p>\n\n\n\n<p>19.06<br><br>Wenn es regnet an Gervasius, es 40 Tage regnen muss.<\/p>\n\n\n\n<p>24.06<br>Johannis tut dem Winter wieder die T\u00fcre auf.<br>Regen am Johannistag, nasse Ernt` man erwarten mag.<br>Sankt Johannis Regeng\u00fcsse, verderben uns die besten N\u00fcsse.<br>Wie\u2019s Wetter am Johanni war, so bleibt\u2019s wohl 40 Tage gar.<\/p>\n\n\n\n<p>27.06<br><br>Regnets am Siebenschl\u00e4fertag, es noch sieben Wochen regnen mag.<br>Wie`s Wetter am Siebenschl\u00e4fertag, so bleibt es sieben Wochen danach.<\/p>\n\n\n\n<p>02.07<br><br>Mari\u00e4 Heimsuch wird`s bestellt, wie`s Wetter vierzig Tag`sich h\u00e4lt.<br>Wie die heilige Jungfrau fortgegangen, wird Magdalena (22.Juli) gern empfangen.<\/p>\n\n\n\n<p>10.07<br><br>Wie`s Wetter am Siebenbr\u00fcdertag, es sieben Wochen bleiben mag.<\/p>\n\n\n\n<p>20.07<br><br>Wenn es an Margaretha regnet, kommt das Heu schlecht heim.&nbsp;<br>Regen am Margaretentag, bringt viel Klag\u2018.Regnet`s an fl\u00f6ten.&nbsp;<br>An Margarethen Regen, bringt Heu und N\u00fcssen keinen Segen.<br>Wenn Regen, dann 30 Tage<\/p>\n\n\n\n<p>23.07<br><br>Was die Hundstage (23.07. bis 24.08.) gie\u00dfen, muss die Traube b\u00fc\u00dfen.<\/p>\n\n\n\n<p>Hundstage (23.07. bis 24.08.) hell und klar, zeigen ein gutes Jahr.<\/p>\n\n\n\n<p>25.07<br><br>Um Jakobi hei\u00df und trocken, kann der Bauersmann frohlocken.<br>Wenn die Tage um Jakobi sehr sommerlich sind, wird das Weihnachtsfest sehr winterlich.<br>Jacobi warm und hell, macht das Wasser zu Schell (Eis).<\/p>\n\n\n\n<p>01.08<br><br>Ist`s von Petri bis Lorenzi (10.08.) hei\u00df, dann bleibt der Winter lange wei\u00df.<\/p>\n\n\n\n<p>10.08<br>Ist das Wetter zu Laurenzi sch\u00f6n,<br>l\u00e4\u00dft ein guter Herbst sich seh\u2019n.&nbsp;<br>An Laurenzi, es ist Brauch, h\u00f6rt das Holz zu wachsen auf.&nbsp;<br>Ist Lorenz und auch Bertl sch\u00f6n, wird der Herbst gar gut ausgehn.&nbsp;<br>Kommt St. Lorenz mit hei\u00dfem Hauch, f\u00fcllt er dem Winzer Fass und Bauch.<\/p>\n\n\n\n<p>13.08<br><br>Wie das Wetter an Kassian, h\u00e4lt es noch viele Tage an.<br>Wie das Wetter zu Hipolyt, so es mehrere Tage geschieht.<\/p>\n\n\n\n<p>15.08<br>Wie das Wetter am Himmelfahrtstag, so es noch zwei Wochen bleiben mag.<br>Leuchten vor Maria Himmelfahrt die Sterne, dann h\u00e4lt sich das Wetter gerne.<br>Wie das Wetter am Maria Himmelfahrtstag, so der ganze Herbst sein mag.<\/p>\n\n\n\n<p>30.08<br><br>Bischof Felix zeigt an, was wir in 40 Tag`f\u00fcr Wetter han.<\/p>\n\n\n\n<p>01.09<br>Gib auf \u00c4gidius wohl acht, er sagt dir was der Monat macht.<br>Ist \u00c4gidi ein heller Tag, ich dir einen sch\u00f6nen Herbst ansag.&nbsp;<br>Wie das Wetter am \u00c4giditag, bleibt\u2019s den ganzen Monat.&nbsp;<br>An St. \u00c4gidius man s\u00e4en mu\u00df.&nbsp;<br>Wenn St. \u00c4gidius bl\u00e4st ins Horn, so hei\u00dft es, Bauer s\u00e4e dein Korn.<\/p>\n\n\n\n<p>07.09<br><br>Ist St.Regine warm und wonnig, bleibt das Wetter lange sonnig.<\/p>\n\n\n\n<p>08.09<br>(Kloan Frauentag, 8 Wochen es bleiben mag)<br>Wie sich das Wetter an Mari\u00e4 Geburt verh\u00e4lt, ist`s noch weitere 4 Wochen bestellt.<br>Maria gebor`n \u2013 Bauer, s\u00e4h dein Korn.<br>Am Tag Mari\u00e4 Geburt, ziehendie Schwalben furt.<\/p>\n\n\n\n<p>17.09<br>Trocken wird das Fr\u00fchjahr sein, ist St.Lambert klar und rein.<br>Lamberti nimm Kartoffeln raus,&nbsp;<br>Auf Lambert hell und klar, folgt ein trocken Jahr.&nbsp;<br>Ist\u2019s an Lambert sch\u00f6n und klar, kommt ein trockenes Fr\u00fchjahr.<\/p>\n\n\n\n<p>21.09<br><br>Wie`s St.Mattis treibt, es vier Wochen bleibt.<br>Tritt Matth\u00e4us ein, soll die Saat vollendet sein.<br>Matth\u00e4uswetter hell und klar, bringt guten Wein im n\u00e4chsten Jahr.<br>Wenn Matth\u00e4us freundlich schaut, man auf gutes Wetter baut.<\/p>\n\n\n\n<p>29.09<\/p>\n\n\n\n<p><br>Kommt Michael heiter und sch\u00f6n, wird es noch vier Wochen so gehn.<br>Es holt herbei Sankt Michael, die Lampe wieder und das \u00d6l.&nbsp;<br>Michaeliswein wird s\u00fc\u00df und fein.&nbsp;<br>Regnet\u2019s sanft an Michaelstag, sanft auch der Winter werden mag.<\/p>\n\n\n\n<p>01.10<br><br>Regen an St.Remigius, bringt f\u00fcr den ganzen Monat Verdru\u00df.<\/p>\n\n\n\n<p>09.10<br><br>Regnet`s an St.Dionys, wird der Winter nass \u2013 gewi\u00df.<br>Regen an Dionys, viel Regen und Schnee im Winter gewi\u00df.<\/p>\n\n\n\n<p>16.10<br><br>Ist St.Gallus nicht trocken, folgt ein Sommer mit nassen Socken.<br>Viel Regen zu Gallus \u2013 Regen bis Weihnachten&nbsp;<br>Trocken am St. Gallus-Tag, verk\u00fcndet einen trockenen Sommer.<\/p>\n\n\n\n<p>17.10<br><br>Wenn auf Sankt Gallus Regen f\u00e4llt, das Schlechtwetter sich bis Weihnachten h\u00e4lt.<\/p>\n\n\n\n<p>18.10<br><br>Ist St.Lukas mild und warm, kommt ein Winter, da\u00df Gott erbarm`.<br>Wer an Lukas Roggen streut, es im Jahr darauf nicht breut.&nbsp;<br>Am St. Lukas-Tag soll das Winterkorn schon in die Stoppeln ges\u00e4t sein.<\/p>\n\n\n\n<p>31.10<br><br>St.Wolfgang Regen, verspricht ein Jahr voll Segen.<\/p>\n\n\n\n<p>19.11<br><br>St.Elisabeth sagt`s an, was der Winter f\u00fcr ein Mann.<\/p>\n\n\n\n<p>25.11<\/p>\n\n\n\n<p><br>Wie das Wetter um Kathrein, wird auch der n\u00e4chste Hornung(Februar) sein.<br>Schafft Katharina vor Frosten sich Schutz, so watet man lange drau\u00dfen im Schmutz.<br>Wie das Wetter an Sankt Kathrein, wird es den ganzen Winter sein.<\/p>\n\n\n\n<p>30.11<br>H\u00e4lt St.Andr\u00e4 den Schnee zur\u00fcck, so schenkt er reiches Saatengl\u00fcck.<br>Andreasschnee bleibt gar 100 Tag` liegen.<br>Es verr\u00e4t dir die Andreasnacht, was wohl so das Wetter macht.&nbsp;<br>So wie es aussieht, glaub\u2018 f\u00fcrwahr, bringt\u2019s gutes oder schlechtes Jahr.<\/p>\n\n\n\n<p>02.12<br><br>Regnet`s am Bibianatag, regnet`s vierzig Tag` und eine Woche danach.<\/p>\n\n\n\n<p>04.12<br>Barbara im wei\u00dfen Kleid, verk\u00fcndet gute Sommerzeit.<br>Zweige schneiden zu St.Barbara, Bl\u00fcten sind bis Weihnachten da.<br>Geht St. Barbara in Gr\u00fcn, kommt\u2019s Christkindel in Wei\u00df.<br>St. Barbara kalt und mit Schnee verspricht viel Korn auf jeder H\u00f6h\u2018.<\/p>\n\n\n\n<p>13.12<br>Wenn zu Lucia die Gans geht im Dreck, so geht sie am Christtag auf Eis.<br>Kommt die heilige Luzia, findet sie schon K\u00e4lte da.&nbsp;<br>St. Lucia k\u00fcrzt den Tag, soviel sie ihn nur k\u00fcrzen mag.<br>An Sankt Lucia, ist der Abend dem morgen nah.<\/p>\n\n\n\n<p>21.12<br><br>Wenn St.Thomas dunkel war, gibt`s ein sch\u00f6nes, neues Jahr.<br>St.Thomas bringt die l\u00e4ngste Nacht, weil er den k\u00fcrzesten Tag gebracht.<\/p>\n\n\n\n<p>24.12<br>Ein gr\u00fcner Christtag, ein wei\u00dfer Ostertag.<br>Bringt das Christkind K\u00e4lt und Schnee, dr\u00e4ngt das Winterkorn in die H\u00f6h`.<br>Wenn Christkindlein Regen weint, vier Wochen keine Sonne scheint.<br>Wie die Witterung an Adam und Eva, so bleibt sie bis Ende des Monats.&nbsp;<br>Ist\u2019s Heiligabend hell und klar, folgt ein h\u00f6chst fruchtbares Jahr.<\/p>\n\n\n\n<p>25.12<br><br>Wie sich die Witterung vom Christtag bis Heiligdreik\u00f6nig verh\u00e4lt,<br>so ist das ganze Jahr bestellt.<\/p>\n","protected":false},"excerpt":{"rendered":"<p>Ist\u00b4s an Lichtme\u00df hell und rein, wird ein langer Winter sein.Wenn es zur Lichtmess st\u00fcrmt und schneit, ist der Fr\u00fchling nicht mehr weit.Scheint zu Lichtme\u00df die Sonne hei\u00df, gibt`s noch sehr viel Schnee und&#46;&#46;&#46;<\/p>\n","protected":false},"author":1,"featured_media":0,"parent":0,"menu_order":0,"comment_status":"closed","ping_status":"closed","template":"","meta":{"ngg_post_thumbnail":0,"footnotes":""},"class_list":["post-626","page","type-page","status-publish","hentry"],"_links":{"self":[{"href":"https:\/\/middel-online.de\/index.php?rest_route=\/wp\/v2\/pages\/626","targetHints":{"allow":["GET"]}}],"collection":[{"href":"https:\/\/middel-online.de\/index.php?rest_route=\/wp\/v2\/pages"}],"about":[{"href":"https:\/\/middel-online.de\/index.php?rest_route=\/wp\/v2\/types\/page"}],"author":[{"embeddable":true,"href":"https:\/\/middel-online.de\/index.php?rest_route=\/wp\/v2\/users\/1"}],"replies":[{"embeddable":true,"href":"https:\/\/middel-online.de\/index.php?rest_route=%2Fwp%2Fv2%2Fcomments&post=626"}],"version-history":[{"count":1,"href":"https:\/\/middel-online.de\/index.php?rest_route=\/wp\/v2\/pages\/626\/revisions"}],"predecessor-version":[{"id":627,"href":"https:\/\/middel-online.de\/index.php?rest_route=\/wp\/v2\/pages\/626\/revisions\/627"}],"wp:attachment":[{"href":"https:\/\/middel-online.de\/index.php?rest_route=%2Fwp%2Fv2%2Fmedia&parent=626"}],"curies":[{"name":"wp","href":"https:\/\/api.w.org\/{rel}","templated":true}]}}