{"id":6187,"date":"2021-02-12T09:29:14","date_gmt":"2021-02-12T08:29:14","guid":{"rendered":"https:\/\/middelweb.de\/wordpress\/?page_id=6187"},"modified":"2024-03-01T12:13:39","modified_gmt":"2024-03-01T11:13:39","slug":"warschau-1993","status":"publish","type":"page","link":"https:\/\/middel-online.de\/?page_id=6187","title":{"rendered":"Warschau 1993"},"content":{"rendered":"\n<figure class=\"wp-block-image size-large\"><img loading=\"lazy\" decoding=\"async\" width=\"1024\" height=\"881\" src=\"https:\/\/middelweb.de\/wordpress\/wp-content\/uploads\/2024\/03\/ScannerLens-03-01-2024-06-1024x881.jpg\" alt=\"\" class=\"wp-image-11703\" srcset=\"https:\/\/middel-online.de\/wp-content\/uploads\/2024\/03\/ScannerLens-03-01-2024-06-1024x881.jpg 1024w, https:\/\/middel-online.de\/wp-content\/uploads\/2024\/03\/ScannerLens-03-01-2024-06-300x258.jpg 300w, https:\/\/middel-online.de\/wp-content\/uploads\/2024\/03\/ScannerLens-03-01-2024-06-768x661.jpg 768w, https:\/\/middel-online.de\/wp-content\/uploads\/2024\/03\/ScannerLens-03-01-2024-06-1536x1322.jpg 1536w, https:\/\/middel-online.de\/wp-content\/uploads\/2024\/03\/ScannerLens-03-01-2024-06-2048x1762.jpg 2048w\" sizes=\"auto, (max-width: 1024px) 100vw, 1024px\" \/><\/figure>\n\n\n\n<figure class=\"wp-block-image size-large\"><img loading=\"lazy\" decoding=\"async\" width=\"649\" height=\"1024\" src=\"https:\/\/middelweb.de\/wordpress\/wp-content\/uploads\/2021\/02\/Warschau-649x1024.jpg\" alt=\"\" class=\"wp-image-6151\" srcset=\"https:\/\/middel-online.de\/wp-content\/uploads\/2021\/02\/Warschau-649x1024.jpg 649w, https:\/\/middel-online.de\/wp-content\/uploads\/2021\/02\/Warschau-190x300.jpg 190w, https:\/\/middel-online.de\/wp-content\/uploads\/2021\/02\/Warschau.jpg 768w\" sizes=\"auto, (max-width: 649px) 100vw, 649px\" \/><\/figure>\n\n\n\n<p>In Warschau erz\u00e4hlt jeder einzelne Stein vom Kampf ums \u00dcberleben, vom Mut zur Wiedergeburt, von dem Wunsch, Erinnerungen zu bewahren. Warschau ist starrsinnig und rebellisch. Diese Haltung f\u00fchrte dazu, dass es immer wieder unterdr\u00fcckt wurde von den Schweden ebenso wie von den Zaristen, Nazis und Sowjets-, seit K\u00f6nig Sigismund III. Wasa 1596 beschloss, die Residenz der K\u00f6nige von der Hauptstadt Krakau nach Warschau zu verlegen. Das Symbol der Stadt ist eine kriegerische Meerjungfrau mit Schild und S\u00e4bel. Dies geht auf eine Legende zur\u00fcck, nach der diese Meeresamazone einem Fischer erschien und ihm prophezeite, dass genau an dieser Stelle, einmal eine unzerst\u00f6rbare Stadt stehen w\u00fcrde. Und sie hatte Recht. Obwohl 85 Prozent von Warschaus Geb\u00e4uden im Zweiten Weltkrieg zerst\u00f6rt und die meisten seiner Einwohner get\u00f6tet oder in Konzentrationslager deportiert wurden oder einfach aus der Stadt geflohen waren, erhob sich Warschau wie Ph\u00f6nix aus der Asche. Heute ist es die Hauptstadt eines Landes, das der Europ\u00e4ischen Union angeh\u00f6rt und wohlhabender ist denn je.<\/p>\n\n\n\n<p>Die Weichsel teilt die Stadt in zwei Teile. Die meisten historischen Monumente liegen auf der linken Seite des Flusses. Kritiker behaupten, Stare Miasto &#8211; die Altstadt mit ihrem Marktplatz Rynek &#8211; sei eine F\u00e4lschung, denn sie wurde neu aufgebaut. Allerdings  muss man anerkennen, dass die alten H\u00e4user heute ihrem urspr\u00fcnglichen Aussehen viel n\u00e4her sind, als zu der Zeit ihrer Bombardierung. Bei der Gestaltung der Fassaden orientierte man sich an 22 Ansichten, die der venezianische K\u00fcnstler Bernardo<br>Bellotto (,,Canaletto&#8220;) Mitte des 18. Jh. von der Altstadt Warschaus gemalt hatte. Zwischen 1971 und 1984 rekonstruierte die Stadt<br>au\u00dferdem das K\u00f6nigsschloss der Stadt (Zamek Kr\u00f3lewski), sowie den \u00e4ltesten Sakralbau Warschaus, die gotische Katedra Sw. Jana.<br>An das Warschauer Ghetto dagegen erinnern heute nur noch drei Mauerabschnitte und drei Denkm\u00e4ler.<\/p>\n\n\n\n<p>In Warschau leben zur Zeit etwa 1,6 Millionen Menschen, die eine intensive urbane Entwicklung n\u00f6tig machten, wobei jedoch<br>stets auf ausreichend Gr\u00fcnfl\u00e4chen geachtet wurde. Daneben gibt es viele historische Parks, wie den Wilan\u00f3w, der einen barocken Palast umgibt, oder den Lazienki Park mit einem Denkmal des Musikers Fr\u00e9d\u00e9ric Chopin, der drei\u00dfig Jahre in Warschau lebte.<br>Das sch\u00f6nste der neu errichteten st\u00e4dtischen Geb\u00e4ude ist direkt an den botanischen Garten angebaut: die Biblioteka Uniwersytecka<br>(2000). Besonders sensationell sind ihre h\u00e4ngenden G\u00e4rten, zu denen man \u00fcber eine spektakul\u00e4re Treppe gelangt.<\/p>\n\n\n\n<p>Die neuen Hochh\u00e4user, wie der Trade Tower und das Finanzcenter, sind dagegen weniger Aufsehen erregend. Sie agieren als  zum Palac Kultury i Nauki, dem Palast f\u00fcr Kultur und Wissenschaft. Dieser wurde 1954 als Geschenk&#8220; Stalins errichtet und ist mit 231 Metern das h\u00f6chste Geb\u00e4ude Polens. Die Warschauer sagen, vom Kulturpalast aus habe man den sch\u00f6nsten Blick, denn dies sei der einzige Ort, von dem aus man dieses Bauwerk nicht sehen kann.<\/p>\n\n\n\n<figure class=\"wp-block-image size-large\"><img loading=\"lazy\" decoding=\"async\" width=\"768\" height=\"1018\" src=\"https:\/\/middelweb.de\/wordpress\/wp-content\/uploads\/2021\/02\/Warschau_0003.jpg\" alt=\"\" class=\"wp-image-6150\" srcset=\"https:\/\/middel-online.de\/wp-content\/uploads\/2021\/02\/Warschau_0003.jpg 768w, https:\/\/middel-online.de\/wp-content\/uploads\/2021\/02\/Warschau_0003-226x300.jpg 226w\" sizes=\"auto, (max-width: 768px) 100vw, 768px\" \/><\/figure>\n\n\n\n<figure class=\"wp-block-image size-large\"><img loading=\"lazy\" decoding=\"async\" width=\"768\" height=\"802\" src=\"https:\/\/middelweb.de\/wordpress\/wp-content\/uploads\/2021\/02\/Warschau_IC1.jpg\" alt=\"\" class=\"wp-image-6188\" srcset=\"https:\/\/middel-online.de\/wp-content\/uploads\/2021\/02\/Warschau_IC1.jpg 768w, https:\/\/middel-online.de\/wp-content\/uploads\/2021\/02\/Warschau_IC1-287x300.jpg 287w\" sizes=\"auto, (max-width: 768px) 100vw, 768px\" \/><\/figure>\n\n\n\n<figure class=\"wp-block-image size-large\"><img loading=\"lazy\" decoding=\"async\" width=\"1024\" height=\"718\" src=\"https:\/\/middelweb.de\/wordpress\/wp-content\/uploads\/2021\/02\/Warschau_IC2-1024x718.jpg\" alt=\"\" class=\"wp-image-6189\" srcset=\"https:\/\/middel-online.de\/wp-content\/uploads\/2021\/02\/Warschau_IC2-1024x718.jpg 1024w, https:\/\/middel-online.de\/wp-content\/uploads\/2021\/02\/Warschau_IC2-300x210.jpg 300w, https:\/\/middel-online.de\/wp-content\/uploads\/2021\/02\/Warschau_IC2-768x538.jpg 768w, https:\/\/middel-online.de\/wp-content\/uploads\/2021\/02\/Warschau_IC2.jpg 1096w\" sizes=\"auto, (max-width: 1024px) 100vw, 1024px\" \/><\/figure>\n\n\n\nngg_shortcode_0_placeholder\n","protected":false},"excerpt":{"rendered":"<p>In Warschau erz\u00e4hlt jeder einzelne Stein vom Kampf ums \u00dcberleben, vom Mut zur Wiedergeburt, von dem Wunsch, Erinnerungen zu bewahren. Warschau ist starrsinnig und rebellisch. Diese Haltung f\u00fchrte dazu, dass es immer wieder unterdr\u00fcckt&#46;&#46;&#46;<\/p>\n","protected":false},"author":1,"featured_media":0,"parent":0,"menu_order":0,"comment_status":"closed","ping_status":"closed","template":"","meta":{"ngg_post_thumbnail":0,"footnotes":""},"class_list":["post-6187","page","type-page","status-publish","hentry"],"_links":{"self":[{"href":"https:\/\/middel-online.de\/index.php?rest_route=\/wp\/v2\/pages\/6187","targetHints":{"allow":["GET"]}}],"collection":[{"href":"https:\/\/middel-online.de\/index.php?rest_route=\/wp\/v2\/pages"}],"about":[{"href":"https:\/\/middel-online.de\/index.php?rest_route=\/wp\/v2\/types\/page"}],"author":[{"embeddable":true,"href":"https:\/\/middel-online.de\/index.php?rest_route=\/wp\/v2\/users\/1"}],"replies":[{"embeddable":true,"href":"https:\/\/middel-online.de\/index.php?rest_route=%2Fwp%2Fv2%2Fcomments&post=6187"}],"version-history":[{"count":5,"href":"https:\/\/middel-online.de\/index.php?rest_route=\/wp\/v2\/pages\/6187\/revisions"}],"predecessor-version":[{"id":11707,"href":"https:\/\/middel-online.de\/index.php?rest_route=\/wp\/v2\/pages\/6187\/revisions\/11707"}],"wp:attachment":[{"href":"https:\/\/middel-online.de\/index.php?rest_route=%2Fwp%2Fv2%2Fmedia&parent=6187"}],"curies":[{"name":"wp","href":"https:\/\/api.w.org\/{rel}","templated":true}]}}