{"id":6147,"date":"2021-02-11T21:49:31","date_gmt":"2021-02-11T20:49:31","guid":{"rendered":"https:\/\/middelweb.de\/wordpress\/?page_id=6147"},"modified":"2024-09-27T11:37:37","modified_gmt":"2024-09-27T10:37:37","slug":"venedig-1994","status":"publish","type":"page","link":"https:\/\/middel-online.de\/?page_id=6147","title":{"rendered":"Venedig 1994"},"content":{"rendered":"\n<figure class=\"wp-block-image size-large\"><img loading=\"lazy\" decoding=\"async\" width=\"1024\" height=\"674\" src=\"https:\/\/middelweb.de\/wordpress\/wp-content\/uploads\/2024\/03\/Venedig-2024-03-01_082750-1024x674.jpg\" alt=\"\" class=\"wp-image-11674\" srcset=\"https:\/\/middel-online.de\/wp-content\/uploads\/2024\/03\/Venedig-2024-03-01_082750-1024x674.jpg 1024w, https:\/\/middel-online.de\/wp-content\/uploads\/2024\/03\/Venedig-2024-03-01_082750-300x198.jpg 300w, https:\/\/middel-online.de\/wp-content\/uploads\/2024\/03\/Venedig-2024-03-01_082750-768x506.jpg 768w, https:\/\/middel-online.de\/wp-content\/uploads\/2024\/03\/Venedig-2024-03-01_082750.jpg 1101w\" sizes=\"auto, (max-width: 1024px) 100vw, 1024px\" \/><\/figure>\n\n\n\n<p>Bis zum Anfang des 20. Jahrhunderts konnte man den Canal Grande nur mit dem Boot \u00fcberqueren oder die einzige Br\u00fccke nehmen,<br>die sich \u00fcber den breiten Wasserweg spannte. Die Rede ist von der ber\u00fchmten Rialtobr\u00fccke, die Ende des 16. Jahrhunderts f\u00fcr die astronomische Summe von 250 000 Dukaten errichtet wurde. Im Lauf des 20. Jahrhunderts f\u00fcgte man die Accademia und die Scalzi-Br\u00fccke hinzu. Und schon bald wird sich eine weitere, futuristische Br\u00fccke aus Glas, Stahl und Stein aus Istrien dazugesellen, ein Entwurf des spanischen Architekten Santiago Calatrava, die den Piazzale Roma mit dem Bahnhof verbinden wird. So wandelte sich Venedig von der Handelsstadt, deren Gesch\u00e4fte sich entlang der Kan\u00e4le aufreihten, zur Stadt des Tourismus, die jedes Jahr Millionen von Besuchern anlockt. Um diesem wichtigsten Wirtschaftszweig Venedigs Gen\u00fcge zu leisten wurde auch ein neuer Flughafen nach den Entw\u00fcrfen des genialen amerikanischen Architekten Frank O. Gehry errichtet, von dem aus Boote direkt in die Stadt fahren werden.<\/p>\n\n\n\n<p>Mit 270 000 Einwohnern ist Venedig nach modernen Ma\u00dfst\u00e4ben eine eher kleine Stadt. In seiner tausendj\u00e4hrigen Geschichte gibt es jedoch Zeiten, in denen es den gesamten Mittelmeerraum beherrschte und Inseln, H\u00e4fen oder auch St\u00e4dte des \u00d6stlichen R\u00f6mischen Reiches eroberte. Die hohen Profite, die Venedig bereits im 9. Jahrhundert durch den Handel mit dem Morgenland erzielte, f\u00fcllte die Geldbeutel der Adeligen, die sich wiederum als F\u00f6rderer der zahlreichen Kunstschulen hervortaten. Venedigs Goldenes Zeitalter kennzeichnen Maler wie Carpaccio, Giorgione, Paolo Veronese, Tizian und Tintoretto, aber auch Architekten, Bildhauer und Steinmetze, denen La Serenissima ihre ewig w\u00e4hrende Sch\u00f6nheit verdankt.<\/p>\n\n\n\n<p>Venedig verspr\u00fcht einen unwiderstehlichen Charme. Das Herz der Altstadt bildet der Markusdom, der 1094 erbaut wurde, um die<br>Reliquien des Heiligen aufzunehmen. Rundherum erstrecken sich die Bogeng\u00e4nge der Prokuratie, in denen die B\u00fcros der neun Prokuratoren von San Marco untergebracht waren. Zwischen dem Markusplatz und dem Riva degli Schiavoni liegt der Dogenpalast,<br>der viele Jahrhunderte lang die Residenz des Dogen und der Regierung war. Die Skyline Venedigs dominiert der Campanile, der<br>nach seinem Einsturz am 14. Juli 1902 wieder aufgebaut wurde.<\/p>\n\n\n\n<figure class=\"wp-block-image size-large\"><img loading=\"lazy\" decoding=\"async\" width=\"1024\" height=\"704\" src=\"https:\/\/middelweb.de\/wordpress\/wp-content\/uploads\/2024\/03\/Venedig-2024-03-01_085489-1024x704.jpg\" alt=\"\" class=\"wp-image-11675\" srcset=\"https:\/\/middel-online.de\/wp-content\/uploads\/2024\/03\/Venedig-2024-03-01_085489-1024x704.jpg 1024w, https:\/\/middel-online.de\/wp-content\/uploads\/2024\/03\/Venedig-2024-03-01_085489-300x206.jpg 300w, https:\/\/middel-online.de\/wp-content\/uploads\/2024\/03\/Venedig-2024-03-01_085489-768x528.jpg 768w, https:\/\/middel-online.de\/wp-content\/uploads\/2024\/03\/Venedig-2024-03-01_085489.jpg 1152w\" sizes=\"auto, (max-width: 1024px) 100vw, 1024px\" \/><\/figure>\n\n\n\n<p>Was die Stadt so einzigartig macht, ist die erstaunliche Harmonie in Venedigs architektonischem Gesamtbild. Um sich einen Eindruck davon zu verschaffen, gen\u00fcgt eine Fahrt auf dem Canal Grande. Man startet an der Santa Maria della Salute, betrachtet die Silhouetten der opulenten Adelspal\u00e4ste, vom Palazzo Belloni-Battaglia bis zum Palazzo Marcello, in dem der Komponist Marcello geboren wurde, und vom Palazzo Vendramin Calergi \u00fcber Ca&#8217;Foscari, in dem heute die Universit\u00e4t untergebracht ist, weiter zu Ca&#8217;Dario und dem Palazzo Grassi. Direkt dahinter lassen sich die Umrisse der Kirchen Venedigs ausmachen, darunter Santa Maria dei Frari, San Rocco und Sant&#8217;Eustachio, in denen sich Kunstwerke von Tizian, Donatello, Tiepolo und Tintoretto befinden.<\/p>\n\n\n\n<p>Auch wenn die ruhmreichen Jahre Venedigs der Vergangenheit angeh\u00f6ren, ist die Stadt ein kulturelles Zentrum mit weltber\u00fchmten Ereignissen, wie dem Filmfestival oder der Biennale f\u00fcr Kunst und Architektur. Und mit Abschluss der Renovierungs arbeiten an La Fenice &#8211; einem Theater, das 1996 abbrannte -hat auch die Oper in Venedig wieder eine Heimat gefunden.<\/p>\n\n\n\n<p>Venedig ist eine einzigartige Stadt und all die Anstrengungen, die unternommen wurden, um ihr unsch\u00e4tzbar wertvolles Erbe zu erhalten, lassen sich nicht mehr z\u00e4hlen. Mittlerweile nimmt bereits die ganze Welt Anteil an dem \u00e4u\u00dferst schwierigen ,,Projekt Venedig&#8220;. Seit einigen Dekaden kommt es immer \u00f6fter zu \u00dcberschwemmungen und Hochwasser. Falls die Vorhersagen bez\u00fcglich der globalen Erw\u00e4rmung eintreffen, k\u00f6nnte Venedig schon Mitte des 21. Jahrhunderts bis zu hundert Mal pro Jahr unter Wasser stehen. Aus diesem Grund sind die wichtigsten und ambitioniertesten architektonischen Arbeiten in Venedig auch nicht sichtbar: Das Projekt Mose, ein System aus mobilen Fluttoren auf dem Grund der Lagune, soll das Acqua alta, das Hochwasser, in Zukunft an den drei Zug\u00e4ngen zum Mittelmeer (Chioggia, Lido und Malamocco) aussperren. Sobald das Wasser \u00fcber einen bestimmten Pegel steigt, werden die Tore aufgerichtet und bilden eine Barriere zwischen den Adriawellen und den kostbaren Sch\u00e4tzen in der Lagune.<\/p>\n\n\n\n<figure class=\"wp-block-image size-large\"><img loading=\"lazy\" decoding=\"async\" width=\"754\" height=\"907\" src=\"https:\/\/middelweb.de\/wordpress\/wp-content\/uploads\/2021\/02\/Venedig-94.jpg\" alt=\"\" class=\"wp-image-6153\" srcset=\"https:\/\/middel-online.de\/wp-content\/uploads\/2021\/02\/Venedig-94.jpg 754w, https:\/\/middel-online.de\/wp-content\/uploads\/2021\/02\/Venedig-94-249x300.jpg 249w\" sizes=\"auto, (max-width: 754px) 100vw, 754px\" \/><\/figure>\n\n\n\n<figure class=\"wp-block-image size-large\"><img loading=\"lazy\" decoding=\"async\" width=\"760\" height=\"1009\" src=\"https:\/\/middelweb.de\/wordpress\/wp-content\/uploads\/2021\/02\/Venedig-94-2.jpg\" alt=\"\" class=\"wp-image-6154\" srcset=\"https:\/\/middel-online.de\/wp-content\/uploads\/2021\/02\/Venedig-94-2.jpg 760w, https:\/\/middel-online.de\/wp-content\/uploads\/2021\/02\/Venedig-94-2-226x300.jpg 226w\" sizes=\"auto, (max-width: 760px) 100vw, 760px\" \/><\/figure>\n\n\n\n<figure class=\"wp-block-table\"><table><tbody><tr><td><img loading=\"lazy\" decoding=\"async\" width=\"250\" height=\"211\" class=\"wp-image-6158\" style=\"width: 250px;\" src=\"https:\/\/middelweb.de\/wordpress\/wp-content\/uploads\/2021\/02\/Venedig94_0007.jpg\" alt=\"\" srcset=\"https:\/\/middel-online.de\/wp-content\/uploads\/2021\/02\/Venedig94_0007.jpg 1164w, https:\/\/middel-online.de\/wp-content\/uploads\/2021\/02\/Venedig94_0007-300x254.jpg 300w, https:\/\/middel-online.de\/wp-content\/uploads\/2021\/02\/Venedig94_0007-1024x866.jpg 1024w, https:\/\/middel-online.de\/wp-content\/uploads\/2021\/02\/Venedig94_0007-768x649.jpg 768w\" sizes=\"auto, (max-width: 250px) 100vw, 250px\" \/><\/td><td><img loading=\"lazy\" decoding=\"async\" width=\"290\" height=\"193\" class=\"wp-image-6162\" style=\"width: 290px;\" src=\"https:\/\/middelweb.de\/wordpress\/wp-content\/uploads\/2021\/02\/Venedig94_0001.jpg\" alt=\"\" srcset=\"https:\/\/middel-online.de\/wp-content\/uploads\/2021\/02\/Venedig94_0001.jpg 1538w, https:\/\/middel-online.de\/wp-content\/uploads\/2021\/02\/Venedig94_0001-300x200.jpg 300w, https:\/\/middel-online.de\/wp-content\/uploads\/2021\/02\/Venedig94_0001-1024x681.jpg 1024w, https:\/\/middel-online.de\/wp-content\/uploads\/2021\/02\/Venedig94_0001-768x511.jpg 768w, https:\/\/middel-online.de\/wp-content\/uploads\/2021\/02\/Venedig94_0001-1536x1022.jpg 1536w\" sizes=\"auto, (max-width: 290px) 100vw, 290px\" \/><\/td><td><img loading=\"lazy\" decoding=\"async\" width=\"200\" height=\"214\" class=\"wp-image-6161\" style=\"width: 200px;\" src=\"https:\/\/middelweb.de\/wordpress\/wp-content\/uploads\/2021\/02\/Venedig94_0004.jpg\" alt=\"\" srcset=\"https:\/\/middel-online.de\/wp-content\/uploads\/2021\/02\/Venedig94_0004.jpg 621w, https:\/\/middel-online.de\/wp-content\/uploads\/2021\/02\/Venedig94_0004-281x300.jpg 281w\" sizes=\"auto, (max-width: 200px) 100vw, 200px\" \/><\/td><\/tr><\/tbody><\/table><\/figure>\n\n\n\n<figure class=\"wp-block-image size-large\"><img loading=\"lazy\" decoding=\"async\" width=\"1024\" height=\"677\" src=\"https:\/\/middelweb.de\/wordpress\/wp-content\/uploads\/2021\/02\/Venedig94-1024x677.jpg\" alt=\"\" class=\"wp-image-6159\" srcset=\"https:\/\/middel-online.de\/wp-content\/uploads\/2021\/02\/Venedig94-1024x677.jpg 1024w, https:\/\/middel-online.de\/wp-content\/uploads\/2021\/02\/Venedig94-300x198.jpg 300w, https:\/\/middel-online.de\/wp-content\/uploads\/2021\/02\/Venedig94-768x508.jpg 768w, https:\/\/middel-online.de\/wp-content\/uploads\/2021\/02\/Venedig94-1536x1016.jpg 1536w, https:\/\/middel-online.de\/wp-content\/uploads\/2021\/02\/Venedig94-2048x1355.jpg 2048w\" sizes=\"auto, (max-width: 1024px) 100vw, 1024px\" \/><\/figure>\n\n\n\n<figure class=\"wp-block-gallery has-nested-images columns-2 is-cropped wp-block-gallery-1 is-layout-flex wp-block-gallery-is-layout-flex\">\n<figure class=\"wp-block-image size-large\"><img loading=\"lazy\" decoding=\"async\" width=\"568\" height=\"1024\" data-id=\"9417\" src=\"https:\/\/middelweb.de\/wordpress\/wp-content\/uploads\/2021\/03\/1994-HJ-2.39-568x1024.jpg\" alt=\"\" class=\"wp-image-9417\" srcset=\"https:\/\/middel-online.de\/wp-content\/uploads\/2021\/03\/1994-HJ-2.39-568x1024.jpg 568w, https:\/\/middel-online.de\/wp-content\/uploads\/2021\/03\/1994-HJ-2.39-166x300.jpg 166w, https:\/\/middel-online.de\/wp-content\/uploads\/2021\/03\/1994-HJ-2.39-768x1385.jpg 768w, https:\/\/middel-online.de\/wp-content\/uploads\/2021\/03\/1994-HJ-2.39-852x1536.jpg 852w, https:\/\/middel-online.de\/wp-content\/uploads\/2021\/03\/1994-HJ-2.39-1136x2048.jpg 1136w, https:\/\/middel-online.de\/wp-content\/uploads\/2021\/03\/1994-HJ-2.39-scaled.jpg 1420w\" sizes=\"auto, (max-width: 568px) 100vw, 568px\" \/><\/figure>\n\n\n\n<figure class=\"wp-block-image size-large\"><img loading=\"lazy\" decoding=\"async\" width=\"580\" height=\"1024\" data-id=\"9416\" src=\"https:\/\/middelweb.de\/wordpress\/wp-content\/uploads\/2021\/03\/1994-HJ-2.38-580x1024.jpg\" alt=\"\" class=\"wp-image-9416\" srcset=\"https:\/\/middel-online.de\/wp-content\/uploads\/2021\/03\/1994-HJ-2.38-580x1024.jpg 580w, https:\/\/middel-online.de\/wp-content\/uploads\/2021\/03\/1994-HJ-2.38-170x300.jpg 170w, https:\/\/middel-online.de\/wp-content\/uploads\/2021\/03\/1994-HJ-2.38-768x1355.jpg 768w, https:\/\/middel-online.de\/wp-content\/uploads\/2021\/03\/1994-HJ-2.38-871x1536.jpg 871w, https:\/\/middel-online.de\/wp-content\/uploads\/2021\/03\/1994-HJ-2.38-1161x2048.jpg 1161w, https:\/\/middel-online.de\/wp-content\/uploads\/2021\/03\/1994-HJ-2.38-scaled.jpg 1451w\" sizes=\"auto, (max-width: 580px) 100vw, 580px\" \/><\/figure>\n\n\n\n<figure class=\"wp-block-image size-large\"><img loading=\"lazy\" decoding=\"async\" width=\"1024\" height=\"863\" data-id=\"9415\" src=\"https:\/\/middelweb.de\/wordpress\/wp-content\/uploads\/2021\/03\/1994-HJ-2.37-1024x863.jpg\" alt=\"\" class=\"wp-image-9415\" srcset=\"https:\/\/middel-online.de\/wp-content\/uploads\/2021\/03\/1994-HJ-2.37-1024x863.jpg 1024w, https:\/\/middel-online.de\/wp-content\/uploads\/2021\/03\/1994-HJ-2.37-300x253.jpg 300w, https:\/\/middel-online.de\/wp-content\/uploads\/2021\/03\/1994-HJ-2.37-768x648.jpg 768w, https:\/\/middel-online.de\/wp-content\/uploads\/2021\/03\/1994-HJ-2.37-1536x1295.jpg 1536w, https:\/\/middel-online.de\/wp-content\/uploads\/2021\/03\/1994-HJ-2.37-2048x1727.jpg 2048w\" sizes=\"auto, (max-width: 1024px) 100vw, 1024px\" \/><\/figure>\n<\/figure>\n\n\n\n<figure class=\"wp-block-image size-large\"><img loading=\"lazy\" decoding=\"async\" width=\"968\" height=\"1024\" src=\"https:\/\/middelweb.de\/wordpress\/wp-content\/uploads\/2021\/03\/1994-HJ-2.43-968x1024.jpg\" alt=\"\" class=\"wp-image-9436\" srcset=\"https:\/\/middel-online.de\/wp-content\/uploads\/2021\/03\/1994-HJ-2.43-968x1024.jpg 968w, https:\/\/middel-online.de\/wp-content\/uploads\/2021\/03\/1994-HJ-2.43-284x300.jpg 284w, https:\/\/middel-online.de\/wp-content\/uploads\/2021\/03\/1994-HJ-2.43-768x812.jpg 768w, https:\/\/middel-online.de\/wp-content\/uploads\/2021\/03\/1994-HJ-2.43-1452x1536.jpg 1452w, https:\/\/middel-online.de\/wp-content\/uploads\/2021\/03\/1994-HJ-2.43.jpg 1561w\" sizes=\"auto, (max-width: 968px) 100vw, 968px\" \/><\/figure>\n\n\n\n<figure class=\"wp-block-image size-large\"><img loading=\"lazy\" decoding=\"async\" width=\"729\" height=\"1024\" src=\"https:\/\/middelweb.de\/wordpress\/wp-content\/uploads\/2021\/03\/1994-HJ-2.42-729x1024.jpg\" alt=\"\" class=\"wp-image-9438\" srcset=\"https:\/\/middel-online.de\/wp-content\/uploads\/2021\/03\/1994-HJ-2.42-729x1024.jpg 729w, https:\/\/middel-online.de\/wp-content\/uploads\/2021\/03\/1994-HJ-2.42-214x300.jpg 214w, https:\/\/middel-online.de\/wp-content\/uploads\/2021\/03\/1994-HJ-2.42-768x1079.jpg 768w, https:\/\/middel-online.de\/wp-content\/uploads\/2021\/03\/1994-HJ-2.42-1093x1536.jpg 1093w, https:\/\/middel-online.de\/wp-content\/uploads\/2021\/03\/1994-HJ-2.42-1458x2048.jpg 1458w, https:\/\/middel-online.de\/wp-content\/uploads\/2021\/03\/1994-HJ-2.42-scaled.jpg 1822w\" sizes=\"auto, (max-width: 729px) 100vw, 729px\" \/><\/figure>\n\n\n\nngg_shortcode_0_placeholder\n\n\n\n<p><a href=\"https:\/\/middel-online.de\/?page_id=7634\" data-type=\"page\" data-id=\"7634\">Venedig 1997<\/a><\/p>\n\n\n\nngg_shortcode_1_placeholder\n","protected":false},"excerpt":{"rendered":"<p>Bis zum Anfang des 20. Jahrhunderts konnte man den Canal Grande nur mit dem Boot \u00fcberqueren oder die einzige Br\u00fccke nehmen,die sich \u00fcber den breiten Wasserweg spannte. Die Rede ist von der ber\u00fchmten Rialtobr\u00fccke,&#46;&#46;&#46;<\/p>\n","protected":false},"author":1,"featured_media":0,"parent":0,"menu_order":0,"comment_status":"closed","ping_status":"closed","template":"","meta":{"ngg_post_thumbnail":0,"footnotes":""},"class_list":["post-6147","page","type-page","status-publish","hentry"],"_links":{"self":[{"href":"https:\/\/middel-online.de\/index.php?rest_route=\/wp\/v2\/pages\/6147","targetHints":{"allow":["GET"]}}],"collection":[{"href":"https:\/\/middel-online.de\/index.php?rest_route=\/wp\/v2\/pages"}],"about":[{"href":"https:\/\/middel-online.de\/index.php?rest_route=\/wp\/v2\/types\/page"}],"author":[{"embeddable":true,"href":"https:\/\/middel-online.de\/index.php?rest_route=\/wp\/v2\/users\/1"}],"replies":[{"embeddable":true,"href":"https:\/\/middel-online.de\/index.php?rest_route=%2Fwp%2Fv2%2Fcomments&post=6147"}],"version-history":[{"count":13,"href":"https:\/\/middel-online.de\/index.php?rest_route=\/wp\/v2\/pages\/6147\/revisions"}],"predecessor-version":[{"id":12397,"href":"https:\/\/middel-online.de\/index.php?rest_route=\/wp\/v2\/pages\/6147\/revisions\/12397"}],"wp:attachment":[{"href":"https:\/\/middel-online.de\/index.php?rest_route=%2Fwp%2Fv2%2Fmedia&parent=6147"}],"curies":[{"name":"wp","href":"https:\/\/api.w.org\/{rel}","templated":true}]}}