{"id":613,"date":"2021-02-02T14:15:57","date_gmt":"2021-02-02T13:15:57","guid":{"rendered":"https:\/\/middelweb.de\/wordpress\/?page_id=613"},"modified":"2024-02-24T16:29:49","modified_gmt":"2024-02-24T15:29:49","slug":"lissabon-2008","status":"publish","type":"page","link":"https:\/\/middel-online.de\/?page_id=613","title":{"rendered":"Lissabon 2008"},"content":{"rendered":"\n<p>Kurztrip mit Angi nach Portugal<\/p>\n\n\n\n<figure class=\"wp-block-image size-large\"><img loading=\"lazy\" decoding=\"async\" width=\"1024\" height=\"770\" src=\"https:\/\/middelweb.de\/wordpress\/wp-content\/uploads\/2021\/02\/Lissabon2008_0010-1024x770.jpg\" alt=\"\" class=\"wp-image-4700\" srcset=\"https:\/\/middel-online.de\/wp-content\/uploads\/2021\/02\/Lissabon2008_0010-1024x770.jpg 1024w, https:\/\/middel-online.de\/wp-content\/uploads\/2021\/02\/Lissabon2008_0010-300x226.jpg 300w, https:\/\/middel-online.de\/wp-content\/uploads\/2021\/02\/Lissabon2008_0010-768x578.jpg 768w, https:\/\/middel-online.de\/wp-content\/uploads\/2021\/02\/Lissabon2008_0010-1536x1155.jpg 1536w, https:\/\/middel-online.de\/wp-content\/uploads\/2021\/02\/Lissabon2008_0010.jpg 1542w\" sizes=\"auto, (max-width: 1024px) 100vw, 1024px\" \/><\/figure>\n\n\n\n<figure class=\"wp-block-table is-style-regular\"><table><tbody><tr><td><img loading=\"lazy\" decoding=\"async\" width=\"200\" height=\"260\" class=\"wp-image-4702\" style=\"width: 200px;\" src=\"https:\/\/middelweb.de\/wordpress\/wp-content\/uploads\/2021\/02\/Lissabon2008.jpg\" alt=\"\" srcset=\"https:\/\/middel-online.de\/wp-content\/uploads\/2021\/02\/Lissabon2008.jpg 626w, https:\/\/middel-online.de\/wp-content\/uploads\/2021\/02\/Lissabon2008-230x300.jpg 230w\" sizes=\"auto, (max-width: 200px) 100vw, 200px\" \/><\/td><td><img loading=\"lazy\" decoding=\"async\" width=\"250\" height=\"164\" class=\"wp-image-4704\" style=\"width: 250px;\" src=\"https:\/\/middelweb.de\/wordpress\/wp-content\/uploads\/2021\/02\/Lissabon2008_0003.jpg\" alt=\"\" srcset=\"https:\/\/middel-online.de\/wp-content\/uploads\/2021\/02\/Lissabon2008_0003.jpg 1043w, https:\/\/middel-online.de\/wp-content\/uploads\/2021\/02\/Lissabon2008_0003-300x196.jpg 300w, https:\/\/middel-online.de\/wp-content\/uploads\/2021\/02\/Lissabon2008_0003-1024x671.jpg 1024w, https:\/\/middel-online.de\/wp-content\/uploads\/2021\/02\/Lissabon2008_0003-768x503.jpg 768w\" sizes=\"auto, (max-width: 250px) 100vw, 250px\" \/><\/td><td><img loading=\"lazy\" decoding=\"async\" width=\"200\" height=\"279\" class=\"wp-image-4705\" style=\"width: 200px;\" src=\"https:\/\/middelweb.de\/wordpress\/wp-content\/uploads\/2021\/02\/Lissabon2008_0004.jpg\" alt=\"\" srcset=\"https:\/\/middel-online.de\/wp-content\/uploads\/2021\/02\/Lissabon2008_0004.jpg 1059w, https:\/\/middel-online.de\/wp-content\/uploads\/2021\/02\/Lissabon2008_0004-215x300.jpg 215w, https:\/\/middel-online.de\/wp-content\/uploads\/2021\/02\/Lissabon2008_0004-734x1024.jpg 734w, https:\/\/middel-online.de\/wp-content\/uploads\/2021\/02\/Lissabon2008_0004-768x1072.jpg 768w\" sizes=\"auto, (max-width: 200px) 100vw, 200px\" \/><\/td><\/tr><tr><td><img loading=\"lazy\" decoding=\"async\" width=\"250\" height=\"93\" class=\"wp-image-4706\" style=\"width: 250px;\" src=\"https:\/\/middelweb.de\/wordpress\/wp-content\/uploads\/2021\/02\/Lissabon2008_0005.jpg\" alt=\"\" srcset=\"https:\/\/middel-online.de\/wp-content\/uploads\/2021\/02\/Lissabon2008_0005.jpg 1709w, https:\/\/middel-online.de\/wp-content\/uploads\/2021\/02\/Lissabon2008_0005-300x112.jpg 300w, https:\/\/middel-online.de\/wp-content\/uploads\/2021\/02\/Lissabon2008_0005-1024x383.jpg 1024w, https:\/\/middel-online.de\/wp-content\/uploads\/2021\/02\/Lissabon2008_0005-768x287.jpg 768w, https:\/\/middel-online.de\/wp-content\/uploads\/2021\/02\/Lissabon2008_0005-1536x574.jpg 1536w\" sizes=\"auto, (max-width: 250px) 100vw, 250px\" \/><\/td><td><img loading=\"lazy\" decoding=\"async\" width=\"280\" height=\"72\" class=\"wp-image-4707\" style=\"width: 280px;\" src=\"https:\/\/middelweb.de\/wordpress\/wp-content\/uploads\/2021\/02\/Lissabon2008_0006.jpg\" alt=\"\" srcset=\"https:\/\/middel-online.de\/wp-content\/uploads\/2021\/02\/Lissabon2008_0006.jpg 1418w, https:\/\/middel-online.de\/wp-content\/uploads\/2021\/02\/Lissabon2008_0006-300x77.jpg 300w, https:\/\/middel-online.de\/wp-content\/uploads\/2021\/02\/Lissabon2008_0006-1024x264.jpg 1024w, https:\/\/middel-online.de\/wp-content\/uploads\/2021\/02\/Lissabon2008_0006-768x198.jpg 768w\" sizes=\"auto, (max-width: 280px) 100vw, 280px\" \/><\/td><td><img loading=\"lazy\" decoding=\"async\" width=\"250\" height=\"81\" class=\"wp-image-4709\" style=\"width: 250px;\" src=\"https:\/\/middelweb.de\/wordpress\/wp-content\/uploads\/2021\/02\/Lissabon2008_0008.jpg\" alt=\"\" srcset=\"https:\/\/middel-online.de\/wp-content\/uploads\/2021\/02\/Lissabon2008_0008.jpg 2006w, https:\/\/middel-online.de\/wp-content\/uploads\/2021\/02\/Lissabon2008_0008-300x97.jpg 300w, https:\/\/middel-online.de\/wp-content\/uploads\/2021\/02\/Lissabon2008_0008-1024x330.jpg 1024w, https:\/\/middel-online.de\/wp-content\/uploads\/2021\/02\/Lissabon2008_0008-768x248.jpg 768w, https:\/\/middel-online.de\/wp-content\/uploads\/2021\/02\/Lissabon2008_0008-1536x495.jpg 1536w\" sizes=\"auto, (max-width: 250px) 100vw, 250px\" \/><\/td><\/tr><\/tbody><\/table><\/figure>\n\n\n\n<p>Portugals ber\u00fchmtester Dichter Fernando Pessoa schrieb: \u201eJedes Pier ist steingewordene Nostalgie&#8220;. Ein wundersch\u00f6nes Bild, das sich in Lissabon, mehr als anderswo auf der Welt, zur greifbaren Realit\u00e4t wird. Hier erscheint einem sogar die Legende, dass Odysseus, der erste Seefahrer der Geschichte &#8211; oder vielmehr der Mythologie -, Lissabon gegr\u00fcndet haben soll, beinahe plausibel.<\/p>\n\n\n\n<p>Lissabon ist finis terrae, der letzte europ\u00e4ische Au\u00dfenposten, erbaut am Fluss Tejo, der sich wie ein Tor zum Ozean \u00f6ffnet. Die Geschichte, \u00d6konomie und die Fantasien, die mit dieser Stadt verkn\u00fcpft sind, machen sie zu einer Br\u00fccke zwischen dem Ozean und dem Festland, aber auch zwischen den zwei Kontinenten Europa und Amerika. Seit Jahrhunderten knabbert die Meeresbrise die Fassaden der Monumente an und tr\u00e4gt die traurigen Kl\u00e4nge des Fado, jener Musik voller Heimweh oder Sehnsucht nach anderen L\u00e4ndern, durch die Gassen. Das Muster der Azulejos, der maurischen Fliesen, die viele Geb\u00e4ude verkleiden, leuchtet in den Farben des Atlantiks. Der Ozean war Zeuge bei der Wiedergeburt der Stadt am 25. April 1974 (als der herrschende Diktator Salazar in einer unblutigen Revolution gest\u00fcrzt wurde), welche wiederum 1998 in einer spektakul\u00e4ren Weltausstellung im internationalen Rampenlicht gipfelte. Dieses Ereignis katapultierte Portugal in die Moderne und war Ausl\u00f6ser f\u00fcr den Bau etlicher au\u00dfergew\u00f6hnlicher Geb\u00e4ude, von denen sich viele im Parque das Na\u00e7\u00f5es (Park der Nationen) befinden, einem Ort, der auf dem Wasser zu schweben scheint. Besonders eindrucksvoll sind der Pavilh\u00e3o Atl\u00e2ntico, ein Entwurf von Regino Cruz in Zusammenarbeit mit der Firma Skidmore, Owings and Merrill, der Pavilh\u00e3o do Portugal von \u00c1lvaro Siza Vieira, sowie Peter Chermayeffs Ocean\u00e1rio. Die Werke dieser Designer sind allesamt von organischen Formen wie Muscheln und Fischen oder den Schiffen, die nach Indien segeln, inspiriert. Ein ebenfalls organischer Entwurf liegt dem Esta\u00e7o de Oriente zugrunde. Dieser majest\u00e4tisch wirkende Bahnhof aus dem Jahr 1998 ist ein Werk von Santiago Calvatrava, dessen Dach von schlanken S\u00e4ulen getragen wird, die an tropische Palmen erinnern.<\/p>\n\n\n\n<p>Die repr\u00e4sentativsten Wahrzeichen Lissabons liegen am Wasser. Der Torre do Bel\u00e9m wurde zwischen 1515 und 1520 an der Tejo- M\u00fcndung erbaut. Aus unserer Zeit stammen der Vasco da Gama Turm, mit 145 Metern das h\u00f6chste Bauwerk der Stadt und die Vasco da Gama Br\u00fccke, mit 17,2 km die l\u00e4ngste Br\u00fccke Europas. Im Jahr 2001 entstand nach einem Entwurf von Gon\u00e7a Byrne ein weiteres, au\u00dfergew\u00f6hnliches Geb\u00e4ude, der Hafenkortrollturm. Dieses Geb\u00e4ude, das zu zwei Dritteln mit Kupfertafel verkleidet ist, beherbergt die Hafenbeh\u00f6rde und unterstreicht das Erscheinungsbild, das die Stadt der Welt bieten m\u00f6chte.<\/p>\n\n\n\n<p>Trotz der ambitionierten Werke, die der Stadt neue Struktur verliehen haben &#8211; wie z. B. die Renovierung der Docks von Alc\u00e2ntara oder die Erweiterung der Museen nach Entw\u00fcrfen ber\u00fchmter Architekten konnte sich Lissabon seinen dekadenten und vertr\u00e4umten Charme bewahren und seine alten Sch\u00e4tze rufen heute noch \u00fcberall Bewunderung hervor. Dazu z\u00e4hlen unter anderem das Mosteiro de los Jer\u00f3nimos, ein Meisterwerk im Manuelino-Stil (nach Manuel I. benannt, der Portugal Anfang des 16. Jh. regierte), wo Vasco da Gama und Lu\u00eds Vaz de Cam\u00f5es ihre letzte Ruhest\u00e4tte fanden, das mittelalterliche Castelo de S\u00e3o Jorge, sowie die gotische Igreja do Carmo, deren Dach bei dem dramatischen Erdbeben von 1755 einst\u00fcrzte und deren Gerippe sich heute wie ein Geisterschiff \u00fcber der Skyline der Stadt erhebt.<\/p>\n\n\n\n<p>Das alte Lissabon ist einfach zauberhaft, wenn man es von einer altmodischen Trambahn aus betrachtet, die sich langsam durch die Stra\u00dfen des Alfama-Viertels windet, oder vom Santa Justa Aufzug im Chiado-Viertel aus, der die ,,obere&#8220; mit der unteren&#8220; Stadt verbindet. Ins ,,obere&#8220; Lissabon zog sich der Dichter Pessoa nach seinem lngen Aufenthalt in S\u00fcdafrika zur\u00fcck, fest entschlossen, diesen Teil der Stadt nie wieder zu verlassen. In Pessoas autobiografischem Werk ,,Buch der Unruhe&#8220; lesen wir: \u201eReisen? Existieren ist reisen genug.&#8220;<\/p>\n\n\n\n<figure class=\"wp-block-image size-large\"><img loading=\"lazy\" decoding=\"async\" width=\"505\" height=\"1024\" src=\"https:\/\/middelweb.de\/wordpress\/wp-content\/uploads\/2021\/02\/Lissabon2008_0007-505x1024.jpg\" alt=\"\" class=\"wp-image-4708\" srcset=\"https:\/\/middel-online.de\/wp-content\/uploads\/2021\/02\/Lissabon2008_0007-505x1024.jpg 505w, https:\/\/middel-online.de\/wp-content\/uploads\/2021\/02\/Lissabon2008_0007-148x300.jpg 148w, https:\/\/middel-online.de\/wp-content\/uploads\/2021\/02\/Lissabon2008_0007-768x1557.jpg 768w, https:\/\/middel-online.de\/wp-content\/uploads\/2021\/02\/Lissabon2008_0007-758x1536.jpg 758w, https:\/\/middel-online.de\/wp-content\/uploads\/2021\/02\/Lissabon2008_0007-1010x2048.jpg 1010w, https:\/\/middel-online.de\/wp-content\/uploads\/2021\/02\/Lissabon2008_0007.jpg 1027w\" sizes=\"auto, (max-width: 505px) 100vw, 505px\" \/><\/figure>\n\n\n\n<p>Dieses Restaurant bot phantastische Speisen und Wein (auch wenn wir weder die Speisekarte noch die Leute verstanden haben)<\/p>\n\n\n\n<figure class=\"wp-block-table is-style-regular\"><table><tbody><tr><td><img loading=\"lazy\" decoding=\"async\" width=\"550\" height=\"174\" class=\"wp-image-4703\" style=\"width: 550px;\" src=\"https:\/\/middelweb.de\/wordpress\/wp-content\/uploads\/2021\/02\/Lissabon2008_0002.jpg\" alt=\"\" srcset=\"https:\/\/middel-online.de\/wp-content\/uploads\/2021\/02\/Lissabon2008_0002.jpg 2120w, https:\/\/middel-online.de\/wp-content\/uploads\/2021\/02\/Lissabon2008_0002-300x95.jpg 300w, https:\/\/middel-online.de\/wp-content\/uploads\/2021\/02\/Lissabon2008_0002-1024x323.jpg 1024w, https:\/\/middel-online.de\/wp-content\/uploads\/2021\/02\/Lissabon2008_0002-768x242.jpg 768w, https:\/\/middel-online.de\/wp-content\/uploads\/2021\/02\/Lissabon2008_0002-1536x485.jpg 1536w, https:\/\/middel-online.de\/wp-content\/uploads\/2021\/02\/Lissabon2008_0002-2048x646.jpg 2048w\" sizes=\"auto, (max-width: 550px) 100vw, 550px\" \/><\/td><td><img loading=\"lazy\" decoding=\"async\" width=\"200\" height=\"269\" class=\"wp-image-4701\" style=\"width: 200px;\" src=\"https:\/\/middelweb.de\/wordpress\/wp-content\/uploads\/2021\/02\/Lissabon2008_0009.jpg\" alt=\"\" srcset=\"https:\/\/middel-online.de\/wp-content\/uploads\/2021\/02\/Lissabon2008_0009.jpg 658w, https:\/\/middel-online.de\/wp-content\/uploads\/2021\/02\/Lissabon2008_0009-223x300.jpg 223w\" sizes=\"auto, (max-width: 200px) 100vw, 200px\" \/><\/td><\/tr><\/tbody><\/table><\/figure>\n\n\n\nngg_shortcode_0_placeholder\n","protected":false},"excerpt":{"rendered":"<p>Kurztrip mit Angi nach Portugal Portugals ber\u00fchmtester Dichter Fernando Pessoa schrieb: \u201eJedes Pier ist steingewordene Nostalgie&#8220;. Ein wundersch\u00f6nes Bild, das sich in Lissabon, mehr als anderswo auf der Welt, zur greifbaren Realit\u00e4t wird. Hier&#46;&#46;&#46;<\/p>\n","protected":false},"author":1,"featured_media":0,"parent":0,"menu_order":0,"comment_status":"closed","ping_status":"closed","template":"","meta":{"ngg_post_thumbnail":0,"footnotes":""},"class_list":["post-613","page","type-page","status-publish","hentry"],"_links":{"self":[{"href":"https:\/\/middel-online.de\/index.php?rest_route=\/wp\/v2\/pages\/613","targetHints":{"allow":["GET"]}}],"collection":[{"href":"https:\/\/middel-online.de\/index.php?rest_route=\/wp\/v2\/pages"}],"about":[{"href":"https:\/\/middel-online.de\/index.php?rest_route=\/wp\/v2\/types\/page"}],"author":[{"embeddable":true,"href":"https:\/\/middel-online.de\/index.php?rest_route=\/wp\/v2\/users\/1"}],"replies":[{"embeddable":true,"href":"https:\/\/middel-online.de\/index.php?rest_route=%2Fwp%2Fv2%2Fcomments&post=613"}],"version-history":[{"count":7,"href":"https:\/\/middel-online.de\/index.php?rest_route=\/wp\/v2\/pages\/613\/revisions"}],"predecessor-version":[{"id":11435,"href":"https:\/\/middel-online.de\/index.php?rest_route=\/wp\/v2\/pages\/613\/revisions\/11435"}],"wp:attachment":[{"href":"https:\/\/middel-online.de\/index.php?rest_route=%2Fwp%2Fv2%2Fmedia&parent=613"}],"curies":[{"name":"wp","href":"https:\/\/api.w.org\/{rel}","templated":true}]}}