{"id":611,"date":"2021-02-02T14:15:27","date_gmt":"2021-02-02T13:15:27","guid":{"rendered":"https:\/\/middelweb.de\/wordpress\/?page_id=611"},"modified":"2024-09-30T12:34:38","modified_gmt":"2024-09-30T11:34:38","slug":"paris-2008","status":"publish","type":"page","link":"https:\/\/middel-online.de\/?page_id=611","title":{"rendered":"Paris 2008"},"content":{"rendered":"\n<figure class=\"wp-block-image size-large\"><img loading=\"lazy\" decoding=\"async\" width=\"744\" height=\"1024\" src=\"https:\/\/middelweb.de\/wordpress\/wp-content\/uploads\/2021\/02\/Paris2008-1-744x1024.jpg\" alt=\"\" class=\"wp-image-5568\" srcset=\"https:\/\/middel-online.de\/wp-content\/uploads\/2021\/02\/Paris2008-1-744x1024.jpg 744w, https:\/\/middel-online.de\/wp-content\/uploads\/2021\/02\/Paris2008-1-218x300.jpg 218w, https:\/\/middel-online.de\/wp-content\/uploads\/2021\/02\/Paris2008-1-768x1057.jpg 768w, https:\/\/middel-online.de\/wp-content\/uploads\/2021\/02\/Paris2008-1-1117x1536.jpg 1117w, https:\/\/middel-online.de\/wp-content\/uploads\/2021\/02\/Paris2008-1-1489x2048.jpg 1489w, https:\/\/middel-online.de\/wp-content\/uploads\/2021\/02\/Paris2008-1-scaled.jpg 1861w\" sizes=\"auto, (max-width: 744px) 100vw, 744px\" \/><\/figure>\n\n\n\n<figure class=\"wp-block-image size-large is-resized\"><img loading=\"lazy\" decoding=\"async\" width=\"1024\" height=\"712\" src=\"https:\/\/middelweb.de\/wordpress\/wp-content\/uploads\/2024\/02\/Dokument_2024-02-24_170627-1024x712.jpg\" alt=\"\" class=\"wp-image-11441\" style=\"width:800px;height:auto\" srcset=\"https:\/\/middel-online.de\/wp-content\/uploads\/2024\/02\/Dokument_2024-02-24_170627-1024x712.jpg 1024w, https:\/\/middel-online.de\/wp-content\/uploads\/2024\/02\/Dokument_2024-02-24_170627-300x209.jpg 300w, https:\/\/middel-online.de\/wp-content\/uploads\/2024\/02\/Dokument_2024-02-24_170627-768x534.jpg 768w, https:\/\/middel-online.de\/wp-content\/uploads\/2024\/02\/Dokument_2024-02-24_170627-1536x1068.jpg 1536w, https:\/\/middel-online.de\/wp-content\/uploads\/2024\/02\/Dokument_2024-02-24_170627-2048x1425.jpg 2048w\" sizes=\"auto, (max-width: 1024px) 100vw, 1024px\" \/><\/figure>\n\n\n\n<figure class=\"wp-block-image size-large is-resized\"><img loading=\"lazy\" decoding=\"async\" width=\"1024\" height=\"701\" src=\"https:\/\/middel-online.de\/wp-content\/uploads\/2024\/09\/Paris-1024x701.jpg\" alt=\"\" class=\"wp-image-12507\" style=\"width:796px;height:auto\" srcset=\"https:\/\/middel-online.de\/wp-content\/uploads\/2024\/09\/Paris-1024x701.jpg 1024w, https:\/\/middel-online.de\/wp-content\/uploads\/2024\/09\/Paris-300x205.jpg 300w, https:\/\/middel-online.de\/wp-content\/uploads\/2024\/09\/Paris-768x526.jpg 768w, https:\/\/middel-online.de\/wp-content\/uploads\/2024\/09\/Paris-1536x1051.jpg 1536w, https:\/\/middel-online.de\/wp-content\/uploads\/2024\/09\/Paris-2048x1402.jpg 2048w\" sizes=\"auto, (max-width: 1024px) 100vw, 1024px\" \/><\/figure>\n\n\n\n<figure class=\"wp-block-image size-large\"><img loading=\"lazy\" decoding=\"async\" width=\"801\" height=\"635\" src=\"https:\/\/middelweb.de\/wordpress\/wp-content\/uploads\/2021\/02\/carte-paris.bmp\" alt=\"\" class=\"wp-image-5569\" srcset=\"https:\/\/middel-online.de\/wp-content\/uploads\/2021\/02\/carte-paris.bmp 801w, https:\/\/middel-online.de\/wp-content\/uploads\/2021\/02\/carte-paris-300x238.jpg 300w, https:\/\/middel-online.de\/wp-content\/uploads\/2021\/02\/carte-paris-768x609.jpg 768w\" sizes=\"auto, (max-width: 801px) 100vw, 801px\" \/><\/figure>\n\n\n\n<p>Um 250 v.Chr. gr\u00fcndete der Stamm der Parisii in einer sumpfigen und unwirtlichen Gegend eine bescheidene keltische Siedlung. In ersten schriftlichen Aufzeichnungen wird sie Lutetia genannt und als Hauptstadt der von Julius Caesar eroberten Provinz Gallien bezeichnet. Die Geschichte der Stadt verlief wechselhaft, bis sie im 12. Jahrhundert zu einem Zentrum der gotischen Architektur avancierte, mit Meisterwerken wie der Kathedrale von N\u00f4tre-Dame oder der Sainte Chapelle, die noch immer das Bild der \u00cele de la Cit\u00e9, des historischen und romantischen Kerns der Stadt, pr\u00e4gen. Als Paris jedoch in der Mitte des 13. Jahrhunderts durch die in Europa w\u00fctende Pest und den nicht enden wollenden Krieg mit England geschw\u00e4cht wurde, fiel die Stadt wieder in Bedeutungslosigkeit zur\u00fcck.<\/p>\n\n\n\n<p>Bis zur Mitte des 16. Jahrhunderts war das politische Klima im zerst\u00f6rten K\u00f6nigreich Frankreich von Instabilit\u00e4t und internem Zerfall gepr\u00e4gt. Erst der von Franz I. errichtete pr\u00e4chtige Renaissance-Palast konnte Paris zu neuem Glanz verhelfen. Es brauchte 3 Jahrhunderte, sieben verschiedene Herrscher und ein Heer von Architekten (darunter Gian Lorenzo Bernini, dessen Pl\u00e4ne von Louis XIV. abgelehnt wurden), ehe der Louvre endlich fertig war. Trotzdem d\u00fcrfte es wohl dieses fr\u00fche Konzept der Pracht gewesen sein, das Paris zur Ville Lumi\u00e8re, der Stadt des Lichts, gemacht hat. <\/p>\n\n\n\n<p>In der Tat war das 17. Jahrhundert ein goldenes Zeitalter f\u00fcr Paris. Zu dieser Zeit lie\u00df Louis XIV., der mit seinem Hof nach Versailles umgezogen war, das H\u00f4tel des Invalides erbauen. Das Coll\u00e8ge des Quatre Nations entstand auf Wunsch des m\u00e4chtige Kardinals Mazarin. Im 18. Jahrhundert errichtete Louis XV. den Place de la Concorde und die \u00c9cole Militaire, mit dem milit\u00e4rischen \u00dcbungsplatz Champs de Mars, der nach dem Kriegsgott Mars benannt wurde, und sich bis zur Seine erstreckt. Das Herz der Stadt schlug jedoch im mittelalterlichen Paris, einem Labyrinth aus dunklen Gassen, was sich die Aufst\u00e4ndischen bald zu Nutze machten. Im Jahr 1789 brach die Franz\u00f6sischen Revolution aus. In den Stra\u00dfen wurden Barrikaden errichtet und den k\u00f6niglichen Truppen aufgelauert. Die Zeit, die nun folgte, war von Chaos bestimmt. Schlie\u00dflich erstickte die Volksrevolution. jedoch an ihrer eigenen Gewalt und machte den Weg frei f\u00fcr einen kleinen, autorit\u00e4ren Soldaten aus Korsika, der die Macht ergriff, sich selbst zum Kaiser kr\u00f6nte und frech die europ\u00e4ischen Monarchien herausforderte. In den Jahren zwischen seinem Aufstieg und seinem Fall lie\u00df Napoleon Bonaparte die \u00c9glise de la Madeleine erweitern, die Ufer der Seine durch steinerne Kais abst\u00fctzen und nach der siegreichen Schlacht bei Austerlitz den Arc de Triomphe errichten.<\/p>\n\n\n\n<p>Doch der Ruhm war nur von kurzer Dauer. Nachdem Frankreich die Schlacht bei Waterloo verloren hatte, brachen in Paris politische Unruhen aus, die mehrere Jahrzehnte anhielten. Mitte des 19. Jh., als die Bev\u00f6lkerung der Stadt die Millionengrenze \u00fcberschritten hatte, lie\u00df sich Napoleons Neffe Louis Bonaparte zum Kaiser Napoleon III. ausrufen. Unter seiner Herrschaft wurde Paris durch die revolution\u00e4re Stadtplanung von Baron Georges Haussmann zur Hauptstadt Europas. Der Architekt des Kaisers lie\u00df breite Durchgangsstra\u00dfen anlegen, die strahlen f\u00f6rmig vom Place de l&#8217;\u00c9toile wegf\u00fchrten. Er entwarf prachtvolle Boulevards mit neuen M\u00e4rkten, wo die finanzielle, industrielle und kulturelle Bourgeoisie ihre luxuri\u00f6sen H\u00e4user errichten konnte. Die mittelalterliche Stadt wurde zur modernen Metropole und konnte nun gut ger\u00fcstet der industriellen Revolution und der Erfindung des Autos entgegensehen.<\/p>\n\n\n\n<p>Dies war das Paris, in dem Charles Garnier die Fassade seines Opernhauses mit einem stilistischen Wirrwarr an Motiven verzierte. Dies war die monumentale Hauptstadt, die in den. B\u00fcchern von Proust lebendig wird und die am Ende des 19. Jahrhunderts sich selbst k\u00fchn mit einem \u00e4u\u00dferst gewagten Werk ein Denkmal setzte. Die Rede ist vom Eiffelturm, dem eisernen Riesen, dem Symbol f\u00fcr den Eintritt in die Moderne. Schon wenige Jahre sp\u00e4ter wurde Paris zur Wiege von Art Nouveau und Art Deco, zur Heimat des Kinos, das die Gebr\u00fcder Lumi\u00e8re erfanden, sowie eine Brutst\u00e4tte f\u00fcr neue, k\u00fcnstlerische Str\u00f6mungen. Von Picasso bis Braque, Modigliani, De Chirico, Kandinsky und Duchamp &#8211; alle bedeutenden K\u00fcnstler dieser Zeit fanden in Paris Inspiration und fruchtbaren Boden f\u00fcr ihre Ideen. Dies ist wahrscheinlich der Grund, warum die franz\u00f6sische Hauptstadt auch heute noch die sch\u00f6nsten Museen der Welt beherbergt, wie zum Beispiel den Louvre, das Mus\u00e9e d&#8217;Orsay, das Centre Pompidou und das Mus\u00e9e National de l&#8217;Art Moderne.<\/p>\n\n\n\n<p>In unserer Zeit l\u00e4utete Paris mit dem Bau des Centre Pompidou eine neue \u00c4ra ein. Das Bauwerk ist ein Entwurf von Richard Rogers und Renzo Piano und wurde 1977 fertiggestellt. Es gilt als Meilenstein der zeitgen\u00f6ssischen Architektur, indem es die Einteilung  von Innen und Au\u00dfen komplett auf den Kopf stellt und auf provokante Weise Ventilatoren und Aufz\u00fcge als dekorative Elemente einsetzt. Au\u00dferdem hat Paris in den letzten 25 Jahren seine Rolle als kulturelles Zentrum aufs Neue entdeckt. Es begann 1987 mit dem Umbau des Gare d&#8217;Orsay, der 1900 f\u00fcr die Weltausstellung erbaut worden war, in Ausstellungsr\u00e4ume f\u00fcr impressionistische Meisterwerke (nach einem Entwurf von Gae Aulenti). Unter der Regierung von Fran\u00e7ois Mitterrand wurde die Pariser Pracht des sp\u00e4ten 19. Jahrhunderts wiederbelebt. Und 1989 weihte Paris die heftig umstrittene Glaspyramide des sino-amerikanischen Architekten I.M. Pei ein, die seitdem den neuen Eingang in den Louvre markiert. Zur selben Zeit entstand der grandiose Arc de la D\u00e9fense als Endpunkt einer gedachten Linie zwischen dem Louvre und dem Place de l&#8217;\u00c9toile, die durch die Tuilerien und die Champs Elys\u00e9es f\u00fchrt. 1989 erhielt Dominique Perrault den Auftrag, die Biblioth\u00e8que Nationale de France zu entwerfen. Leider erlebte Mitterrand die Fertigstellung dieses letzten der gro\u00dfartigen Bau werke, die er w\u00e4hrend seiner zwei Amtsperioden in Auftrag gegeben hatte, nicht mehr pers\u00f6nlich, denn er starb Anfang 1996. Die riesige Bibliothek, die nun seinen Namen tr\u00e4gt, wurde erst am 20. Dezember desselben Jahres er\u00f6ffnet. Heute ist Paris eine scheinbar grenzenlose Metropole, die sich ihre Menschlichkeit bewahrt, indem sie zum Beispiel Sandstr\u00e4nde am Ufer der Seine aufsch\u00fctten l\u00e4sst, und zwar mitten auf der Schnellstra\u00dfe. Und genau deshalb ist Paris eben Paris.<\/p>\n\n\n\nngg_shortcode_0_placeholder\n","protected":false},"excerpt":{"rendered":"<p>Um 250 v.Chr. gr\u00fcndete der Stamm der Parisii in einer sumpfigen und unwirtlichen Gegend eine bescheidene keltische Siedlung. In ersten schriftlichen Aufzeichnungen wird sie Lutetia genannt und als Hauptstadt der von Julius Caesar eroberten&#46;&#46;&#46;<\/p>\n","protected":false},"author":1,"featured_media":0,"parent":0,"menu_order":0,"comment_status":"closed","ping_status":"closed","template":"","meta":{"ngg_post_thumbnail":0,"footnotes":""},"class_list":["post-611","page","type-page","status-publish","hentry"],"_links":{"self":[{"href":"https:\/\/middel-online.de\/index.php?rest_route=\/wp\/v2\/pages\/611","targetHints":{"allow":["GET"]}}],"collection":[{"href":"https:\/\/middel-online.de\/index.php?rest_route=\/wp\/v2\/pages"}],"about":[{"href":"https:\/\/middel-online.de\/index.php?rest_route=\/wp\/v2\/types\/page"}],"author":[{"embeddable":true,"href":"https:\/\/middel-online.de\/index.php?rest_route=\/wp\/v2\/users\/1"}],"replies":[{"embeddable":true,"href":"https:\/\/middel-online.de\/index.php?rest_route=%2Fwp%2Fv2%2Fcomments&post=611"}],"version-history":[{"count":8,"href":"https:\/\/middel-online.de\/index.php?rest_route=\/wp\/v2\/pages\/611\/revisions"}],"predecessor-version":[{"id":12509,"href":"https:\/\/middel-online.de\/index.php?rest_route=\/wp\/v2\/pages\/611\/revisions\/12509"}],"wp:attachment":[{"href":"https:\/\/middel-online.de\/index.php?rest_route=%2Fwp%2Fv2%2Fmedia&parent=611"}],"curies":[{"name":"wp","href":"https:\/\/api.w.org\/{rel}","templated":true}]}}