{"id":6087,"date":"2021-02-11T20:16:20","date_gmt":"2021-02-11T19:16:20","guid":{"rendered":"https:\/\/middelweb.de\/wordpress\/?page_id=6087"},"modified":"2024-03-23T10:57:27","modified_gmt":"2024-03-23T09:57:27","slug":"kunst","status":"publish","type":"page","link":"https:\/\/middel-online.de\/?page_id=6087","title":{"rendered":"Kunst"},"content":{"rendered":"\n<figure class=\"wp-block-image size-large\"><img loading=\"lazy\" decoding=\"async\" width=\"1024\" height=\"736\" src=\"https:\/\/middelweb.de\/wordpress\/wp-content\/uploads\/2021\/02\/Axel-Brandt_0002-1024x736.jpg\" alt=\"\" class=\"wp-image-6088\" srcset=\"https:\/\/middel-online.de\/wp-content\/uploads\/2021\/02\/Axel-Brandt_0002-1024x736.jpg 1024w, https:\/\/middel-online.de\/wp-content\/uploads\/2021\/02\/Axel-Brandt_0002-300x216.jpg 300w, https:\/\/middel-online.de\/wp-content\/uploads\/2021\/02\/Axel-Brandt_0002-768x552.jpg 768w, https:\/\/middel-online.de\/wp-content\/uploads\/2021\/02\/Axel-Brandt_0002.jpg 1068w\" sizes=\"auto, (max-width: 1024px) 100vw, 1024px\" \/><\/figure>\n\n\n\n<p>Axel Brandt&nbsp;(*1946 bis \u2020 2012) mit unseren vier Jahreszeiten noch in ihrem Originalrahmen<\/p>\n\n\n\n<figure class=\"wp-block-image size-large\"><img loading=\"lazy\" decoding=\"async\" width=\"1024\" height=\"768\" src=\"https:\/\/middelweb.de\/wordpress\/wp-content\/uploads\/2021\/02\/KIF_3292-1-1024x768.jpg\" alt=\"\" class=\"wp-image-6125\" srcset=\"https:\/\/middel-online.de\/wp-content\/uploads\/2021\/02\/KIF_3292-1-1024x768.jpg 1024w, https:\/\/middel-online.de\/wp-content\/uploads\/2021\/02\/KIF_3292-1-300x225.jpg 300w, https:\/\/middel-online.de\/wp-content\/uploads\/2021\/02\/KIF_3292-1-768x576.jpg 768w, https:\/\/middel-online.de\/wp-content\/uploads\/2021\/02\/KIF_3292-1-1536x1152.jpg 1536w, https:\/\/middel-online.de\/wp-content\/uploads\/2021\/02\/KIF_3292-1.jpg 2048w\" sizes=\"auto, (max-width: 1024px) 100vw, 1024px\" \/><\/figure>\n\n\n\n<p>Erwin Eggimann (EGGI) *1951,<\/p>\n\n\n\n<figure class=\"wp-block-image size-large\"><img loading=\"lazy\" decoding=\"async\" width=\"1024\" height=\"589\" src=\"https:\/\/middelweb.de\/wordpress\/wp-content\/uploads\/2021\/05\/IMG_1689-1024x589.jpg\" alt=\"\" class=\"wp-image-10250\" srcset=\"https:\/\/middel-online.de\/wp-content\/uploads\/2021\/05\/IMG_1689-1024x589.jpg 1024w, https:\/\/middel-online.de\/wp-content\/uploads\/2021\/05\/IMG_1689-300x173.jpg 300w, https:\/\/middel-online.de\/wp-content\/uploads\/2021\/05\/IMG_1689-768x442.jpg 768w, https:\/\/middel-online.de\/wp-content\/uploads\/2021\/05\/IMG_1689.jpg 1200w\" sizes=\"auto, (max-width: 1024px) 100vw, 1024px\" \/><figcaption class=\"wp-element-caption\">Laurence Liebenguth<br>1960&nbsp;geboren in Stra\u00dfburg&nbsp;<\/figcaption><\/figure>\n\n\n\n<figure class=\"wp-block-image size-large\"><img loading=\"lazy\" decoding=\"async\" width=\"843\" height=\"768\" src=\"https:\/\/middelweb.de\/wordpress\/wp-content\/uploads\/2021\/02\/IMG_1986.jpg\" alt=\"\" class=\"wp-image-6127\" srcset=\"https:\/\/middel-online.de\/wp-content\/uploads\/2021\/02\/IMG_1986.jpg 843w, https:\/\/middel-online.de\/wp-content\/uploads\/2021\/02\/IMG_1986-300x273.jpg 300w, https:\/\/middel-online.de\/wp-content\/uploads\/2021\/02\/IMG_1986-768x700.jpg 768w\" sizes=\"auto, (max-width: 843px) 100vw, 843px\" \/><\/figure>\n\n\n\n<ul class=\"wp-block-list\">\n<li>1908 \u2020 15.03.2001<\/li>\n<\/ul>\n\n\n\n<figure class=\"wp-block-image size-large\"><img loading=\"lazy\" decoding=\"async\" width=\"734\" height=\"1024\" src=\"https:\/\/middelweb.de\/wordpress\/wp-content\/uploads\/2021\/02\/IMG_1987-734x1024.jpg\" alt=\"\" class=\"wp-image-6128\" srcset=\"https:\/\/middel-online.de\/wp-content\/uploads\/2021\/02\/IMG_1987-734x1024.jpg 734w, https:\/\/middel-online.de\/wp-content\/uploads\/2021\/02\/IMG_1987-215x300.jpg 215w, https:\/\/middel-online.de\/wp-content\/uploads\/2021\/02\/IMG_1987.jpg 768w\" sizes=\"auto, (max-width: 734px) 100vw, 734px\" \/><\/figure>\n\n\n\n<p><\/p>\n\n\n\n<p>Im Schaffen von Gertrud Tonne (* 1918 \u2020 2011), Sch\u00fclerin von <a href=\"https:\/\/photos.app.goo.gl\/crjBLf82aofjG1h87\">Ida Kerkovius<\/a>, die bevorzugt mit Fettstiften und Pastellkreiden arbeitete, spielt das Licht eine noch gr\u00f6\u00dfere Rolle als bei H\u00f6lzel, aber auch sie hebt die Perspektive auf, gewichtet die Vorder-, Mittel- und Hintergr\u00fcnde ihrer Landschaften und Blumenstillleben nahezu gleichwertig, setzt die Farben statt die Inhalte in Beziehung zueinander.<\/p>\n\n\n\nngg_shortcode_0_placeholder\n","protected":false},"excerpt":{"rendered":"<p>Axel Brandt&nbsp;(*1946 bis \u2020 2012) mit unseren vier Jahreszeiten noch in ihrem Originalrahmen Erwin Eggimann (EGGI) *1951, Im Schaffen von Gertrud Tonne (* 1918 \u2020 2011), Sch\u00fclerin von Ida Kerkovius, die bevorzugt mit Fettstiften&#46;&#46;&#46;<\/p>\n","protected":false},"author":1,"featured_media":0,"parent":0,"menu_order":0,"comment_status":"closed","ping_status":"closed","template":"","meta":{"ngg_post_thumbnail":0,"footnotes":""},"class_list":["post-6087","page","type-page","status-publish","hentry"],"_links":{"self":[{"href":"https:\/\/middel-online.de\/index.php?rest_route=\/wp\/v2\/pages\/6087","targetHints":{"allow":["GET"]}}],"collection":[{"href":"https:\/\/middel-online.de\/index.php?rest_route=\/wp\/v2\/pages"}],"about":[{"href":"https:\/\/middel-online.de\/index.php?rest_route=\/wp\/v2\/types\/page"}],"author":[{"embeddable":true,"href":"https:\/\/middel-online.de\/index.php?rest_route=\/wp\/v2\/users\/1"}],"replies":[{"embeddable":true,"href":"https:\/\/middel-online.de\/index.php?rest_route=%2Fwp%2Fv2%2Fcomments&post=6087"}],"version-history":[{"count":12,"href":"https:\/\/middel-online.de\/index.php?rest_route=\/wp\/v2\/pages\/6087\/revisions"}],"predecessor-version":[{"id":12212,"href":"https:\/\/middel-online.de\/index.php?rest_route=\/wp\/v2\/pages\/6087\/revisions\/12212"}],"wp:attachment":[{"href":"https:\/\/middel-online.de\/index.php?rest_route=%2Fwp%2Fv2%2Fmedia&parent=6087"}],"curies":[{"name":"wp","href":"https:\/\/api.w.org\/{rel}","templated":true}]}}