{"id":6025,"date":"2021-02-11T13:36:34","date_gmt":"2021-02-11T12:36:34","guid":{"rendered":"https:\/\/middelweb.de\/wordpress\/?page_id=6025"},"modified":"2021-04-27T13:37:15","modified_gmt":"2021-04-27T12:37:15","slug":"nachtcafe","status":"publish","type":"page","link":"https:\/\/middel-online.de\/?page_id=6025","title":{"rendered":"Nachtcafe"},"content":{"rendered":"\n<figure class=\"wp-block-image size-large\"><img loading=\"lazy\" decoding=\"async\" width=\"1024\" height=\"686\" src=\"https:\/\/middelweb.de\/wordpress\/wp-content\/uploads\/2021\/02\/Backes-1024x686.jpg\" alt=\"\" class=\"wp-image-6027\" srcset=\"https:\/\/middel-online.de\/wp-content\/uploads\/2021\/02\/Backes-1024x686.jpg 1024w, https:\/\/middel-online.de\/wp-content\/uploads\/2021\/02\/Backes-300x201.jpg 300w, https:\/\/middel-online.de\/wp-content\/uploads\/2021\/02\/Backes-768x514.jpg 768w, https:\/\/middel-online.de\/wp-content\/uploads\/2021\/02\/Backes.jpg 1147w\" sizes=\"auto, (max-width: 1024px) 100vw, 1024px\" \/><\/figure>\n\n\n\n<figure class=\"wp-block-image size-large\"><img loading=\"lazy\" decoding=\"async\" width=\"1024\" height=\"768\" src=\"https:\/\/middelweb.de\/wordpress\/wp-content\/uploads\/2021\/02\/KIF_4403.jpg\" alt=\"\" class=\"wp-image-6028\" srcset=\"https:\/\/middel-online.de\/wp-content\/uploads\/2021\/02\/KIF_4403.jpg 1024w, https:\/\/middel-online.de\/wp-content\/uploads\/2021\/02\/KIF_4403-300x225.jpg 300w, https:\/\/middel-online.de\/wp-content\/uploads\/2021\/02\/KIF_4403-768x576.jpg 768w\" sizes=\"auto, (max-width: 1024px) 100vw, 1024px\" \/><\/figure>\n\n\n\n<figure class=\"wp-block-image size-large\"><img loading=\"lazy\" decoding=\"async\" width=\"1024\" height=\"273\" src=\"https:\/\/middelweb.de\/wordpress\/wp-content\/uploads\/2021\/04\/Nachtcafe-2007_0004-1024x273.jpg\" alt=\"\" class=\"wp-image-10035\" srcset=\"https:\/\/middel-online.de\/wp-content\/uploads\/2021\/04\/Nachtcafe-2007_0004-1024x273.jpg 1024w, https:\/\/middel-online.de\/wp-content\/uploads\/2021\/04\/Nachtcafe-2007_0004-300x80.jpg 300w, https:\/\/middel-online.de\/wp-content\/uploads\/2021\/04\/Nachtcafe-2007_0004-768x205.jpg 768w, https:\/\/middel-online.de\/wp-content\/uploads\/2021\/04\/Nachtcafe-2007_0004-1536x409.jpg 1536w, https:\/\/middel-online.de\/wp-content\/uploads\/2021\/04\/Nachtcafe-2007_0004-2048x546.jpg 2048w\" sizes=\"auto, (max-width: 1024px) 100vw, 1024px\" \/><\/figure>\n\n\n\n<figure class=\"wp-block-image size-large\"><img loading=\"lazy\" decoding=\"async\" width=\"768\" height=\"816\" src=\"https:\/\/middelweb.de\/wordpress\/wp-content\/uploads\/2021\/04\/Nachtcafe-2007_0003.jpg\" alt=\"\" class=\"wp-image-10034\" srcset=\"https:\/\/middel-online.de\/wp-content\/uploads\/2021\/04\/Nachtcafe-2007_0003.jpg 768w, https:\/\/middel-online.de\/wp-content\/uploads\/2021\/04\/Nachtcafe-2007_0003-282x300.jpg 282w\" sizes=\"auto, (max-width: 768px) 100vw, 768px\" \/><\/figure>\n\n\n\n<div class=\"wp-block-image\"><figure class=\"aligncenter size-large is-resized\"><img loading=\"lazy\" decoding=\"async\" src=\"https:\/\/middelweb.de\/wordpress\/wp-content\/uploads\/2021\/04\/Nachtcafe-2007_0002-1024x729.jpg\" alt=\"\" class=\"wp-image-10033\" width=\"365\" height=\"259\" srcset=\"https:\/\/middel-online.de\/wp-content\/uploads\/2021\/04\/Nachtcafe-2007_0002-1024x729.jpg 1024w, https:\/\/middel-online.de\/wp-content\/uploads\/2021\/04\/Nachtcafe-2007_0002-300x214.jpg 300w, https:\/\/middel-online.de\/wp-content\/uploads\/2021\/04\/Nachtcafe-2007_0002-768x547.jpg 768w, https:\/\/middel-online.de\/wp-content\/uploads\/2021\/04\/Nachtcafe-2007_0002.jpg 1079w\" sizes=\"auto, (max-width: 365px) 100vw, 365px\" \/><\/figure><\/div>\n\n\n\n<div class=\"wp-block-buttons is-layout-flex wp-block-buttons-is-layout-flex\">\n<div class=\"wp-block-button\"><a class=\"wp-block-button__link\" href=\"https:\/\/middelweb.de\/wordpress\/?page_id=51\">Zur\u00fcck zur vorigen Seite<\/a><\/div>\n<\/div>\n\n\n\n<p><strong>Nachtcaf\u00e9<\/strong><\/p>\n\n\n\n<p>Zeit zu gehen<\/p>\n\n\n\n<p><br><strong>7-883-448<\/strong><br><strong>Talkshow<\/strong>, 90 Min.<\/p>\n\n\n\n<p>Ob in einer festgefahrenen Beziehung, einem unbefriedigendem Job oder manch anderer Situation &#8211; jeder kommt im Lauf seines Lebens an Punkte, an denen er sich fragt: Ist es Zeit zu gehen? Schon schwierig genug, f\u00fcr sich selbst die Entscheidung zu treffen, was aber, wenn es noch andere betrifft &#8211; etwa bei Trennungen die eigenen Kinder oder im Fall eines Unternehmensgr\u00fcnders die weitere Existenz der Firma. Wann ist es unweigerlich Zeit zu gehen, weil man sich sonst wom\u00f6glich selbst schadet, und wie gestaltet man seinen Abgang? Und was geschieht in F\u00e4llen, bei denen allen anderen klar ist, dass beispielsweise ein Politiker oder Wirtschaftslenker seinen Hut nehmen soll, doch derjenige selbst kommt nicht auf die Idee? Wieland Backes diskutiert im Nachtcaf\u00e9 zum Thema &#8222;Zeit zu gehen&#8220; mit Menschen, die in verschiedenen biographischen Situationen die Entscheidung getroffen haben und gegangen sind. Die G\u00e4ste: Nana Mouskouri lie\u00df 1961 in Deutschland das erste Mal die &#8222;Wei\u00dfen Rosen aus Athen&#8220; erbl\u00fchen, im Lauf ihrer Karriere wechselte sie gekonnt zwischen Jazz und Schlager. Die S\u00e4ngerin geh\u00f6rt mit \u00fcber 250 Millionen verkauften Tontr\u00e4gern weltweit zu den erfolgreichsten K\u00fcnstlern aller Zeiten. Mit 72 Jahren nimmt sie jetzt in einer gro\u00dfen Tournee Abschied von ihren Fans &#8211; durchaus ein R\u00fcckzug mit Wehmut: &#8222;Ich werde die Zuneigung des Publikums sehr vermissen.&#8220; Als langj\u00e4hriger Spitzenpolitiker wei\u00df Manfred Stolpe wie schwer ein Karriereabschied sein kann. Gleich zwei Mal war es f\u00fcr ihn Zeit zu gehen: 2002 gab er freiwillig sein Amt des Ministerpr\u00e4sidenten auf, 2005 endete sein Mandat als Verkehrsminister. W\u00e4hrend viele seiner Kollegen sich an die \u00c4mter klammern, ging er letztlich leichten Herzens: &#8222;Ich habe mich nie f\u00fcr unersetzlich gehalten.&#8220; Das ist bei dem Familienunternehmer Helmut Rei\u00dfer anders: Mit 74 Jahren ist er noch voll im Gesch\u00e4ft, an Abschied aus seiner Firma denkt er nicht. Tradition verpflichtet, denn seit drei Generationen ist das Sanit\u00e4runternehmen aus B\u00f6blingen in Familienbesitz. Einen geeigneten Nachfolger zu finden, f\u00e4llt dem Schwaben schwer &#8211; schlie\u00dflich ist die Firma sein Leben und laut Helmut Rei\u00dfer ist es f\u00fcr einen Unternehmer &#8222;niemals Zeit zu gehen.&#8220; Roland Rasi hingegen musste seinen Hut nehmen. Er geh\u00f6rte zu den bekanntesten Top-Managern der Schweiz, bis er als Generaldirektor des Schweizer Bankvereins den internen Machtkampf verlor. Er fiel in ein tiefes Loch &#8212; die Arbeit weg und das Image zerst\u00f6rt. Drei Jahre brauchte er, um den Schock zu verarbeiten. &#8222;Der Verlust meiner Lebensaufgabe war f\u00fcr mich wie die Bew\u00e4ltigung eines Trauerfalls.&#8220; Heute arbeitet er als Rechtsanwalt und ber\u00e4t F\u00fchrungskr\u00e4fte, die ebenfalls ihren Job verloren haben. Ute Barzel fand in dem CDU-Politiker Rainer Barzel ihr sp\u00e4tes Liebesgl\u00fcck. Als sie 1997 heirateten, war Rainer Barzel bereits 72 Jahre alt. Dass er \u00fcber 20 Jahre \u00e4lter war, st\u00f6rte sie nicht. Doch bereits f\u00fcnf Jahre sp\u00e4ter erhielt das Ehepaar die schockierende Diagnose, dass Rainer Barzel unheilbar an Krebs erkrankt war. In seiner letzen Lebensphase begleitete Ute Barzel ihren Mann intensiv bis zum Tod. &#8222;Wir haben ganz bewusst in langen Gespr\u00e4chen noch einmal sein Leben Revue passieren lassen.&#8220; Auch Stefan Guhl lebt mit dem Wissen, dass seine Krankheit schnell fortschreiten kann. Seit seiner Geburt leidet er an Muskelatrophie, seine Muskel- und Nervenfunktionen werden immer weniger. Wenn sein Leiden zu gro\u00df und die Schmerzen zu stark werden, will er seinem Leben mit Hilfe der Schweizer Sterbehilfeorganisation Dignitas ein Ende setzen. &#8222;Es ist f\u00fcr mich wichtig zu wissen, dass ich diese Hintert\u00fcr offen habe &#8211; das nimmt mir die Angst vor der Zukunft.&#8220; An der Bar: Christa-Maria Gr\u00f6ger Nach einem Seitensprung ihres Mannes folgten f\u00fcr Christa-Maria Gr\u00f6ger acht Jahre voller Zweifel an ihrer Ehe. Nur langsam konnte sie sich eingestehen, dass die Beziehung zu ihrer ersten gro\u00dfen Liebe gescheitert war. Auch die gemeinsam aufgebaute Firma und die mit einer Trennung verbundenen Existenz\u00e4ngste hielten die 58-J\u00e4hrige lange vor dem endg\u00fcltigen Schritt zur\u00fcck. Doch nach 30 gemeinsamen Ehejahren war f\u00fcr sie der Zeitpunkt gekommen, ihre Ehe zu beenden. &#8222;Auch wenn mein Weg danach sehr steinig war, bereue ich meine Entscheidung keinen Tag.&#8220;<\/p>\n\n\n\n<p><br><strong>Moderation:<\/strong>&nbsp;Wieland Backes<br><strong>G\u00e4ste:<\/strong>&nbsp;Nana Mouskouri , Manfred Stolpe, Helmut Rei\u00dfer, Roland Rasi, Ute Barzel, Stefan Guhl, Christa-Maria Gr\u00f6ger<\/p>\n","protected":false},"excerpt":{"rendered":"<p>Nachtcaf\u00e9 Zeit zu gehen 7-883-448Talkshow, 90 Min. Ob in einer festgefahrenen Beziehung, einem unbefriedigendem Job oder manch anderer Situation &#8211; jeder kommt im Lauf seines Lebens an Punkte, an denen er sich fragt: Ist&#46;&#46;&#46;<\/p>\n","protected":false},"author":1,"featured_media":0,"parent":0,"menu_order":0,"comment_status":"closed","ping_status":"closed","template":"","meta":{"ngg_post_thumbnail":0,"footnotes":""},"class_list":["post-6025","page","type-page","status-publish","hentry"],"_links":{"self":[{"href":"https:\/\/middel-online.de\/index.php?rest_route=\/wp\/v2\/pages\/6025","targetHints":{"allow":["GET"]}}],"collection":[{"href":"https:\/\/middel-online.de\/index.php?rest_route=\/wp\/v2\/pages"}],"about":[{"href":"https:\/\/middel-online.de\/index.php?rest_route=\/wp\/v2\/types\/page"}],"author":[{"embeddable":true,"href":"https:\/\/middel-online.de\/index.php?rest_route=\/wp\/v2\/users\/1"}],"replies":[{"embeddable":true,"href":"https:\/\/middel-online.de\/index.php?rest_route=%2Fwp%2Fv2%2Fcomments&post=6025"}],"version-history":[{"count":4,"href":"https:\/\/middel-online.de\/index.php?rest_route=\/wp\/v2\/pages\/6025\/revisions"}],"predecessor-version":[{"id":10038,"href":"https:\/\/middel-online.de\/index.php?rest_route=\/wp\/v2\/pages\/6025\/revisions\/10038"}],"wp:attachment":[{"href":"https:\/\/middel-online.de\/index.php?rest_route=%2Fwp%2Fv2%2Fmedia&parent=6025"}],"curies":[{"name":"wp","href":"https:\/\/api.w.org\/{rel}","templated":true}]}}