{"id":5653,"date":"2021-02-10T17:15:22","date_gmt":"2021-02-10T16:15:22","guid":{"rendered":"https:\/\/middelweb.de\/wordpress\/?page_id=5653"},"modified":"2024-03-18T10:14:46","modified_gmt":"2024-03-18T09:14:46","slug":"budapest","status":"publish","type":"page","link":"https:\/\/middel-online.de\/?page_id=5653","title":{"rendered":"Budapest"},"content":{"rendered":"\n<p>Budapest 2005&nbsp;<\/p>\n\n\n\n<figure class=\"wp-block-image size-large\"><img loading=\"lazy\" decoding=\"async\" width=\"1024\" height=\"650\" src=\"https:\/\/middelweb.de\/wordpress\/wp-content\/uploads\/2024\/03\/Budapest-2024-03-01_101819-1024x650.jpg\" alt=\"\" class=\"wp-image-11695\" srcset=\"https:\/\/middel-online.de\/wp-content\/uploads\/2024\/03\/Budapest-2024-03-01_101819-1024x650.jpg 1024w, https:\/\/middel-online.de\/wp-content\/uploads\/2024\/03\/Budapest-2024-03-01_101819-300x190.jpg 300w, https:\/\/middel-online.de\/wp-content\/uploads\/2024\/03\/Budapest-2024-03-01_101819-768x487.jpg 768w, https:\/\/middel-online.de\/wp-content\/uploads\/2024\/03\/Budapest-2024-03-01_101819.jpg 1160w\" sizes=\"auto, (max-width: 1024px) 100vw, 1024px\" \/><\/figure>\n\n\n\n<p>Das edle Buda erhebt sich auf einem H\u00fcgel am rechten Ufer der Donau. Die gesch\u00e4ftige Stadt Pest erstreckt sich in der Ebene auf der linken Uferseite. Budapest hat 2 Millionen Einwohner und besteht nicht nur aus Buda und Pest, sondern auch aus der r\u00f6mischen Originalsiedlung Aquincum, dem heutigen \u00d3buda. Der zusammengesetzte Name der Stadt enth\u00fcllt ihre zwei gegens\u00e4tzlichen Seelen, die auch die zunehmende Globalisierung nicht einen konnte.<\/p>\n\n\n\n<p>Buda und Pest ,begegneten&#8220; sich erst 1848, als die Kettenbr\u00fccke (Sz\u00e9chenyi L\u00e1nchid) er\u00f6ffnet wurde. Wenige Jahre zuvor war Graf Istv\u00e1n Sz\u00e9chenyi in Pest gelandet und hatte keinen Weg gefunden, die Donau zu \u00fcberqueren, um am Begr\u00e4bnis seines Vaters teilzunehmen. Nach diesem bedauerlichen Zwischenfall finanzierte der Graf den Bau der Kettenbr\u00fccke. Sie ist ein Entwurf des Briten William Tierney Clark und wurde bald zum Wahrzeichen der beiden St\u00e4dte, die1873 offiziell zu Budapest vereinigt wurden.<\/p>\n\n\n\n<p>Auch wenn das ungarisch-\u00f6sterreichische Reich damals bereits an Macht verlor, entwickelte sich Budapest schnell zu einer prachtvollen Stadt, die sich 1896 auf die Tausendjahrfeier der Gr\u00fcndung des Magyarenstaates durch den legend\u00e4ren K\u00f6nig Stephan vorbereitete. Zahlreiche Architektenteams machten sich daran, die Sch\u00e4tze der Vergangenheit zu renovieren und neue Geb\u00e4ude zu errichten, die der Stadt eine moderne Infrastruktur bescherten.<\/p>\n\n\n\n<p>Ende des 19. Jahrhunderts weihte Budapest feierlich das erste U-Bahn-System Europas ein und auch sein neues Parlamentsgeb\u00e4ude. Mit einer Grundfl\u00e4che von 268 mal 118 Metern, einer 96 Meter hohen Kuppel, 691 R\u00e4umen und G\u00e4ngen mit einer Gesamtl\u00e4nge von 20 Kilometern ist dieses Geb\u00e4ude das gr\u00f6\u00dfte seiner Art in ganz Europa. W\u00e4hrend das Stadtbild von Pest mit breiten Boulevards, ges\u00e4umt von stattlichen H\u00e4usern (nach Entw\u00fcrfen von Odon Lechner, einem Anh\u00e4nger des Wiener Jugendstils), neu organisiert wurde, erhielten die Monumente von Buda, darunter die Festung, das Schloss und die Matthiaskirche, eine Generalrenovierung. Am Ufer der Donau errichtete man die Fischerbastei mit ihren sieben T\u00fcrmen (einer f\u00fcr jeden der alten Magyarenst\u00e4mme) in einer Mischung aus neogotischen und neoromanischen Stilelementen. Diese Welle der Schaffenskraft lie\u00df auch neue Theater und Hotels entstehen, wie zum Beispiel das Luxushotel G\u00e9llert, aber auch zahllose B\u00e4der wie das Kir\u00e1ly, sodass Budapest schon bald den Beinamen ,,Perle der Donau&#8220; erhielt.<\/p>\n\n\n\n<p>Leider wurde diese Perle &#8211; oder vielmehr die beiden St\u00e4dte, aus denen sie besteht \u2013 im Lauf ihrer Geschichte h\u00e4ufig besch\u00e4digt. Eine der schwersten Zeiten war wohl die hundertf\u00fcnfzigj\u00e4hrige Herrschaft der T\u00fcrken, die 1686 von den Habsburgern vertrieben wurden, das Bombardement im Zweiten Weltkrieg und die missgl\u00fcckte Revolte gegen die Sowjetunion im Jahr 1956. Zum Gl\u00fcck fand die Stadt immer wieder zu ihrem Optimismus und ihrer Fantasie zur\u00fcck, die ihr halfen, von neuem zu beginnen. Auch die zeitgen\u00f6ssische Architektur ist in Budapest vertreten. Beispiele daf\u00fcr sind die exzentrischen Bauwerke des Ungarn Imre Makovecz, einem der wichtigen Vertreter der organischen Architektur. Hierzu z\u00e4hlen die Villa Richter (1983) und die Villa Gubsci (1986), sowie die Grabkapelle auf dem Friedhof Pasar\u00e9ter, deren Holzkonstruktion an einen Brustkorb erinnert. Mitte der Neunzigerjahre schloss der Holl\u00e4nder Eric Van Egeraat die Umbauarbeiten an einem Haus aus dem 19. Jh. in der Andr\u00e1ssy Utca ab, einer der Hauptstra\u00dfen von Pest. Das Geb\u00e4ude, Sitz der ING-Bank, wird nun von einer erstaunlichen Glaskonstruktion gekr\u00f6nt, die aussieht wie eine Blase. Im Jahr 2000 wurde au\u00dferdem mit einem ehrgeizigen Projekt zur Renovierung der alten Ganz Stahlfabrik sowie der<br>gesamten alten Industrieanlagen am Donau-Ufer begonnen, die m\u00f6glichst schnell in ein Unterhaltungs- und Kulturviertel umgewandelt werden sollen.<\/p>\n\n\n\n<ol class=\"wp-block-list\" start=\"1956\">\n<li><\/li>\n<\/ol>\n\n\n\n<figure class=\"wp-block-image size-large\"><img loading=\"lazy\" decoding=\"async\" width=\"744\" height=\"1024\" src=\"https:\/\/middelweb.de\/wordpress\/wp-content\/uploads\/2021\/02\/Budapest-2005-744x1024.jpg\" alt=\"\" class=\"wp-image-5654\" srcset=\"https:\/\/middel-online.de\/wp-content\/uploads\/2021\/02\/Budapest-2005-744x1024.jpg 744w, https:\/\/middel-online.de\/wp-content\/uploads\/2021\/02\/Budapest-2005-218x300.jpg 218w, https:\/\/middel-online.de\/wp-content\/uploads\/2021\/02\/Budapest-2005.jpg 768w\" sizes=\"auto, (max-width: 744px) 100vw, 744px\" \/><\/figure>\n\n\n\n<figure class=\"wp-block-image size-large\"><img loading=\"lazy\" decoding=\"async\" width=\"1024\" height=\"740\" src=\"https:\/\/middelweb.de\/wordpress\/wp-content\/uploads\/2024\/03\/Budapest_2024-03-18_100920-1024x740.jpg\" alt=\"\" class=\"wp-image-11928\" srcset=\"https:\/\/middel-online.de\/wp-content\/uploads\/2024\/03\/Budapest_2024-03-18_100920-1024x740.jpg 1024w, https:\/\/middel-online.de\/wp-content\/uploads\/2024\/03\/Budapest_2024-03-18_100920-300x217.jpg 300w, https:\/\/middel-online.de\/wp-content\/uploads\/2024\/03\/Budapest_2024-03-18_100920-768x555.jpg 768w, https:\/\/middel-online.de\/wp-content\/uploads\/2024\/03\/Budapest_2024-03-18_100920-1536x1110.jpg 1536w, https:\/\/middel-online.de\/wp-content\/uploads\/2024\/03\/Budapest_2024-03-18_100920-2048x1480.jpg 2048w\" sizes=\"auto, (max-width: 1024px) 100vw, 1024px\" \/><\/figure>\n\n\n\nngg_shortcode_0_placeholder\n","protected":false},"excerpt":{"rendered":"<p>Budapest 2005&nbsp; Das edle Buda erhebt sich auf einem H\u00fcgel am rechten Ufer der Donau. Die gesch\u00e4ftige Stadt Pest erstreckt sich in der Ebene auf der linken Uferseite. Budapest hat 2 Millionen Einwohner und&#46;&#46;&#46;<\/p>\n","protected":false},"author":1,"featured_media":0,"parent":0,"menu_order":0,"comment_status":"closed","ping_status":"closed","template":"","meta":{"ngg_post_thumbnail":0,"footnotes":""},"class_list":["post-5653","page","type-page","status-publish","hentry"],"_links":{"self":[{"href":"https:\/\/middel-online.de\/index.php?rest_route=\/wp\/v2\/pages\/5653","targetHints":{"allow":["GET"]}}],"collection":[{"href":"https:\/\/middel-online.de\/index.php?rest_route=\/wp\/v2\/pages"}],"about":[{"href":"https:\/\/middel-online.de\/index.php?rest_route=\/wp\/v2\/types\/page"}],"author":[{"embeddable":true,"href":"https:\/\/middel-online.de\/index.php?rest_route=\/wp\/v2\/users\/1"}],"replies":[{"embeddable":true,"href":"https:\/\/middel-online.de\/index.php?rest_route=%2Fwp%2Fv2%2Fcomments&post=5653"}],"version-history":[{"count":5,"href":"https:\/\/middel-online.de\/index.php?rest_route=\/wp\/v2\/pages\/5653\/revisions"}],"predecessor-version":[{"id":11929,"href":"https:\/\/middel-online.de\/index.php?rest_route=\/wp\/v2\/pages\/5653\/revisions\/11929"}],"wp:attachment":[{"href":"https:\/\/middel-online.de\/index.php?rest_route=%2Fwp%2Fv2%2Fmedia&parent=5653"}],"curies":[{"name":"wp","href":"https:\/\/api.w.org\/{rel}","templated":true}]}}