{"id":5338,"date":"2021-02-10T09:45:11","date_gmt":"2021-02-10T08:45:11","guid":{"rendered":"https:\/\/middelweb.de\/wordpress\/?page_id=5338"},"modified":"2021-06-19T13:11:27","modified_gmt":"2021-06-19T12:11:27","slug":"berliner-philharmoniker","status":"publish","type":"page","link":"https:\/\/middel-online.de\/?page_id=5338","title":{"rendered":"Berliner Philharmoniker"},"content":{"rendered":"\n<h2 class=\"wp-block-heading\"><img decoding=\"async\" src=\"blob:https:\/\/middelweb.de\/f429ba24-9793-42a8-8885-4ef52de471c3\" alt=\"\"><\/h2>\n\n\n\n<h2 class=\"wp-block-heading\"><img decoding=\"async\" src=\"blob:https:\/\/middelweb.de\/374990c1-df4d-4c2d-b570-6e52e1c8adcd\" alt=\"\"><\/h2>\n\n\n\n<figure class=\"wp-block-table is-style-regular\"><table><tbody><tr><td><img loading=\"lazy\" decoding=\"async\" width=\"350\" height=\"263\" class=\"wp-image-5339\" style=\"width: 350px;\" src=\"https:\/\/middelweb.de\/wordpress\/wp-content\/uploads\/2021\/02\/IMG_0172.jpg\" alt=\"\" srcset=\"https:\/\/middel-online.de\/wp-content\/uploads\/2021\/02\/IMG_0172.jpg 1024w, https:\/\/middel-online.de\/wp-content\/uploads\/2021\/02\/IMG_0172-300x225.jpg 300w, https:\/\/middel-online.de\/wp-content\/uploads\/2021\/02\/IMG_0172-768x576.jpg 768w\" sizes=\"auto, (max-width: 350px) 100vw, 350px\" \/><\/td><td><img loading=\"lazy\" decoding=\"async\" width=\"460\" height=\"259\" class=\"wp-image-5340\" style=\"width: 460px;\" src=\"https:\/\/middelweb.de\/wordpress\/wp-content\/uploads\/2021\/02\/Antonini.jpg\" alt=\"\" srcset=\"https:\/\/middel-online.de\/wp-content\/uploads\/2021\/02\/Antonini.jpg 1365w, https:\/\/middel-online.de\/wp-content\/uploads\/2021\/02\/Antonini-300x169.jpg 300w, https:\/\/middel-online.de\/wp-content\/uploads\/2021\/02\/Antonini-1024x576.jpg 1024w, https:\/\/middel-online.de\/wp-content\/uploads\/2021\/02\/Antonini-768x432.jpg 768w\" sizes=\"auto, (max-width: 460px) 100vw, 460px\" \/><\/td><\/tr><\/tbody><\/table><\/figure>\n\n\n\n<div class=\"wp-block-columns is-layout-flex wp-container-core-columns-is-layout-9d6595d7 wp-block-columns-is-layout-flex\">\n<div class=\"wp-block-column is-layout-flow wp-block-column-is-layout-flow\">\n<figure class=\"wp-block-image size-large\"><img loading=\"lazy\" decoding=\"async\" width=\"507\" height=\"1024\" src=\"https:\/\/middelweb.de\/wordpress\/wp-content\/uploads\/2021\/06\/Berliner-Philharmoniker-2-507x1024.jpg\" alt=\"\" class=\"wp-image-10367\" srcset=\"https:\/\/middel-online.de\/wp-content\/uploads\/2021\/06\/Berliner-Philharmoniker-2-507x1024.jpg 507w, https:\/\/middel-online.de\/wp-content\/uploads\/2021\/06\/Berliner-Philharmoniker-2-148x300.jpg 148w, https:\/\/middel-online.de\/wp-content\/uploads\/2021\/06\/Berliner-Philharmoniker-2-768x1553.jpg 768w, https:\/\/middel-online.de\/wp-content\/uploads\/2021\/06\/Berliner-Philharmoniker-2-760x1536.jpg 760w, https:\/\/middel-online.de\/wp-content\/uploads\/2021\/06\/Berliner-Philharmoniker-2-1013x2048.jpg 1013w, https:\/\/middel-online.de\/wp-content\/uploads\/2021\/06\/Berliner-Philharmoniker-2-scaled.jpg 1266w\" sizes=\"auto, (max-width: 507px) 100vw, 507px\" \/><\/figure>\n<\/div>\n\n\n\n<div class=\"wp-block-column is-layout-flow wp-block-column-is-layout-flow\">\n<figure class=\"wp-block-image size-large\"><img loading=\"lazy\" decoding=\"async\" width=\"504\" height=\"1024\" src=\"https:\/\/middelweb.de\/wordpress\/wp-content\/uploads\/2021\/06\/Berliner-Philharmoniker-3-504x1024.jpg\" alt=\"\" class=\"wp-image-10368\" srcset=\"https:\/\/middel-online.de\/wp-content\/uploads\/2021\/06\/Berliner-Philharmoniker-3-504x1024.jpg 504w, https:\/\/middel-online.de\/wp-content\/uploads\/2021\/06\/Berliner-Philharmoniker-3-148x300.jpg 148w, https:\/\/middel-online.de\/wp-content\/uploads\/2021\/06\/Berliner-Philharmoniker-3-768x1561.jpg 768w, https:\/\/middel-online.de\/wp-content\/uploads\/2021\/06\/Berliner-Philharmoniker-3-756x1536.jpg 756w, https:\/\/middel-online.de\/wp-content\/uploads\/2021\/06\/Berliner-Philharmoniker-3-1008x2048.jpg 1008w, https:\/\/middel-online.de\/wp-content\/uploads\/2021\/06\/Berliner-Philharmoniker-3-scaled.jpg 1260w\" sizes=\"auto, (max-width: 504px) 100vw, 504px\" \/><\/figure>\n<\/div>\n<\/div>\n\n\n\n<div class=\"wp-block-columns is-layout-flex wp-container-core-columns-is-layout-9d6595d7 wp-block-columns-is-layout-flex\">\n<div class=\"wp-block-column is-layout-flow wp-block-column-is-layout-flow\" style=\"flex-basis:100%\"><\/div>\n<\/div>\n\n\n\n<figure class=\"wp-block-image size-large\"><img loading=\"lazy\" decoding=\"async\" width=\"1024\" height=\"381\" src=\"https:\/\/middelweb.de\/wordpress\/wp-content\/uploads\/2021\/06\/Berliner-Philharmoniker-1-1024x381.jpg\" alt=\"\" class=\"wp-image-10365\" srcset=\"https:\/\/middel-online.de\/wp-content\/uploads\/2021\/06\/Berliner-Philharmoniker-1-1024x381.jpg 1024w, https:\/\/middel-online.de\/wp-content\/uploads\/2021\/06\/Berliner-Philharmoniker-1-300x112.jpg 300w, https:\/\/middel-online.de\/wp-content\/uploads\/2021\/06\/Berliner-Philharmoniker-1-768x286.jpg 768w, https:\/\/middel-online.de\/wp-content\/uploads\/2021\/06\/Berliner-Philharmoniker-1-1536x571.jpg 1536w, https:\/\/middel-online.de\/wp-content\/uploads\/2021\/06\/Berliner-Philharmoniker-1-2048x762.jpg 2048w\" sizes=\"auto, (max-width: 1024px) 100vw, 1024px\" \/><\/figure>\n\n\n\n<p>F\u00fcr die Berliner Philharmoniker ist die Zusammenarbeit mit Dirigenten der Alte-Musik-Szene&nbsp;in doppelter Hinsicht ein Gewinn. Zum einen erm\u00f6glichen die Spezialisten f\u00fcr historische&nbsp;Auff\u00fchrungspraxis oftmals eine neue Sicht auf die Musik des Barock und der Klassik. Und zum&nbsp;anderen stehen bei diesen Konzerten immer wieder herrliche Werke auf dem Programm, die sonst&nbsp;kaum je von den gro\u00dfen Symphonieorchestern aufgef\u00fchrt werden. So ist es auch bei diesem Gastspiel&nbsp;von Giovanni Antonini bei den Berliner Philharmonikern.<\/p>\n\n\n\n<p>Giovanni Antonini hat sich vor allem als Mitbegr\u00fcnder und Leiter des Ensembles Il Giardino&nbsp;Armonico einen Namen gemacht. Bei diesem Berliner Gastspiel unternimmt er eine musikalische&nbsp;Reise von der Barockzeit \u00fcber die Fr\u00fchklassik bis zur Musik Beethovens. Am Beginn steht Johann&nbsp;Sebastian Bachs Orchestersuite Nr. 1 \u2013 ein Werk, das erst ein einziges Mal auf dem Konzertprogramm&nbsp;der Berliner Philharmoniker stand. Die Suite offenbart die barocke Ausdruckwelt in Reinkultur:&nbsp;gravit\u00e4tisches Schreiten, grazi\u00f6se T\u00e4nze und raffinierter Kontrapunkt f\u00fcgen sich zu einem&nbsp;gleicherma\u00dfen prachtvollen wie charmanten Ganzen.<\/p>\n\n\n\n<p>Allerdings wurde die Perfektion dieser Musik von der nachfolgenden Komponistengeneration vielfach&nbsp;als K\u00e4lte empfunden. Das sollte nun anders werden. Oder wie Bachs Sohn Carl Philipp Emmanuel&nbsp;Bach schrieb: \u00bbMich deucht, die Musik m\u00fcsse vornehmlich das Herz r\u00fchren.\u00ab Mit Werken wie seiner&nbsp;F-Dur-Symphonie \u2013 hier von den Berliner Philharmonikern erstmals gespielt \u2013 z\u00e4hlte Carl Philipp&nbsp;Emmanuel zu denjenigen Komponisten, die den Grundstein zu einer Musik von bis dahin unbekannter&nbsp;Empfindsamkeit legten. Vollender dieses Weges war Ludwig van Beethoven, der ganz das eigene&nbsp;F\u00fchlen und Erleben in den Mittelpunkt seiner Werke stellte \u2013 und damit weit die T\u00fcr aufstie\u00df in die&nbsp;Welt der Romantik.<\/p>\n","protected":false},"excerpt":{"rendered":"<p>F\u00fcr die Berliner Philharmoniker ist die Zusammenarbeit mit Dirigenten der Alte-Musik-Szene&nbsp;in doppelter Hinsicht ein Gewinn. Zum einen erm\u00f6glichen die Spezialisten f\u00fcr historische&nbsp;Auff\u00fchrungspraxis oftmals eine neue Sicht auf die Musik des Barock und der Klassik.&#46;&#46;&#46;<\/p>\n","protected":false},"author":1,"featured_media":0,"parent":0,"menu_order":0,"comment_status":"closed","ping_status":"closed","template":"","meta":{"ngg_post_thumbnail":0,"footnotes":""},"class_list":["post-5338","page","type-page","status-publish","hentry"],"_links":{"self":[{"href":"https:\/\/middel-online.de\/index.php?rest_route=\/wp\/v2\/pages\/5338","targetHints":{"allow":["GET"]}}],"collection":[{"href":"https:\/\/middel-online.de\/index.php?rest_route=\/wp\/v2\/pages"}],"about":[{"href":"https:\/\/middel-online.de\/index.php?rest_route=\/wp\/v2\/types\/page"}],"author":[{"embeddable":true,"href":"https:\/\/middel-online.de\/index.php?rest_route=\/wp\/v2\/users\/1"}],"replies":[{"embeddable":true,"href":"https:\/\/middel-online.de\/index.php?rest_route=%2Fwp%2Fv2%2Fcomments&post=5338"}],"version-history":[{"count":3,"href":"https:\/\/middel-online.de\/index.php?rest_route=\/wp\/v2\/pages\/5338\/revisions"}],"predecessor-version":[{"id":10369,"href":"https:\/\/middel-online.de\/index.php?rest_route=\/wp\/v2\/pages\/5338\/revisions\/10369"}],"wp:attachment":[{"href":"https:\/\/middel-online.de\/index.php?rest_route=%2Fwp%2Fv2%2Fmedia&parent=5338"}],"curies":[{"name":"wp","href":"https:\/\/api.w.org\/{rel}","templated":true}]}}