{"id":4786,"date":"2021-02-08T13:42:53","date_gmt":"2021-02-08T12:42:53","guid":{"rendered":"https:\/\/middelweb.de\/wordpress\/?page_id=4786"},"modified":"2025-02-18T14:55:06","modified_gmt":"2025-02-18T13:55:06","slug":"kanada-2001","status":"publish","type":"page","link":"https:\/\/middel-online.de\/?page_id=4786","title":{"rendered":"Kanada 2001"},"content":{"rendered":"\n<p>Unser Trip nach Toronto, Ontario, <a href=\"https:\/\/1drv.ms\/u\/s!AuO9RkUkgshWiyYg5jOn4f5x96_v?e=0EBnt2\">Kanada<\/a><\/p>\n\n\n\n<figure class=\"wp-block-image size-large\"><img loading=\"lazy\" decoding=\"async\" width=\"745\" height=\"1024\" src=\"https:\/\/middel-online.de\/wp-content\/uploads\/2021\/02\/Kanada-2001-745x1024.jpg\" alt=\"\" class=\"wp-image-4787\" srcset=\"https:\/\/middel-online.de\/wp-content\/uploads\/2021\/02\/Kanada-2001-745x1024.jpg 745w, https:\/\/middel-online.de\/wp-content\/uploads\/2021\/02\/Kanada-2001-218x300.jpg 218w, https:\/\/middel-online.de\/wp-content\/uploads\/2021\/02\/Kanada-2001.jpg 768w\" sizes=\"auto, (max-width: 745px) 100vw, 745px\" \/><\/figure>\n\n\n\n<figure class=\"wp-block-image size-full\"><img loading=\"lazy\" decoding=\"async\" width=\"921\" height=\"682\" src=\"https:\/\/middel-online.de\/wp-content\/uploads\/2024\/02\/Toronto-2024-02-29_044301-1.jpg\" alt=\"\" class=\"wp-image-11643\" srcset=\"https:\/\/middel-online.de\/wp-content\/uploads\/2024\/02\/Toronto-2024-02-29_044301-1.jpg 921w, https:\/\/middel-online.de\/wp-content\/uploads\/2024\/02\/Toronto-2024-02-29_044301-1-300x222.jpg 300w, https:\/\/middel-online.de\/wp-content\/uploads\/2024\/02\/Toronto-2024-02-29_044301-1-768x569.jpg 768w\" sizes=\"auto, (max-width: 921px) 100vw, 921px\" \/><\/figure>\n\n\n\n<p>Um herauszufinden, wie das Wetter wohl werden wird, m\u00fcssen die Bewohner von Toronto nur zum Canada Life Insurance Building an der Ecke University Avenue und Queen Street West hinauf blicken. Oben auf dem Dach steht n\u00e4mlich ein W\u00fcrfel, der in verschiedenen Farben leuchtet: Gr\u00fcn steht f\u00fcr einen sonnigen Tag, bei Rot braucht man einen Regenschirm und Wei\u00df (was im Winter h\u00e4ufig vorkommt) zeigt Schnee an. Dieser W\u00fcrfel ist nicht nur n\u00fctzlich, sondern bringt auch etwas Farbe in den streng wirkenden Finanzdistrikt der Stadt, dessen Hochh\u00e4user daran erinnern, dass in Toronto haupts\u00e4chlich gearbeitet wird \u2013 und zwar egal, ob es regnet, st\u00fcrmt oder schneit.<\/p>\n\n\n\n<p>Toronto, das sich stets an das typisch angels\u00e4chsisch-puritanische Motto \u201eEarly to bed, early to rise&#8220; (fr\u00fch zu Bett gehen und<br>fr\u00fch aufstehen) zu halten scheint, ist der Motor der kanadischen Wirtschaft. Mittlerweile misst es sich darin schon nicht mehr<br>mit seinem \u201eVetter&#8220; Montreal, sondern mit New York. Torontos Kritiker bem\u00e4ngeln jedoch, die Stadt sei zu ernst und bezeichnen es als ,,von Schweizern gef\u00fchrtes New York&#8220;. Trotzdem grenzt es fast an ein Wunder, dass eine Metropole mit etwa 4,5 Millionen Einwohnern sauber und ordentlich ist, eine extrem niedrige Verbrechensrate besitzt und auch noch achtzehn Prozent der Stadtfl\u00e4che Parks sind. Hier ist die ganze Welt vertreten: In Toronto leben 535 000 Schotten, 480 000 Iren, 415 000 Italiener, 435 000 Chinesen, 225 000 Deutsche, 160 000 Polen und 130 000 Griechen. Von den etwa einhundert Sprachen, die es in Kanada gibt, werden achtzig in Toronto gesprochen, was nicht zuletzt dem st\u00e4dtischen Heritage Language Program zu verdanken ist, mit dem die Einwanderer dazu ermutigt werden sollen, ihre eigene Kultur und Herkunft zu pflegen.<\/p>\n\n\n\n<p>Als die Huronen eine Siedlung auf den sumpfigen Ebenen zwischen dem Ontariosee und der Georgian Bay gr\u00fcndeten, schienen sie die zuk\u00fcnftige Entwicklung der Stadt bereits vorhergesehen zu haben. Toronto bedeutet in ihrer Sprache n\u00e4mlich \u201eVersammlungsort&#8220;. Der erste Europ\u00e4er, der dort hingelangte, war 1615 der franz\u00f6sische Entdecker \u00c9tienne Br\u00fbl\u00e9. In den folgenden 150 Jahren kamen nur Pelzh\u00e4ndler. Erst in der zweiten H\u00e4lfte des 18. Jahrhunderts errichteten die Franzosen dort Fort Rouill\u00e9, die Ontario jedoch nicht gegen die Briten verteidigen konnte. Diese \u00fcbernahmen Toronto 1793 und machten eine Stadt daraus. Heute werden im Stadtzentrum die Erker und T\u00fcrmchen der roten Ziegelsteinh\u00e4user vom 19. und Anfang des 20. Jahrhunderts &#8211; wie zum Beispiel Old City Hall, Union Railway Station und St. Andrew&#8217;s Presbyterian Church &#8211; vom futuristischen CN-Tower \u00fcberragt (der mit 553 Metern h\u00f6chste Fernsehturm des Kontinents) und spiegeln sich in den gl\u00e4nzenden Fl\u00e4chen imposanter Wolkenkratzer. Die Geb\u00e4ude von Banken und Multikonzernen konzentrieren sich zwischen Queen Street und Yonge Street. Letztere ist laut Guinnnes-Buch der Rekorde die l\u00e4ngste Stra\u00dfe der Welt und erstreckt sich 1896 Kilometer lang bis hin zum Rainy River an der James Bay. Auch der PATH, die unterirdische Stadt, ist sehr interessant. Dieses Netz aus fast elf Kilometer langen unterirdischen Gehwegen verbindet f\u00fcnfzig B\u00fcrogeb\u00e4ude sowie 1 200 L\u00e4den und Restaurants miteinander und wird vor allem im Winter sehr gesch\u00e4tzt. Einer der oberirdischen Verkehrsknoten dieser ,Parallelwelt&#8220; ist BCE Place, ein hell erleuchteter Platz mit \u00dcberdachungen aus Glas und Metall, den Santiago Calatrava entwarf. In Toronto gibt es au\u00dferdem einige Museen mit international bekannten Kunstsammlungen<br>sowie den Sky Dome. Dieses Stadion fasst sechzigtausend Zuschauer. Seit seiner Er\u00f6ffnung im Jahr 1989 fanden dort<br>\u00fcber zweitausend Veranstaltungen statt, u. a. Baseballspiele der Blue Jay&#8217;s und Fu\u00dfballspiele der Argonauts. Diese beiden<br>Mannschaften sind neben dem Eishockeyteam Maple Leafs die Lokalmatadoren von Toronto.<\/p>\n\n\n\n<figure class=\"wp-block-image size-large\"><img loading=\"lazy\" decoding=\"async\" width=\"729\" height=\"1024\" src=\"https:\/\/middel-online.de\/wp-content\/uploads\/2024\/02\/Dokument_2024-02-06_110857-729x1024.jpg\" alt=\"\" class=\"wp-image-11405\" srcset=\"https:\/\/middel-online.de\/wp-content\/uploads\/2024\/02\/Dokument_2024-02-06_110857-729x1024.jpg 729w, https:\/\/middel-online.de\/wp-content\/uploads\/2024\/02\/Dokument_2024-02-06_110857-214x300.jpg 214w, https:\/\/middel-online.de\/wp-content\/uploads\/2024\/02\/Dokument_2024-02-06_110857-768x1079.jpg 768w, https:\/\/middel-online.de\/wp-content\/uploads\/2024\/02\/Dokument_2024-02-06_110857-1093x1536.jpg 1093w, https:\/\/middel-online.de\/wp-content\/uploads\/2024\/02\/Dokument_2024-02-06_110857.jpg 1200w\" sizes=\"auto, (max-width: 729px) 100vw, 729px\" \/><\/figure>\n\n\n\n<figure class=\"wp-block-image size-large\"><img loading=\"lazy\" decoding=\"async\" width=\"1024\" height=\"517\" src=\"https:\/\/middel-online.de\/wp-content\/uploads\/2021\/02\/Niagara-1024x517.jpg\" alt=\"\" class=\"wp-image-4788\" srcset=\"https:\/\/middel-online.de\/wp-content\/uploads\/2021\/02\/Niagara-1024x517.jpg 1024w, https:\/\/middel-online.de\/wp-content\/uploads\/2021\/02\/Niagara-300x151.jpg 300w, https:\/\/middel-online.de\/wp-content\/uploads\/2021\/02\/Niagara-768x388.jpg 768w, https:\/\/middel-online.de\/wp-content\/uploads\/2021\/02\/Niagara.jpg 1522w\" sizes=\"auto, (max-width: 1024px) 100vw, 1024px\" \/><\/figure>\n\n\n\n<figure class=\"wp-block-image size-large\"><img loading=\"lazy\" decoding=\"async\" width=\"747\" height=\"1024\" src=\"https:\/\/middel-online.de\/wp-content\/uploads\/2024\/02\/Dokument_2024-02-06_111751-8-747x1024.jpg\" alt=\"\" class=\"wp-image-11409\" srcset=\"https:\/\/middel-online.de\/wp-content\/uploads\/2024\/02\/Dokument_2024-02-06_111751-8-747x1024.jpg 747w, https:\/\/middel-online.de\/wp-content\/uploads\/2024\/02\/Dokument_2024-02-06_111751-8-219x300.jpg 219w, https:\/\/middel-online.de\/wp-content\/uploads\/2024\/02\/Dokument_2024-02-06_111751-8-768x1052.jpg 768w, https:\/\/middel-online.de\/wp-content\/uploads\/2024\/02\/Dokument_2024-02-06_111751-8-1121x1536.jpg 1121w, https:\/\/middel-online.de\/wp-content\/uploads\/2024\/02\/Dokument_2024-02-06_111751-8.jpg 1200w\" sizes=\"auto, (max-width: 747px) 100vw, 747px\" \/><\/figure>\n\n\n\n<div class=\"wp-block-group\"><div class=\"wp-block-group__inner-container is-layout-flow wp-block-group-is-layout-flow\">\n<div class=\"wp-block-columns is-layout-flex wp-container-core-columns-is-layout-9d6595d7 wp-block-columns-is-layout-flex\">\n<div class=\"wp-block-column is-layout-flow wp-block-column-is-layout-flow\" style=\"flex-basis:100%\"><\/div>\n<\/div>\n<\/div><\/div>\n\n\n\n<figure class=\"wp-block-gallery has-nested-images columns-default is-cropped wp-block-gallery-1 is-layout-flex wp-block-gallery-is-layout-flex\">\n<figure class=\"wp-block-image size-large\"><img loading=\"lazy\" decoding=\"async\" width=\"240\" height=\"180\" data-id=\"4791\" src=\"https:\/\/middel-online.de\/wp-content\/uploads\/2021\/02\/P000004F.jpg\" alt=\"\" class=\"wp-image-4791\"\/><\/figure>\n\n\n\n<figure class=\"wp-block-image size-large\"><img loading=\"lazy\" decoding=\"async\" width=\"240\" height=\"180\" data-id=\"4790\" src=\"https:\/\/middel-online.de\/wp-content\/uploads\/2021\/02\/P000003f.jpg\" alt=\"\" class=\"wp-image-4790\"\/><\/figure>\n\n\n\n<figure class=\"wp-block-image size-large\"><img loading=\"lazy\" decoding=\"async\" width=\"240\" height=\"180\" data-id=\"4792\" src=\"https:\/\/middel-online.de\/wp-content\/uploads\/2021\/02\/P000013f.jpg\" alt=\"\" class=\"wp-image-4792\"\/><\/figure>\n\n\n\n<figure class=\"wp-block-image size-large\"><img loading=\"lazy\" decoding=\"async\" width=\"240\" height=\"180\" data-id=\"4793\" src=\"https:\/\/middel-online.de\/wp-content\/uploads\/2021\/02\/P000016F.jpg\" alt=\"\" class=\"wp-image-4793\"\/><\/figure>\n\n\n\n<figure class=\"wp-block-image size-large\"><img loading=\"lazy\" decoding=\"async\" width=\"240\" height=\"180\" data-id=\"4794\" src=\"https:\/\/middel-online.de\/wp-content\/uploads\/2021\/02\/P000019F.jpg\" alt=\"\" class=\"wp-image-4794\"\/><\/figure>\n\n\n\n<figure class=\"wp-block-image size-large\"><img loading=\"lazy\" decoding=\"async\" width=\"240\" height=\"180\" data-id=\"4795\" src=\"https:\/\/middel-online.de\/wp-content\/uploads\/2021\/02\/P000024F.jpg\" alt=\"\" class=\"wp-image-4795\"\/><\/figure>\n\n\n\n<figure class=\"wp-block-image size-large\"><img loading=\"lazy\" decoding=\"async\" width=\"240\" height=\"180\" data-id=\"4796\" src=\"https:\/\/middel-online.de\/wp-content\/uploads\/2021\/02\/P000025F.jpg\" alt=\"\" class=\"wp-image-4796\"\/><\/figure>\n\n\n\n<figure class=\"wp-block-image size-large\"><img loading=\"lazy\" decoding=\"async\" width=\"240\" height=\"180\" data-id=\"4797\" src=\"https:\/\/middel-online.de\/wp-content\/uploads\/2021\/02\/P000028F.jpg\" alt=\"\" class=\"wp-image-4797\"\/><\/figure>\n\n\n\n<figure class=\"wp-block-image size-large\"><img loading=\"lazy\" decoding=\"async\" width=\"240\" height=\"180\" data-id=\"4798\" src=\"https:\/\/middel-online.de\/wp-content\/uploads\/2021\/02\/P000038F.jpg\" alt=\"\" class=\"wp-image-4798\"\/><\/figure>\n\n\n\n<figure class=\"wp-block-image size-large\"><img loading=\"lazy\" decoding=\"async\" width=\"240\" height=\"180\" data-id=\"4799\" src=\"https:\/\/middel-online.de\/wp-content\/uploads\/2021\/02\/P000039F.jpg\" alt=\"\" class=\"wp-image-4799\"\/><\/figure>\n\n\n\n<figure class=\"wp-block-image size-large\"><img loading=\"lazy\" decoding=\"async\" width=\"240\" height=\"180\" data-id=\"4800\" src=\"https:\/\/middel-online.de\/wp-content\/uploads\/2021\/02\/P000041F.jpg\" alt=\"\" class=\"wp-image-4800\"\/><\/figure>\n\n\n\n<figure class=\"wp-block-image size-large\"><img loading=\"lazy\" decoding=\"async\" width=\"240\" height=\"180\" data-id=\"4801\" src=\"https:\/\/middel-online.de\/wp-content\/uploads\/2021\/02\/P000050F.jpg\" alt=\"\" class=\"wp-image-4801\"\/><\/figure>\n\n\n\n<figure class=\"wp-block-image size-large\"><img loading=\"lazy\" decoding=\"async\" width=\"240\" height=\"180\" data-id=\"4802\" src=\"https:\/\/middel-online.de\/wp-content\/uploads\/2021\/02\/P000086F.jpg\" alt=\"\" class=\"wp-image-4802\"\/><\/figure>\n\n\n\n<figure class=\"wp-block-image size-large\"><img loading=\"lazy\" decoding=\"async\" width=\"240\" height=\"180\" data-id=\"4803\" src=\"https:\/\/middel-online.de\/wp-content\/uploads\/2021\/02\/P000099F.jpg\" alt=\"\" class=\"wp-image-4803\"\/><\/figure>\n<\/figure>\n\n\n\n<p>Wir danken: BA (Flug 670,&#8211; DM), Alamo f\u00fcr das Cabrio-Vergn\u00fcgen zu 15 $je Tag, McDonald, Wendy &amp; C.. f\u00fcr die nahrhafte Verpflegung, dem Heathrow-Express f\u00fcr eine kostenlose Bef\u00f6rderung von Terminal 1 zu Terminal 4 (statt 13 Pfund f\u00fcr eine Fahrt vor 15:00 Uhr, leider in der falschen Richtung), der kanadischen \u00d6l-Industrie f\u00fcr &#8222;Kanzler-BENZINPREISE&#8220;, dem lieben Gott, da\u00df er den Erie-See 60 m h\u00f6her als den Ontario-See geschaffen hat (Niagara-F\u00e4lle)<\/p>\n\n\n\n<div class=\"wp-block-columns is-layout-flex wp-container-core-columns-is-layout-9d6595d7 wp-block-columns-is-layout-flex\">\n<div class=\"wp-block-column is-layout-flow wp-block-column-is-layout-flow\">\n<figure class=\"wp-block-image size-large\"><img loading=\"lazy\" decoding=\"async\" width=\"464\" height=\"1024\" src=\"https:\/\/middel-online.de\/wp-content\/uploads\/2021\/02\/Kanada-2001_0002-464x1024.jpg\" alt=\"\" class=\"wp-image-4819\" srcset=\"https:\/\/middel-online.de\/wp-content\/uploads\/2021\/02\/Kanada-2001_0002-464x1024.jpg 464w, https:\/\/middel-online.de\/wp-content\/uploads\/2021\/02\/Kanada-2001_0002-136x300.jpg 136w, https:\/\/middel-online.de\/wp-content\/uploads\/2021\/02\/Kanada-2001_0002.jpg 471w\" sizes=\"auto, (max-width: 464px) 100vw, 464px\" \/><\/figure>\n<\/div>\n\n\n\n<div class=\"wp-block-column is-layout-flow wp-block-column-is-layout-flow\">\n<figure class=\"wp-block-image size-large\"><img loading=\"lazy\" decoding=\"async\" width=\"549\" height=\"1024\" src=\"https:\/\/middel-online.de\/wp-content\/uploads\/2025\/02\/Dokument_2024-02-06_111843-9-549x1024.jpg\" alt=\"\" class=\"wp-image-12942\" srcset=\"https:\/\/middel-online.de\/wp-content\/uploads\/2025\/02\/Dokument_2024-02-06_111843-9-549x1024.jpg 549w, https:\/\/middel-online.de\/wp-content\/uploads\/2025\/02\/Dokument_2024-02-06_111843-9-161x300.jpg 161w, https:\/\/middel-online.de\/wp-content\/uploads\/2025\/02\/Dokument_2024-02-06_111843-9-768x1432.jpg 768w, https:\/\/middel-online.de\/wp-content\/uploads\/2025\/02\/Dokument_2024-02-06_111843-9-824x1536.jpg 824w, https:\/\/middel-online.de\/wp-content\/uploads\/2025\/02\/Dokument_2024-02-06_111843-9-1099x2048.jpg 1099w, https:\/\/middel-online.de\/wp-content\/uploads\/2025\/02\/Dokument_2024-02-06_111843-9.jpg 1200w\" sizes=\"auto, (max-width: 549px) 100vw, 549px\" \/><\/figure>\n<\/div>\n<\/div>\n\n\n\n<div class=\"wp-block-columns is-layout-flex wp-container-core-columns-is-layout-9d6595d7 wp-block-columns-is-layout-flex\">\n<div class=\"wp-block-column is-layout-flow wp-block-column-is-layout-flow\">\n<figure class=\"wp-block-image size-large\"><img loading=\"lazy\" decoding=\"async\" width=\"1024\" height=\"725\" src=\"https:\/\/middel-online.de\/wp-content\/uploads\/2024\/02\/2024-02-06_111058-2-1024x725.jpg\" alt=\"\" class=\"wp-image-11402\" srcset=\"https:\/\/middel-online.de\/wp-content\/uploads\/2024\/02\/2024-02-06_111058-2-1024x725.jpg 1024w, https:\/\/middel-online.de\/wp-content\/uploads\/2024\/02\/2024-02-06_111058-2-300x212.jpg 300w, https:\/\/middel-online.de\/wp-content\/uploads\/2024\/02\/2024-02-06_111058-2-768x544.jpg 768w, https:\/\/middel-online.de\/wp-content\/uploads\/2024\/02\/2024-02-06_111058-2-1536x1087.jpg 1536w, https:\/\/middel-online.de\/wp-content\/uploads\/2024\/02\/2024-02-06_111058-2.jpg 1695w\" sizes=\"auto, (max-width: 1024px) 100vw, 1024px\" \/><\/figure>\n<\/div>\n\n\n\n<div class=\"wp-block-column is-layout-flow wp-block-column-is-layout-flow\">\n<figure class=\"wp-block-image size-large\"><img loading=\"lazy\" decoding=\"async\" width=\"1024\" height=\"725\" src=\"https:\/\/middel-online.de\/wp-content\/uploads\/2024\/02\/2024-02-06_111158-3-1024x725.jpg\" alt=\"\" class=\"wp-image-11403\" srcset=\"https:\/\/middel-online.de\/wp-content\/uploads\/2024\/02\/2024-02-06_111158-3-1024x725.jpg 1024w, https:\/\/middel-online.de\/wp-content\/uploads\/2024\/02\/2024-02-06_111158-3-300x212.jpg 300w, https:\/\/middel-online.de\/wp-content\/uploads\/2024\/02\/2024-02-06_111158-3-768x544.jpg 768w, https:\/\/middel-online.de\/wp-content\/uploads\/2024\/02\/2024-02-06_111158-3-1536x1087.jpg 1536w, https:\/\/middel-online.de\/wp-content\/uploads\/2024\/02\/2024-02-06_111158-3.jpg 1695w\" sizes=\"auto, (max-width: 1024px) 100vw, 1024px\" \/><\/figure>\n<\/div>\n<\/div>\n\n\n\n<figure class=\"wp-block-image size-large\"><img loading=\"lazy\" decoding=\"async\" width=\"1024\" height=\"1024\" src=\"https:\/\/middel-online.de\/wp-content\/uploads\/2024\/02\/2024-02-06_112049-11-1024x1024.jpg\" alt=\"\" class=\"wp-image-11404\" srcset=\"https:\/\/middel-online.de\/wp-content\/uploads\/2024\/02\/2024-02-06_112049-11-1024x1024.jpg 1024w, https:\/\/middel-online.de\/wp-content\/uploads\/2024\/02\/2024-02-06_112049-11-300x300.jpg 300w, https:\/\/middel-online.de\/wp-content\/uploads\/2024\/02\/2024-02-06_112049-11-150x150.jpg 150w, https:\/\/middel-online.de\/wp-content\/uploads\/2024\/02\/2024-02-06_112049-11-768x767.jpg 768w, https:\/\/middel-online.de\/wp-content\/uploads\/2024\/02\/2024-02-06_112049-11-80x80.jpg 80w, https:\/\/middel-online.de\/wp-content\/uploads\/2024\/02\/2024-02-06_112049-11-320x320.jpg 320w, https:\/\/middel-online.de\/wp-content\/uploads\/2024\/02\/2024-02-06_112049-11.jpg 1201w\" sizes=\"auto, (max-width: 1024px) 100vw, 1024px\" \/><\/figure>\n\n\n\n<figure class=\"wp-block-image size-large\"><img loading=\"lazy\" decoding=\"async\" width=\"1024\" height=\"774\" src=\"https:\/\/middel-online.de\/wp-content\/uploads\/2024\/02\/Dokument_2024-02-06_111328-4-1024x774.jpg\" alt=\"\" class=\"wp-image-11406\" srcset=\"https:\/\/middel-online.de\/wp-content\/uploads\/2024\/02\/Dokument_2024-02-06_111328-4-1024x774.jpg 1024w, https:\/\/middel-online.de\/wp-content\/uploads\/2024\/02\/Dokument_2024-02-06_111328-4-300x227.jpg 300w, https:\/\/middel-online.de\/wp-content\/uploads\/2024\/02\/Dokument_2024-02-06_111328-4-768x580.jpg 768w, https:\/\/middel-online.de\/wp-content\/uploads\/2024\/02\/Dokument_2024-02-06_111328-4-1536x1161.jpg 1536w, https:\/\/middel-online.de\/wp-content\/uploads\/2024\/02\/Dokument_2024-02-06_111328-4.jpg 1588w\" sizes=\"auto, (max-width: 1024px) 100vw, 1024px\" \/><\/figure>\n\n\n\n<figure class=\"wp-block-image size-large\"><img loading=\"lazy\" decoding=\"async\" width=\"1024\" height=\"680\" src=\"https:\/\/middel-online.de\/wp-content\/uploads\/2024\/02\/Dokument_2024-02-06_111653-7-1024x680.jpg\" alt=\"\" class=\"wp-image-11408\" srcset=\"https:\/\/middel-online.de\/wp-content\/uploads\/2024\/02\/Dokument_2024-02-06_111653-7-1024x680.jpg 1024w, https:\/\/middel-online.de\/wp-content\/uploads\/2024\/02\/Dokument_2024-02-06_111653-7-300x199.jpg 300w, https:\/\/middel-online.de\/wp-content\/uploads\/2024\/02\/Dokument_2024-02-06_111653-7-768x510.jpg 768w, https:\/\/middel-online.de\/wp-content\/uploads\/2024\/02\/Dokument_2024-02-06_111653-7-1536x1020.jpg 1536w, https:\/\/middel-online.de\/wp-content\/uploads\/2024\/02\/Dokument_2024-02-06_111653-7.jpg 1807w\" sizes=\"auto, (max-width: 1024px) 100vw, 1024px\" \/><\/figure>\n\n\n\nngg_shortcode_0_placeholder\n\n\n\n<figure class=\"wp-block-image size-large\"><img loading=\"lazy\" decoding=\"async\" width=\"693\" height=\"1024\" src=\"https:\/\/middel-online.de\/wp-content\/uploads\/2024\/02\/Dokument_2024-02-06_112001-10-693x1024.jpg\" alt=\"\" class=\"wp-image-11401\" srcset=\"https:\/\/middel-online.de\/wp-content\/uploads\/2024\/02\/Dokument_2024-02-06_112001-10-693x1024.jpg 693w, https:\/\/middel-online.de\/wp-content\/uploads\/2024\/02\/Dokument_2024-02-06_112001-10-203x300.jpg 203w, https:\/\/middel-online.de\/wp-content\/uploads\/2024\/02\/Dokument_2024-02-06_112001-10-768x1135.jpg 768w, https:\/\/middel-online.de\/wp-content\/uploads\/2024\/02\/Dokument_2024-02-06_112001-10-1040x1536.jpg 1040w, https:\/\/middel-online.de\/wp-content\/uploads\/2024\/02\/Dokument_2024-02-06_112001-10.jpg 1200w\" sizes=\"auto, (max-width: 693px) 100vw, 693px\" \/><\/figure>\n\n\n\n<figure class=\"wp-block-image size-large\"><img loading=\"lazy\" decoding=\"async\" width=\"693\" height=\"1024\" src=\"https:\/\/middelweb.de\/wordpress\/wp-content\/uploads\/2024\/02\/Dokument_2024-02-06_112001-10-693x1024.jpg\" alt=\"\" class=\"wp-image-11401\" srcset=\"https:\/\/middel-online.de\/wp-content\/uploads\/2024\/02\/Dokument_2024-02-06_112001-10-693x1024.jpg 693w, https:\/\/middel-online.de\/wp-content\/uploads\/2024\/02\/Dokument_2024-02-06_112001-10-203x300.jpg 203w, https:\/\/middel-online.de\/wp-content\/uploads\/2024\/02\/Dokument_2024-02-06_112001-10-768x1135.jpg 768w, https:\/\/middel-online.de\/wp-content\/uploads\/2024\/02\/Dokument_2024-02-06_112001-10-1040x1536.jpg 1040w, https:\/\/middel-online.de\/wp-content\/uploads\/2024\/02\/Dokument_2024-02-06_112001-10.jpg 1200w\" sizes=\"auto, (max-width: 693px) 100vw, 693px\" \/><\/figure>\n","protected":false},"excerpt":{"rendered":"<p>Unser Trip nach Toronto, Ontario, Kanada Um herauszufinden, wie das Wetter wohl werden wird, m\u00fcssen die Bewohner von Toronto nur zum Canada Life Insurance Building an der Ecke University Avenue und Queen Street West&#46;&#46;&#46;<\/p>\n","protected":false},"author":1,"featured_media":0,"parent":0,"menu_order":0,"comment_status":"closed","ping_status":"closed","template":"","meta":{"ngg_post_thumbnail":0,"footnotes":""},"class_list":["post-4786","page","type-page","status-publish","hentry"],"_links":{"self":[{"href":"https:\/\/middel-online.de\/index.php?rest_route=\/wp\/v2\/pages\/4786","targetHints":{"allow":["GET"]}}],"collection":[{"href":"https:\/\/middel-online.de\/index.php?rest_route=\/wp\/v2\/pages"}],"about":[{"href":"https:\/\/middel-online.de\/index.php?rest_route=\/wp\/v2\/types\/page"}],"author":[{"embeddable":true,"href":"https:\/\/middel-online.de\/index.php?rest_route=\/wp\/v2\/users\/1"}],"replies":[{"embeddable":true,"href":"https:\/\/middel-online.de\/index.php?rest_route=%2Fwp%2Fv2%2Fcomments&post=4786"}],"version-history":[{"count":22,"href":"https:\/\/middel-online.de\/index.php?rest_route=\/wp\/v2\/pages\/4786\/revisions"}],"predecessor-version":[{"id":12944,"href":"https:\/\/middel-online.de\/index.php?rest_route=\/wp\/v2\/pages\/4786\/revisions\/12944"}],"wp:attachment":[{"href":"https:\/\/middel-online.de\/index.php?rest_route=%2Fwp%2Fv2%2Fmedia&parent=4786"}],"curies":[{"name":"wp","href":"https:\/\/api.w.org\/{rel}","templated":true}]}}