{"id":4583,"date":"2021-02-08T08:42:30","date_gmt":"2021-02-08T07:42:30","guid":{"rendered":"https:\/\/middelweb.de\/wordpress\/?page_id=4583"},"modified":"2022-08-05T09:52:20","modified_gmt":"2022-08-05T08:52:20","slug":"konfiramtionen","status":"publish","type":"page","link":"https:\/\/middel-online.de\/?page_id=4583","title":{"rendered":"Kinder Konfirmationen"},"content":{"rendered":"\n<p>Christian: <a href=\"https:\/\/middelweb.de\/wordpress\/?page_id=8522\" data-type=\"page\" data-id=\"8522\">30.04.1989<\/a> durch Pfr. Emil Haag<\/p>\n\n\n\n<figure class=\"wp-block-image size-large\"><img loading=\"lazy\" decoding=\"async\" width=\"731\" height=\"1024\" src=\"https:\/\/middelweb.de\/wordpress\/wp-content\/uploads\/2021\/02\/konfi_dida1-731x1024.jpg\" alt=\"\" class=\"wp-image-6068\" srcset=\"https:\/\/middel-online.de\/wp-content\/uploads\/2021\/02\/konfi_dida1-731x1024.jpg 731w, https:\/\/middel-online.de\/wp-content\/uploads\/2021\/02\/konfi_dida1-214x300.jpg 214w, https:\/\/middel-online.de\/wp-content\/uploads\/2021\/02\/konfi_dida1.jpg 768w\" sizes=\"auto, (max-width: 731px) 100vw, 731px\" \/><\/figure>\n\n\n\n<figure class=\"wp-block-image size-large\"><img loading=\"lazy\" decoding=\"async\" width=\"1024\" height=\"734\" src=\"https:\/\/middelweb.de\/wordpress\/wp-content\/uploads\/2021\/02\/konfi_dida-1024x734.jpg\" alt=\"\" class=\"wp-image-6067\" srcset=\"https:\/\/middel-online.de\/wp-content\/uploads\/2021\/02\/konfi_dida-1024x734.jpg 1024w, https:\/\/middel-online.de\/wp-content\/uploads\/2021\/02\/konfi_dida-300x215.jpg 300w, https:\/\/middel-online.de\/wp-content\/uploads\/2021\/02\/konfi_dida-768x550.jpg 768w, https:\/\/middel-online.de\/wp-content\/uploads\/2021\/02\/konfi_dida.jpg 1072w\" sizes=\"auto, (max-width: 1024px) 100vw, 1024px\" \/><\/figure>\n\n\n\n<p><br>Die Wasserwogen im Meer sind gro\u00df und brausen m\u00e4chtig;<br>der HERR aber ist noch gr\u00f6\u00dfer in der H\u00f6he.<br>Psalm 93,4<\/p>\n\n\n\n<p><br>Anke: am <a href=\"https:\/\/middelweb.de\/wordpress\/?page_id=8557\" data-type=\"page\" data-id=\"8557\">17.05.1992<\/a> durch Pfr. Emil Haag<\/p>\n\n\n\n<figure class=\"wp-block-image size-large\"><img loading=\"lazy\" decoding=\"async\" width=\"743\" height=\"1024\" src=\"https:\/\/middelweb.de\/wordpress\/wp-content\/uploads\/2021\/02\/Scannen0109-743x1024.jpg\" alt=\"\" class=\"wp-image-4603\" srcset=\"https:\/\/middel-online.de\/wp-content\/uploads\/2021\/02\/Scannen0109-743x1024.jpg 743w, https:\/\/middel-online.de\/wp-content\/uploads\/2021\/02\/Scannen0109-218x300.jpg 218w, https:\/\/middel-online.de\/wp-content\/uploads\/2021\/02\/Scannen0109.jpg 768w\" sizes=\"auto, (max-width: 743px) 100vw, 743px\" \/><\/figure>\n\n\n\n<figure class=\"wp-block-image size-large\"><img loading=\"lazy\" decoding=\"async\" width=\"1024\" height=\"737\" src=\"https:\/\/middelweb.de\/wordpress\/wp-content\/uploads\/2021\/02\/Scannen0110-1024x737.jpg\" alt=\"\" class=\"wp-image-4604\" srcset=\"https:\/\/middel-online.de\/wp-content\/uploads\/2021\/02\/Scannen0110-1024x737.jpg 1024w, https:\/\/middel-online.de\/wp-content\/uploads\/2021\/02\/Scannen0110-300x216.jpg 300w, https:\/\/middel-online.de\/wp-content\/uploads\/2021\/02\/Scannen0110-768x553.jpg 768w, https:\/\/middel-online.de\/wp-content\/uploads\/2021\/02\/Scannen0110.jpg 1067w\" sizes=\"auto, (max-width: 1024px) 100vw, 1024px\" \/><\/figure>\n\n\n\n<p>Jesus Christus spricht: Einer ist euer Meister, ihr aber seid alle Br\u00fcder<br>Math. 22,8<br><br>Angela: am <a href=\"https:\/\/middelweb.de\/wordpress\/?page_id=8657\" data-type=\"page\" data-id=\"8657\">27.04.1997<\/a> durch Pfr. Andreas Stiehler<br><\/p>\n\n\n\n<figure class=\"wp-block-image size-large\"><img loading=\"lazy\" decoding=\"async\" width=\"694\" height=\"1024\" src=\"https:\/\/middelweb.de\/wordpress\/wp-content\/uploads\/2021\/02\/Konfi_Angi-694x1024.jpg\" alt=\"\" class=\"wp-image-6066\" srcset=\"https:\/\/middel-online.de\/wp-content\/uploads\/2021\/02\/Konfi_Angi-694x1024.jpg 694w, https:\/\/middel-online.de\/wp-content\/uploads\/2021\/02\/Konfi_Angi-203x300.jpg 203w, https:\/\/middel-online.de\/wp-content\/uploads\/2021\/02\/Konfi_Angi.jpg 768w\" sizes=\"auto, (max-width: 694px) 100vw, 694px\" \/><\/figure>\n\n\n\n<p><br>Christus spricht: &#8222;Wer diese meine Rede h\u00f6rt und tut sie, der gleicht einem klugen Mann, der sein Haus auf Fels baut.&#8220;<br>Math. 7,24<\/p>\n\n\n\n<figure class=\"wp-block-image size-large\"><img loading=\"lazy\" decoding=\"async\" width=\"729\" height=\"1024\" src=\"https:\/\/middelweb.de\/wordpress\/wp-content\/uploads\/2021\/04\/Brissago.01-729x1024.jpg\" alt=\"\" class=\"wp-image-9445\" srcset=\"https:\/\/middel-online.de\/wp-content\/uploads\/2021\/04\/Brissago.01-729x1024.jpg 729w, https:\/\/middel-online.de\/wp-content\/uploads\/2021\/04\/Brissago.01-214x300.jpg 214w, https:\/\/middel-online.de\/wp-content\/uploads\/2021\/04\/Brissago.01-768x1079.jpg 768w, https:\/\/middel-online.de\/wp-content\/uploads\/2021\/04\/Brissago.01-1093x1536.jpg 1093w, https:\/\/middel-online.de\/wp-content\/uploads\/2021\/04\/Brissago.01-1458x2048.jpg 1458w, https:\/\/middel-online.de\/wp-content\/uploads\/2021\/04\/Brissago.01-scaled.jpg 1822w\" sizes=\"auto, (max-width: 729px) 100vw, 729px\" \/><\/figure>\n\n\n\n<p><br>Liebe Angela, liebe Festg\u00e4ste,<br>was sagt ein Vater seiner letztgeborenen Tochter zur Konfirmation?<br>Was hei\u00dft \u00fcberhaupt Konfirmation? lat. confirmare = befestigen, best\u00e4tigen (Taufe)<br>Ich m\u00f6chte Dir zun\u00e4chst weitergeben, was mir von meinem Vater in Erinnerung geblieben ist, eine Klammer im Leben, mit der Taufe am Anfang des Lebens und um so wichtiger am Ende: der Glauben!<br>Eine Verantwortung habe er, sagte Dein Opa Willi zu mir, den Glauben weiter zu geben, es war das entscheidende, was in Zeiten des Glaubenszweifels mich dazu gebracht hat, eine endg\u00fcltige Abkehr nochmals zu \u00fcberdenken, und es ist heute sicher mehr als nur eine Person am Tisch, die den Glauben zur Zeit nicht f\u00fcr sehr wichtig h\u00e4lt, aber auch ich m\u00f6chte all meinen Kindern dieses Verm\u00e4chtnis weitergeben:<br>Werfet Euren Glauben nicht weg. Er ist das Einzige, was wirklich tr\u00e4gt.<br>La\u00dft es mich auf die \u00e4u\u00dfere Gestaltung f\u00fcr den heutigen Tag beziehen:<br>Ein uraltes Symbol des Lebens: der Baum, der aus dem Erdreich mit seinen Wurzeln Wasser und N\u00e4hrstoffe aufnimmt, mit einem starken, aber doch<br>biegsamen Stamm, verzweigenden \u00c4sten, die bis in den Himmel ragen, mit gr\u00fcnen Bl\u00e4ttern daran, durch die der Baum das lebensspendende<br>Sonnenlicht aufnimmt\u2026.<br>Wir haben durchg\u00e4ngig, von der Einladung bis zu Erinnerungsst\u00fccken, die wir heute noch gestalten, den Baum als Bild gew\u00e4hlt.<br>Auf Angela bezogen w\u00fcnschen wir mit dem Symbold des Baumes, da\u00df bereits kr\u00e4ftige Wurzeln, sinnbildlich f\u00fcr die Verwurzelung in der Familie,<br>gewachsen sind<br>Oder um es mit Worten des 1. Psalms auszudr\u00fccken:<br>Der ist wie ein Baum, gepflanzt an den Wasserb\u00e4chen, der seine Frucht bringt zu seiner Zeit, und seine Bl\u00e4tter verwelken nicht. Und was er macht,<br>das ger\u00e4t wohl.<br>Aber so sind die Gottlosen nicht, sondern wie Spreu, die der Wind verstreut.<br>Darum bestehen die Gottlosen nicht im Gericht noch die S\u00fcnder in der Gemeinde der Gerechten.<br>Denn der HERR kennt den Weg der Gerechten, aber der Gottlosen Weg vergeht.<br>Glauben als erster Ton eines Lebensdreiklangs, den wir Dir liebe Angela heute f\u00fcr Dein weiteres Leben als Fundament und Horizont w\u00fcnschen.<br>Der zweite Ton getreu der Aussage des 1. Korinther-Briefs (13,13): Hoffnung:<br>Auch hier wieder der Baum als Sinnbild. Was gibt unserem Leben Hoffnung?<br>Z.B. der d\u00fcrre Laubbaum, dem man im Winter nicht zutrauen w\u00fcrde, da\u00df er wieder gr\u00fcnt. Und in so kalten Wintern, wie wir ihn hinter uns haben,<br>erfriert manches. Hoffnung ist also mehr als Erfahrung! Wir sehnen uns nach einem langen kalten Winter nach dem Aufbl\u00fchen.<br>Aufbl\u00fchen, vier Jahreszeiten: Du weist, dies sind auch in unserer Wohnung Bild gewordene Hoffnungszeichen und was sie auf Dich bezogen<br>bedeuten, m\u00f6chte ich anhand einer Geschichte verdeutlichen, ich erz\u00e4hle die Geschichte immer wieder gerne:<br>Ein alter Buchh\u00e4ndler in Esslingen &#8211; es gibt ihn noch heute, er hat sich in jetzt 22 Jahren auch kaum ver\u00e4ndert &#8211; hat, als Dein Bruder unterwegs war<br>und wir damals in der besagte Buchhandlung waren und fragten, welches Buch er uns denn f\u00fcr die Kindererziehung empfehlen k\u00f6nnte, geantwortet: \u201c<br>Wenn Sie erst einmal drei Kinder haben, k\u00f6nnen Sie selber eines schreiben!\u201d<br>Nun &#8211; schreiben k\u00f6nnten wir das sicher. In der Praxis f\u00e4llt uns allerdings vor allem das Loslassen der erwachsen werdenden Kinder immer noch<br>schwer. Wir wollen den heutigen Tag aber nutzen, Dir zu versichern, da\u00df wir die Konfirmation als Startschu\u00df eines neuen Versuchs verstehen.<br>Glaube, Hoffnung, Liebe: Dieser Lebensdreiklang, der die HARMONIE Deines Lebens sein soll, Wie klingt der dritte und wichtigste Ton, die Liebe?<br>Bezogen auf unser Symbol, den Baum sind das die Fr\u00fcchte.<br>Liebe, Freude, Friede, Geduld, Freundlichkeit, G\u00fcte, Treue sind die guten Fr\u00fcchte, die die Bibel nennt.<br>Mit der Wahl Deines Namens, Angela Irina, Engel des Friedens, haben wir uns ein Lebensprogramm f\u00fcr Dich gew\u00fcnscht<br>Die Liebe zu anderen setzt aber die Selbstliebe, d.h. die Selbstannahme &#8211; schwierig sicher in Deiner jetzigen Lebensphase &#8211; voraus.<br>Liebe Deinen N\u00e4chsten wie Dich selbst. Akzeptiere Dich so, wie Du bist, so bist Du gut, das k\u00f6nnen wir Dir heute wie auch unseren anderen Kindern<br>best\u00e4tigen, also auch insofern \u201cconfirmare\u201d.<br>Mein alter Chef, OKR Roos hat immer gesagt: \u201cAlle Menschen werden als Original geboren, aber die meisten sterben als Kopie\u201d. Wir haben allen drei<br>Kindern Doppelnamen gegeben, auch deshalb, da\u00df Ihr stets an Eurem Namen feststellen k\u00f6nnt, da\u00df Ihr einmalig seid und genau so von Gott gewollt.<br>Wenn Ihr also mit Euch selbst zufrieden seid, dann k\u00f6nnt Ihr auch den zweiten Teil des Liebesgebotes erf\u00fcllen: \u201c \u2026 und Deinen N\u00e4chsten \u2026 \u201c<br>Und hier noch eine Lebensweisheit, von zwei Verwandten, die heute leider nicht mehr unter uns sein k\u00f6nnen:<br>Euer, unser <a href=\"https:\/\/middelweb.de\/wordpress\/?page_id=2817\" data-type=\"page\" data-id=\"2817\">Onkel Walter<\/a> hat uns bei einem seiner letzten Besuche in Dortmund mitgegeben, wir sollen die kleinen Fehler der Menschen akzeptieren<br>und von Eurem Opa Ernst stammt die Mahnung, nicht zu streng zu sein.<br>Die Erde ist viel zu klein und zu ausgebeutet, als da\u00df wir uns kleinlichen Streit leisten k\u00f6nnten.<br>Strebe daher, liebe Angela, und Ihr alle k\u00f6nnt Euch auch nach dieser Devise richten, strebe nach dem erreichbaren Gl\u00fcck. Das wirst Du immer und \u00fcberall finden, im Glauben, in der Natur, in der Kunst, in der Begegnung mit Menschen, im Erfolg, auch Zielorientierung ist wichtig und denke an den Baum, wenn es dauert, bleibe mit Geduld an der Sache, wenn es einmal nicht gelingt, erfreue Dich an anderem, was ich aufgez\u00e4hlt habe. Alles im Leben ist relativ. Es kommt auf Deine Einstellung an, ob Du es positiv oder negativ erlebst.<\/p>\n\n\n\n<p><a href=\"https:\/\/aki.teracloud.jp\/share\/11b16e4c6ab78199\">Leni Konfirmation<\/a> 22. Mai 2022<\/p>\n","protected":false},"excerpt":{"rendered":"<p>Christian: 30.04.1989 durch Pfr. Emil Haag Die Wasserwogen im Meer sind gro\u00df und brausen m\u00e4chtig;der HERR aber ist noch gr\u00f6\u00dfer in der H\u00f6he.Psalm 93,4 Anke: am 17.05.1992 durch Pfr. Emil Haag Jesus Christus spricht:&#46;&#46;&#46;<\/p>\n","protected":false},"author":1,"featured_media":0,"parent":0,"menu_order":0,"comment_status":"closed","ping_status":"closed","template":"","meta":{"ngg_post_thumbnail":0,"footnotes":""},"class_list":["post-4583","page","type-page","status-publish","hentry"],"_links":{"self":[{"href":"https:\/\/middel-online.de\/index.php?rest_route=\/wp\/v2\/pages\/4583","targetHints":{"allow":["GET"]}}],"collection":[{"href":"https:\/\/middel-online.de\/index.php?rest_route=\/wp\/v2\/pages"}],"about":[{"href":"https:\/\/middel-online.de\/index.php?rest_route=\/wp\/v2\/types\/page"}],"author":[{"embeddable":true,"href":"https:\/\/middel-online.de\/index.php?rest_route=\/wp\/v2\/users\/1"}],"replies":[{"embeddable":true,"href":"https:\/\/middel-online.de\/index.php?rest_route=%2Fwp%2Fv2%2Fcomments&post=4583"}],"version-history":[{"count":7,"href":"https:\/\/middel-online.de\/index.php?rest_route=\/wp\/v2\/pages\/4583\/revisions"}],"predecessor-version":[{"id":11138,"href":"https:\/\/middel-online.de\/index.php?rest_route=\/wp\/v2\/pages\/4583\/revisions\/11138"}],"wp:attachment":[{"href":"https:\/\/middel-online.de\/index.php?rest_route=%2Fwp%2Fv2%2Fmedia&parent=4583"}],"curies":[{"name":"wp","href":"https:\/\/api.w.org\/{rel}","templated":true}]}}