{"id":43,"date":"2021-02-01T16:13:25","date_gmt":"2021-02-01T16:13:25","guid":{"rendered":"https:\/\/middelweb.de\/wordpress\/?page_id=43"},"modified":"2025-11-06T12:35:51","modified_gmt":"2025-11-06T11:35:51","slug":"scharnhausen-unsere-heimat","status":"publish","type":"page","link":"https:\/\/middel-online.de\/","title":{"rendered":"Scharnhausen, unsere Heimat"},"content":{"rendered":"\n<figure class=\"wp-block-image size-large\"><img loading=\"lazy\" decoding=\"async\" width=\"1024\" height=\"819\" src=\"https:\/\/middelweb.de\/wordpress\/wp-content\/uploads\/2021\/02\/Schloessle-1024x819.jpg\" alt=\"\" class=\"wp-image-45\" srcset=\"https:\/\/middel-online.de\/wp-content\/uploads\/2021\/02\/Schloessle-1024x819.jpg 1024w, https:\/\/middel-online.de\/wp-content\/uploads\/2021\/02\/Schloessle-300x240.jpg 300w, https:\/\/middel-online.de\/wp-content\/uploads\/2021\/02\/Schloessle-768x614.jpg 768w, https:\/\/middel-online.de\/wp-content\/uploads\/2021\/02\/Schloessle.jpg 1280w\" sizes=\"auto, (max-width: 1024px) 100vw, 1024px\" \/><\/figure>\n\n\n\n<p>Das &#8222;Schl\u00f6\u00dfchen&#8220; von Scharnhausen im K\u00f6rschtal, 1784 von Hofbaumeister Fischer als &#8222;Retraite&#8220; f\u00fcr Herzog Karl Eugen erbaut.<\/p>\n\n\n\n<p>Der Herzog lie\u00df dieses klei\u00adne Lustschloss er\u00adrich\u00adten, dessen Park die w\u00fcrttem\u00adber\u00adgischen K\u00f6nige sp\u00e4ter zu ihrem Pri\u00advatgest\u00fct ausbau\u00adten. Das Schl\u00f6ssle und der Amortempel erinnern heute noch an diese Zeit.<\/p>\n\n\n\n<p>Das \u00e4lteste bekannte Zeugnis der Gemeinde Scharn\u00adhausen ist eine Ur\u00adkunde aus dem Jahr 1242, die einen Ritter Konrad von Husen erw\u00e4hnt. Seit 1283 ist der vollst\u00e4ndige Ortsname \u00fcberliefert, der auf den Ritter Walther, genannt Scharre von Husen, zur\u00fcckgeht.<\/p>\n\n\n\n<p><em>Es ist also nicht, wie manche Betrachter dieser Homepage schon vermuteten, unser Haus! Das K\u00f6rschtal und\u00a0<a href=\"https:\/\/middel-online.de\/wp-content\/uploads\/2021\/02\/PMHahn-scaled.jpg\">Scharnhausen<\/a>\u00a0als Wohnsitz haben wir aber aus \u00e4hnlichen Gr\u00fcnden wie der Herzog gew\u00e4hlt, der so gro\u00dfen Gefallen an den landschaftlichen Reizen des K\u00f6rschtals bei Scharnhausen gefunden hatte. Heute wichtiger denn je die Option des nahen Stuttgart mit kulturellem Angebot auf Weltspitzenniveau.<\/em><\/p>\n\n\n\n<p><em>Diese Homepage habe ich einzig aus Spa\u00df an der Freude erstellt. Ich wollte wissen, wie das geht und ob ich das auch kann. Au\u00dferdem gab und gibt mir das die M\u00f6glichkeit, die zunehmende Menge an Digitalem und auch\u00a0\u00a0mein kleines <a href=\"https:\/\/middel-online.de\/?page_id=51\" data-type=\"page\" data-id=\"51\">Leben<\/a><\/em> <em>ein wenig zu ordnen.<\/em><\/p>\n\n\n\n<figure class=\"wp-block-image size-large\"><img loading=\"lazy\" decoding=\"async\" width=\"1024\" height=\"721\" src=\"https:\/\/middelweb.de\/wordpress\/wp-content\/uploads\/2021\/02\/DidaScharnhausen-1024x721.jpg\" alt=\"\" class=\"wp-image-27\" srcset=\"https:\/\/middel-online.de\/wp-content\/uploads\/2021\/02\/DidaScharnhausen-1024x721.jpg 1024w, https:\/\/middel-online.de\/wp-content\/uploads\/2021\/02\/DidaScharnhausen-300x211.jpg 300w, https:\/\/middel-online.de\/wp-content\/uploads\/2021\/02\/DidaScharnhausen-768x541.jpg 768w, https:\/\/middel-online.de\/wp-content\/uploads\/2021\/02\/DidaScharnhausen.jpg 1090w\" sizes=\"auto, (max-width: 1024px) 100vw, 1024px\" \/><figcaption class=\"wp-element-caption\">Scharnhausen aus Sicht unseres Sohnes<\/figcaption><\/figure>\n\n\n\n<figure class=\"wp-block-image size-large\"><img loading=\"lazy\" decoding=\"async\" width=\"1024\" height=\"415\" src=\"https:\/\/middelweb.de\/wordpress\/wp-content\/uploads\/2021\/02\/IMG_9714-1024x415.jpg\" alt=\"\" class=\"wp-image-41\" srcset=\"https:\/\/middel-online.de\/wp-content\/uploads\/2021\/02\/IMG_9714-1024x415.jpg 1024w, https:\/\/middel-online.de\/wp-content\/uploads\/2021\/02\/IMG_9714-300x121.jpg 300w, https:\/\/middel-online.de\/wp-content\/uploads\/2021\/02\/IMG_9714-768x311.jpg 768w, https:\/\/middel-online.de\/wp-content\/uploads\/2021\/02\/IMG_9714-1536x622.jpg 1536w, https:\/\/middel-online.de\/wp-content\/uploads\/2021\/02\/IMG_9714.jpg 1897w\" sizes=\"auto, (max-width: 1024px) 100vw, 1024px\" \/><figcaption class=\"wp-element-caption\">Unser Blick ins K\u00f6rschtal<\/figcaption><\/figure>\n\n\n\n<p><\/p>\n","protected":false},"excerpt":{"rendered":"<p>Das &#8222;Schl\u00f6\u00dfchen&#8220; von Scharnhausen im K\u00f6rschtal, 1784 von Hofbaumeister Fischer als &#8222;Retraite&#8220; f\u00fcr Herzog Karl Eugen erbaut. Der Herzog lie\u00df dieses klei\u00adne Lustschloss er\u00adrich\u00adten, dessen Park die w\u00fcrttem\u00adber\u00adgischen K\u00f6nige sp\u00e4ter zu ihrem Pri\u00advatgest\u00fct ausbau\u00adten.&#46;&#46;&#46;<\/p>\n","protected":false},"author":1,"featured_media":0,"parent":0,"menu_order":0,"comment_status":"closed","ping_status":"closed","template":"","meta":{"ngg_post_thumbnail":0,"footnotes":""},"class_list":["post-43","page","type-page","status-publish","hentry"],"_links":{"self":[{"href":"https:\/\/middel-online.de\/index.php?rest_route=\/wp\/v2\/pages\/43","targetHints":{"allow":["GET"]}}],"collection":[{"href":"https:\/\/middel-online.de\/index.php?rest_route=\/wp\/v2\/pages"}],"about":[{"href":"https:\/\/middel-online.de\/index.php?rest_route=\/wp\/v2\/types\/page"}],"author":[{"embeddable":true,"href":"https:\/\/middel-online.de\/index.php?rest_route=\/wp\/v2\/users\/1"}],"replies":[{"embeddable":true,"href":"https:\/\/middel-online.de\/index.php?rest_route=%2Fwp%2Fv2%2Fcomments&post=43"}],"version-history":[{"count":6,"href":"https:\/\/middel-online.de\/index.php?rest_route=\/wp\/v2\/pages\/43\/revisions"}],"predecessor-version":[{"id":12455,"href":"https:\/\/middel-online.de\/index.php?rest_route=\/wp\/v2\/pages\/43\/revisions\/12455"}],"wp:attachment":[{"href":"https:\/\/middel-online.de\/index.php?rest_route=%2Fwp%2Fv2%2Fmedia&parent=43"}],"curies":[{"name":"wp","href":"https:\/\/api.w.org\/{rel}","templated":true}]}}