{"id":3057,"date":"2021-02-05T19:06:25","date_gmt":"2021-02-05T18:06:25","guid":{"rendered":"https:\/\/middelweb.de\/wordpress\/?page_id=3057"},"modified":"2021-02-05T19:06:26","modified_gmt":"2021-02-05T18:06:26","slug":"mitarbeiterseminar-1994-oberstdorf","status":"publish","type":"page","link":"https:\/\/middel-online.de\/?page_id=3057","title":{"rendered":"Mitarbeiterseminar 1994 Oberstdorf"},"content":{"rendered":"\n<figure class=\"wp-block-image size-large\"><img loading=\"lazy\" decoding=\"async\" width=\"727\" height=\"1024\" src=\"https:\/\/middelweb.de\/wordpress\/wp-content\/uploads\/2021\/02\/MASeminar9400-1-727x1024.jpg\" alt=\"\" class=\"wp-image-3042\" srcset=\"https:\/\/middel-online.de\/wp-content\/uploads\/2021\/02\/MASeminar9400-1-727x1024.jpg 727w, https:\/\/middel-online.de\/wp-content\/uploads\/2021\/02\/MASeminar9400-1-213x300.jpg 213w, https:\/\/middel-online.de\/wp-content\/uploads\/2021\/02\/MASeminar9400-1.jpg 768w\" sizes=\"auto, (max-width: 727px) 100vw, 727px\" \/><\/figure>\n\n\n\n<p>Dieses Event wurde legend\u00e4r: Der eigentliche Knalleffekt war nicht ein mehr als gelungenes Gemeinschaftserlebnis, sondern der Krach nach der R\u00fcckkehr. Der zur\u00fcckgebliebene Rest der Truppe mit seinen umfangreichen Stuhlkreiserfahrungen war auf den verreisten Teil offenbar eifers\u00fcchtig, der doch eigentlich wohl nur f\u00fcr die niederen&nbsp;Hausdienste, nicht aber wie die Anderen zu H\u00f6herem berufen war.<\/p>\n\n\n\n<p>Jedenfalls hat unser Gesch\u00e4ftsbereich noch jahrelang von unserer Klausurtagung geschw\u00e4rmt.<\/p>\n\n\n\nngg_shortcode_0_placeholder\n","protected":false},"excerpt":{"rendered":"<p>Dieses Event wurde legend\u00e4r: Der eigentliche Knalleffekt war nicht ein mehr als gelungenes Gemeinschaftserlebnis, sondern der Krach nach der R\u00fcckkehr. Der zur\u00fcckgebliebene Rest der Truppe mit seinen umfangreichen Stuhlkreiserfahrungen war auf den verreisten Teil&#46;&#46;&#46;<\/p>\n","protected":false},"author":1,"featured_media":0,"parent":0,"menu_order":0,"comment_status":"closed","ping_status":"closed","template":"","meta":{"ngg_post_thumbnail":0,"footnotes":""},"class_list":["post-3057","page","type-page","status-publish","hentry"],"_links":{"self":[{"href":"https:\/\/middel-online.de\/index.php?rest_route=\/wp\/v2\/pages\/3057","targetHints":{"allow":["GET"]}}],"collection":[{"href":"https:\/\/middel-online.de\/index.php?rest_route=\/wp\/v2\/pages"}],"about":[{"href":"https:\/\/middel-online.de\/index.php?rest_route=\/wp\/v2\/types\/page"}],"author":[{"embeddable":true,"href":"https:\/\/middel-online.de\/index.php?rest_route=\/wp\/v2\/users\/1"}],"replies":[{"embeddable":true,"href":"https:\/\/middel-online.de\/index.php?rest_route=%2Fwp%2Fv2%2Fcomments&post=3057"}],"version-history":[{"count":1,"href":"https:\/\/middel-online.de\/index.php?rest_route=\/wp\/v2\/pages\/3057\/revisions"}],"predecessor-version":[{"id":3058,"href":"https:\/\/middel-online.de\/index.php?rest_route=\/wp\/v2\/pages\/3057\/revisions\/3058"}],"wp:attachment":[{"href":"https:\/\/middel-online.de\/index.php?rest_route=%2Fwp%2Fv2%2Fmedia&parent=3057"}],"curies":[{"name":"wp","href":"https:\/\/api.w.org\/{rel}","templated":true}]}}