{"id":215,"date":"2021-02-02T10:25:18","date_gmt":"2021-02-02T09:25:18","guid":{"rendered":"https:\/\/middelweb.de\/wordpress\/?page_id=215"},"modified":"2025-12-22T20:39:36","modified_gmt":"2025-12-22T19:39:36","slug":"kindheit","status":"publish","type":"page","link":"https:\/\/middel-online.de\/?page_id=215","title":{"rendered":"Kindheit"},"content":{"rendered":"\n<p>Tagestexte vom: 10. M\u00e4rz 1951, Samstag<\/p>\n\n\n\n<p>Losung: Zefanja 3,9<br>Alsdann will ich den V\u00f6lkern reine Lippen geben, da\u00df sie alle sollen des Herrn Namen anrufen und ihm eintr\u00e4chtig dienen.<\/p>\n\n\n\n<p>Lehrtext: Johannes 10,16<br>Ich habe noch andere Schafe, die sind nicht aus diesem Stalle; und dieselben mu\u00df ich herf\u00fchren, und sie werden meine Stimme h\u00f6ren, und wird eine Herde und ein Hirte werden.<\/p>\n\n\n\n<figure class=\"wp-block-image size-large\"><img loading=\"lazy\" decoding=\"async\" width=\"1024\" height=\"761\" src=\"https:\/\/middelweb.de\/wordpress\/wp-content\/uploads\/2021\/02\/FreiundFahrtenschwimmer.0-1024x761.jpg\" alt=\"\" class=\"wp-image-8493\" srcset=\"https:\/\/middel-online.de\/wp-content\/uploads\/2021\/02\/FreiundFahrtenschwimmer.0-1024x761.jpg 1024w, https:\/\/middel-online.de\/wp-content\/uploads\/2021\/02\/FreiundFahrtenschwimmer.0-300x223.jpg 300w, https:\/\/middel-online.de\/wp-content\/uploads\/2021\/02\/FreiundFahrtenschwimmer.0-768x571.jpg 768w, https:\/\/middel-online.de\/wp-content\/uploads\/2021\/02\/FreiundFahrtenschwimmer.0.jpg 1033w\" sizes=\"auto, (max-width: 1024px) 100vw, 1024px\" \/><\/figure>\n\n\n\n<figure class=\"wp-block-image size-large\"><img loading=\"lazy\" decoding=\"async\" width=\"1024\" height=\"762\" src=\"https:\/\/middelweb.de\/wordpress\/wp-content\/uploads\/2021\/02\/FreiundFahrtenschwimmer.1-1024x762.jpg\" alt=\"\" class=\"wp-image-8494\" srcset=\"https:\/\/middel-online.de\/wp-content\/uploads\/2021\/02\/FreiundFahrtenschwimmer.1-1024x762.jpg 1024w, https:\/\/middel-online.de\/wp-content\/uploads\/2021\/02\/FreiundFahrtenschwimmer.1-300x223.jpg 300w, https:\/\/middel-online.de\/wp-content\/uploads\/2021\/02\/FreiundFahrtenschwimmer.1-768x572.jpg 768w, https:\/\/middel-online.de\/wp-content\/uploads\/2021\/02\/FreiundFahrtenschwimmer.1.jpg 1032w\" sizes=\"auto, (max-width: 1024px) 100vw, 1024px\" \/><\/figure>\n\n\n\n<figure class=\"wp-block-image size-large\"><img loading=\"lazy\" decoding=\"async\" width=\"1024\" height=\"877\" src=\"https:\/\/middelweb.de\/wordpress\/wp-content\/uploads\/2022\/06\/IMG_5295-1024x877.jpg\" alt=\"\" class=\"wp-image-11046\" srcset=\"https:\/\/middel-online.de\/wp-content\/uploads\/2022\/06\/IMG_5295-1024x877.jpg 1024w, https:\/\/middel-online.de\/wp-content\/uploads\/2022\/06\/IMG_5295-300x257.jpg 300w, https:\/\/middel-online.de\/wp-content\/uploads\/2022\/06\/IMG_5295-768x657.jpg 768w, https:\/\/middel-online.de\/wp-content\/uploads\/2022\/06\/IMG_5295-1536x1315.jpg 1536w, https:\/\/middel-online.de\/wp-content\/uploads\/2022\/06\/IMG_5295-2048x1753.jpg 2048w\" sizes=\"auto, (max-width: 1024px) 100vw, 1024px\" \/><\/figure>\n\n\n\n<p><\/p>\n\n\n\n<p>Schwimmen hab ich \u00fcbrigens in 12 Grad kaltem Wasser in Allerheiligen im Schwarzwald (Haus Wasserfall) unter Anleitung meines Vaters gelernt, der selber, wenn ich mich richtig erinnere, gar nicht schwimmen konnte.<\/p>\n\n\n\n<p><\/p>\n\n\n\n<figure class=\"wp-block-gallery has-nested-images columns-default is-cropped wp-block-gallery-1 is-layout-flex wp-block-gallery-is-layout-flex\">\n<figure class=\"wp-block-image size-large\"><img loading=\"lazy\" decoding=\"async\" width=\"740\" height=\"1024\" data-id=\"230\" src=\"https:\/\/middelweb.de\/wordpress\/wp-content\/uploads\/2021\/02\/Rainer-Kinderwagen-740x1024.jpg\" alt=\"\" class=\"wp-image-230\" srcset=\"https:\/\/middel-online.de\/wp-content\/uploads\/2021\/02\/Rainer-Kinderwagen-740x1024.jpg 740w, https:\/\/middel-online.de\/wp-content\/uploads\/2021\/02\/Rainer-Kinderwagen-217x300.jpg 217w, https:\/\/middel-online.de\/wp-content\/uploads\/2021\/02\/Rainer-Kinderwagen.jpg 768w\" sizes=\"auto, (max-width: 740px) 100vw, 740px\" \/><\/figure>\n\n\n\n<figure class=\"wp-block-image size-large\"><img loading=\"lazy\" decoding=\"async\" width=\"768\" height=\"1002\" data-id=\"218\" src=\"https:\/\/middelweb.de\/wordpress\/wp-content\/uploads\/2021\/02\/Rainer-9-Monate-2.jpg\" alt=\"\" class=\"wp-image-218\" srcset=\"https:\/\/middel-online.de\/wp-content\/uploads\/2021\/02\/Rainer-9-Monate-2.jpg 768w, https:\/\/middel-online.de\/wp-content\/uploads\/2021\/02\/Rainer-9-Monate-2-230x300.jpg 230w\" sizes=\"auto, (max-width: 768px) 100vw, 768px\" \/><\/figure>\n\n\n\n<figure class=\"wp-block-image size-large\"><img loading=\"lazy\" decoding=\"async\" width=\"732\" height=\"1024\" data-id=\"219\" src=\"https:\/\/middelweb.de\/wordpress\/wp-content\/uploads\/2021\/02\/Rainer-9-Monate-3-732x1024.jpg\" alt=\"\" class=\"wp-image-219\" srcset=\"https:\/\/middel-online.de\/wp-content\/uploads\/2021\/02\/Rainer-9-Monate-3-732x1024.jpg 732w, https:\/\/middel-online.de\/wp-content\/uploads\/2021\/02\/Rainer-9-Monate-3-215x300.jpg 215w, https:\/\/middel-online.de\/wp-content\/uploads\/2021\/02\/Rainer-9-Monate-3.jpg 768w\" sizes=\"auto, (max-width: 732px) 100vw, 732px\" \/><\/figure>\n\n\n\n<figure class=\"wp-block-image size-large\"><img loading=\"lazy\" decoding=\"async\" width=\"687\" height=\"1024\" data-id=\"216\" src=\"https:\/\/middelweb.de\/wordpress\/wp-content\/uploads\/2021\/02\/Rainer-1-Jahr-687x1024.jpg\" alt=\"\" class=\"wp-image-216\" srcset=\"https:\/\/middel-online.de\/wp-content\/uploads\/2021\/02\/Rainer-1-Jahr-687x1024.jpg 687w, https:\/\/middel-online.de\/wp-content\/uploads\/2021\/02\/Rainer-1-Jahr-201x300.jpg 201w, https:\/\/middel-online.de\/wp-content\/uploads\/2021\/02\/Rainer-1-Jahr.jpg 768w\" sizes=\"auto, (max-width: 687px) 100vw, 687px\" \/><\/figure>\n\n\n\n<figure class=\"wp-block-image size-large\"><img loading=\"lazy\" decoding=\"async\" width=\"1024\" height=\"718\" data-id=\"217\" src=\"https:\/\/middelweb.de\/wordpress\/wp-content\/uploads\/2021\/02\/Rainer-2-Jahre-1024x718.jpg\" alt=\"\" class=\"wp-image-217\" srcset=\"https:\/\/middel-online.de\/wp-content\/uploads\/2021\/02\/Rainer-2-Jahre-1024x718.jpg 1024w, https:\/\/middel-online.de\/wp-content\/uploads\/2021\/02\/Rainer-2-Jahre-300x210.jpg 300w, https:\/\/middel-online.de\/wp-content\/uploads\/2021\/02\/Rainer-2-Jahre-768x539.jpg 768w, https:\/\/middel-online.de\/wp-content\/uploads\/2021\/02\/Rainer-2-Jahre.jpg 1095w\" sizes=\"auto, (max-width: 1024px) 100vw, 1024px\" \/><\/figure>\n\n\n\n<figure class=\"wp-block-image size-large\"><img loading=\"lazy\" decoding=\"async\" width=\"707\" height=\"1024\" data-id=\"220\" src=\"https:\/\/middelweb.de\/wordpress\/wp-content\/uploads\/2021\/02\/Rainer-9-Monate-4-707x1024.jpg\" alt=\"\" class=\"wp-image-220\" srcset=\"https:\/\/middel-online.de\/wp-content\/uploads\/2021\/02\/Rainer-9-Monate-4-707x1024.jpg 707w, https:\/\/middel-online.de\/wp-content\/uploads\/2021\/02\/Rainer-9-Monate-4-207x300.jpg 207w, https:\/\/middel-online.de\/wp-content\/uploads\/2021\/02\/Rainer-9-Monate-4.jpg 768w\" sizes=\"auto, (max-width: 707px) 100vw, 707px\" \/><\/figure>\n\n\n\n<figure class=\"wp-block-image size-large\"><img loading=\"lazy\" decoding=\"async\" width=\"768\" height=\"996\" data-id=\"221\" src=\"https:\/\/middelweb.de\/wordpress\/wp-content\/uploads\/2021\/02\/Rainer-9-Monate.jpg\" alt=\"\" class=\"wp-image-221\" srcset=\"https:\/\/middel-online.de\/wp-content\/uploads\/2021\/02\/Rainer-9-Monate.jpg 768w, https:\/\/middel-online.de\/wp-content\/uploads\/2021\/02\/Rainer-9-Monate-231x300.jpg 231w\" sizes=\"auto, (max-width: 768px) 100vw, 768px\" \/><figcaption class=\"wp-element-caption\">9 Monate alt<\/figcaption><\/figure>\n\n\n\n<figure class=\"wp-block-image size-large\"><img loading=\"lazy\" decoding=\"async\" width=\"628\" height=\"1024\" data-id=\"222\" src=\"https:\/\/middelweb.de\/wordpress\/wp-content\/uploads\/2021\/02\/Rainer-1952-Mai-628x1024.jpg\" alt=\"\" class=\"wp-image-222\" srcset=\"https:\/\/middel-online.de\/wp-content\/uploads\/2021\/02\/Rainer-1952-Mai-628x1024.jpg 628w, https:\/\/middel-online.de\/wp-content\/uploads\/2021\/02\/Rainer-1952-Mai-184x300.jpg 184w, https:\/\/middel-online.de\/wp-content\/uploads\/2021\/02\/Rainer-1952-Mai.jpg 768w\" sizes=\"auto, (max-width: 628px) 100vw, 628px\" \/><figcaption class=\"wp-element-caption\">Mai 1952<\/figcaption><\/figure>\n\n\n\n<figure class=\"wp-block-image size-large\"><img loading=\"lazy\" decoding=\"async\" width=\"720\" height=\"1024\" data-id=\"232\" src=\"https:\/\/middelweb.de\/wordpress\/wp-content\/uploads\/2021\/02\/Rainer-mit-Oma-720x1024.jpg\" alt=\"\" class=\"wp-image-232\" srcset=\"https:\/\/middel-online.de\/wp-content\/uploads\/2021\/02\/Rainer-mit-Oma-720x1024.jpg 720w, https:\/\/middel-online.de\/wp-content\/uploads\/2021\/02\/Rainer-mit-Oma-211x300.jpg 211w, https:\/\/middel-online.de\/wp-content\/uploads\/2021\/02\/Rainer-mit-Oma.jpg 768w\" sizes=\"auto, (max-width: 720px) 100vw, 720px\" \/><figcaption class=\"wp-element-caption\">mit meiner Oma Hedwig<\/figcaption><\/figure>\n\n\n\n<figure class=\"wp-block-image size-large\"><img loading=\"lazy\" decoding=\"async\" width=\"738\" height=\"1024\" data-id=\"237\" src=\"https:\/\/middelweb.de\/wordpress\/wp-content\/uploads\/2021\/02\/Schaukelpferd-738x1024.jpg\" alt=\"\" class=\"wp-image-237\" srcset=\"https:\/\/middel-online.de\/wp-content\/uploads\/2021\/02\/Schaukelpferd-738x1024.jpg 738w, https:\/\/middel-online.de\/wp-content\/uploads\/2021\/02\/Schaukelpferd-216x300.jpg 216w, https:\/\/middel-online.de\/wp-content\/uploads\/2021\/02\/Schaukelpferd.jpg 768w\" sizes=\"auto, (max-width: 738px) 100vw, 738px\" \/><figcaption class=\"wp-element-caption\">Schukelpferd von meinem Opa Paul<\/figcaption><\/figure>\n\n\n\n<figure class=\"wp-block-image size-large\"><img loading=\"lazy\" decoding=\"async\" width=\"1024\" height=\"734\" data-id=\"223\" src=\"https:\/\/middelweb.de\/wordpress\/wp-content\/uploads\/2021\/02\/Rainer-1953-1024x734.jpg\" alt=\"\" class=\"wp-image-223\" srcset=\"https:\/\/middel-online.de\/wp-content\/uploads\/2021\/02\/Rainer-1953-1024x734.jpg 1024w, https:\/\/middel-online.de\/wp-content\/uploads\/2021\/02\/Rainer-1953-300x215.jpg 300w, https:\/\/middel-online.de\/wp-content\/uploads\/2021\/02\/Rainer-1953-768x550.jpg 768w, https:\/\/middel-online.de\/wp-content\/uploads\/2021\/02\/Rainer-1953.jpg 1072w\" sizes=\"auto, (max-width: 1024px) 100vw, 1024px\" \/><figcaption class=\"wp-element-caption\">1953<\/figcaption><\/figure>\n\n\n\n<figure class=\"wp-block-image size-large\"><img loading=\"lazy\" decoding=\"async\" width=\"730\" height=\"1024\" data-id=\"224\" src=\"https:\/\/middelweb.de\/wordpress\/wp-content\/uploads\/2021\/02\/Rainer-1954-730x1024.jpg\" alt=\"\" class=\"wp-image-224\" srcset=\"https:\/\/middel-online.de\/wp-content\/uploads\/2021\/02\/Rainer-1954-730x1024.jpg 730w, https:\/\/middel-online.de\/wp-content\/uploads\/2021\/02\/Rainer-1954-214x300.jpg 214w, https:\/\/middel-online.de\/wp-content\/uploads\/2021\/02\/Rainer-1954.jpg 768w\" sizes=\"auto, (max-width: 730px) 100vw, 730px\" \/><figcaption class=\"wp-element-caption\">1954<\/figcaption><\/figure>\n\n\n\n<figure class=\"wp-block-image size-large\"><img loading=\"lazy\" decoding=\"async\" width=\"649\" height=\"1024\" data-id=\"231\" src=\"https:\/\/middelweb.de\/wordpress\/wp-content\/uploads\/2021\/02\/Rainer-mit-Mantel-649x1024.jpg\" alt=\"\" class=\"wp-image-231\" srcset=\"https:\/\/middel-online.de\/wp-content\/uploads\/2021\/02\/Rainer-mit-Mantel-649x1024.jpg 649w, https:\/\/middel-online.de\/wp-content\/uploads\/2021\/02\/Rainer-mit-Mantel-190x300.jpg 190w, https:\/\/middel-online.de\/wp-content\/uploads\/2021\/02\/Rainer-mit-Mantel.jpg 768w\" sizes=\"auto, (max-width: 649px) 100vw, 649px\" \/><\/figure>\n\n\n\n<figure class=\"wp-block-image size-large\"><img loading=\"lazy\" decoding=\"async\" width=\"720\" height=\"1024\" data-id=\"233\" src=\"https:\/\/middelweb.de\/wordpress\/wp-content\/uploads\/2021\/02\/Rainer-mit-Strickjacke-720x1024.jpg\" alt=\"\" class=\"wp-image-233\" srcset=\"https:\/\/middel-online.de\/wp-content\/uploads\/2021\/02\/Rainer-mit-Strickjacke-720x1024.jpg 720w, https:\/\/middel-online.de\/wp-content\/uploads\/2021\/02\/Rainer-mit-Strickjacke-211x300.jpg 211w, https:\/\/middel-online.de\/wp-content\/uploads\/2021\/02\/Rainer-mit-Strickjacke.jpg 768w\" sizes=\"auto, (max-width: 720px) 100vw, 720px\" \/><\/figure>\n\n\n\n<figure class=\"wp-block-image size-large\"><img loading=\"lazy\" decoding=\"async\" width=\"1024\" height=\"716\" data-id=\"234\" src=\"https:\/\/middelweb.de\/wordpress\/wp-content\/uploads\/2021\/02\/Rainer-mit-Teddi-1024x716.jpg\" alt=\"\" class=\"wp-image-234\" srcset=\"https:\/\/middel-online.de\/wp-content\/uploads\/2021\/02\/Rainer-mit-Teddi-1024x716.jpg 1024w, https:\/\/middel-online.de\/wp-content\/uploads\/2021\/02\/Rainer-mit-Teddi-300x210.jpg 300w, https:\/\/middel-online.de\/wp-content\/uploads\/2021\/02\/Rainer-mit-Teddi-768x537.jpg 768w, https:\/\/middel-online.de\/wp-content\/uploads\/2021\/02\/Rainer-mit-Teddi.jpg 1098w\" sizes=\"auto, (max-width: 1024px) 100vw, 1024px\" \/><\/figure>\n\n\n\n<figure class=\"wp-block-image size-large\"><img loading=\"lazy\" decoding=\"async\" width=\"768\" height=\"768\" data-id=\"235\" src=\"https:\/\/middelweb.de\/wordpress\/wp-content\/uploads\/2021\/02\/Rainers-Zimmer.jpg\" alt=\"\" class=\"wp-image-235\" srcset=\"https:\/\/middel-online.de\/wp-content\/uploads\/2021\/02\/Rainers-Zimmer.jpg 768w, https:\/\/middel-online.de\/wp-content\/uploads\/2021\/02\/Rainers-Zimmer-300x300.jpg 300w, https:\/\/middel-online.de\/wp-content\/uploads\/2021\/02\/Rainers-Zimmer-150x150.jpg 150w\" sizes=\"auto, (max-width: 768px) 100vw, 768px\" \/><figcaption class=\"wp-element-caption\">Mein Zimmer in Dortmund<\/figcaption><\/figure>\n\n\n\n<figure class=\"wp-block-image size-large\"><img loading=\"lazy\" decoding=\"async\" width=\"688\" height=\"1024\" data-id=\"236\" src=\"https:\/\/middelweb.de\/wordpress\/wp-content\/uploads\/2021\/02\/Reiter-688x1024.jpg\" alt=\"\" class=\"wp-image-236\" srcset=\"https:\/\/middel-online.de\/wp-content\/uploads\/2021\/02\/Reiter-688x1024.jpg 688w, https:\/\/middel-online.de\/wp-content\/uploads\/2021\/02\/Reiter-202x300.jpg 202w, https:\/\/middel-online.de\/wp-content\/uploads\/2021\/02\/Reiter.jpg 768w\" sizes=\"auto, (max-width: 688px) 100vw, 688px\" \/><figcaption class=\"wp-element-caption\">Mein Freund Hannes und ich<\/figcaption><\/figure>\n\n\n\n<figure class=\"wp-block-image size-large\"><img loading=\"lazy\" decoding=\"async\" width=\"649\" height=\"1024\" data-id=\"229\" src=\"https:\/\/middelweb.de\/wordpress\/wp-content\/uploads\/2021\/02\/Rainer-erster-Schultag-649x1024.jpg\" alt=\"\" class=\"wp-image-229\" srcset=\"https:\/\/middel-online.de\/wp-content\/uploads\/2021\/02\/Rainer-erster-Schultag-649x1024.jpg 649w, https:\/\/middel-online.de\/wp-content\/uploads\/2021\/02\/Rainer-erster-Schultag-190x300.jpg 190w, https:\/\/middel-online.de\/wp-content\/uploads\/2021\/02\/Rainer-erster-Schultag.jpg 768w\" sizes=\"auto, (max-width: 649px) 100vw, 649px\" \/><figcaption class=\"wp-element-caption\">1. Schultag<\/figcaption><\/figure>\n\n\n\n<figure class=\"wp-block-image size-large\"><img loading=\"lazy\" decoding=\"async\" width=\"1024\" height=\"714\" data-id=\"246\" src=\"https:\/\/middelweb.de\/wordpress\/wp-content\/uploads\/2021\/02\/Norderney-1955-5-1024x714.jpg\" alt=\"\" class=\"wp-image-246\" srcset=\"https:\/\/middel-online.de\/wp-content\/uploads\/2021\/02\/Norderney-1955-5-1024x714.jpg 1024w, https:\/\/middel-online.de\/wp-content\/uploads\/2021\/02\/Norderney-1955-5-300x209.jpg 300w, https:\/\/middel-online.de\/wp-content\/uploads\/2021\/02\/Norderney-1955-5-768x535.jpg 768w, https:\/\/middel-online.de\/wp-content\/uploads\/2021\/02\/Norderney-1955-5.jpg 1102w\" sizes=\"auto, (max-width: 1024px) 100vw, 1024px\" \/><\/figure>\n\n\n\n<figure class=\"wp-block-image size-large\"><img loading=\"lazy\" decoding=\"async\" width=\"1024\" height=\"719\" data-id=\"245\" src=\"https:\/\/middelweb.de\/wordpress\/wp-content\/uploads\/2021\/02\/Norderney-1955-2-1024x719.jpg\" alt=\"\" class=\"wp-image-245\" srcset=\"https:\/\/middel-online.de\/wp-content\/uploads\/2021\/02\/Norderney-1955-2-1024x719.jpg 1024w, https:\/\/middel-online.de\/wp-content\/uploads\/2021\/02\/Norderney-1955-2-300x211.jpg 300w, https:\/\/middel-online.de\/wp-content\/uploads\/2021\/02\/Norderney-1955-2-768x539.jpg 768w, https:\/\/middel-online.de\/wp-content\/uploads\/2021\/02\/Norderney-1955-2.jpg 1094w\" sizes=\"auto, (max-width: 1024px) 100vw, 1024px\" \/><figcaption class=\"wp-element-caption\">Norderney<\/figcaption><\/figure>\n\n\n\n<figure class=\"wp-block-image size-large\"><img loading=\"lazy\" decoding=\"async\" width=\"1024\" height=\"674\" data-id=\"11081\" src=\"https:\/\/middelweb.de\/wordpress\/wp-content\/uploads\/2022\/08\/replicate-prediction-knejhls26rhrnl2i2bqccynike-1024x674.jpg\" alt=\"\" class=\"wp-image-11081\" srcset=\"https:\/\/middel-online.de\/wp-content\/uploads\/2022\/08\/replicate-prediction-knejhls26rhrnl2i2bqccynike-1024x674.jpg 1024w, https:\/\/middel-online.de\/wp-content\/uploads\/2022\/08\/replicate-prediction-knejhls26rhrnl2i2bqccynike-300x197.jpg 300w, https:\/\/middel-online.de\/wp-content\/uploads\/2022\/08\/replicate-prediction-knejhls26rhrnl2i2bqccynike-768x505.jpg 768w, https:\/\/middel-online.de\/wp-content\/uploads\/2022\/08\/replicate-prediction-knejhls26rhrnl2i2bqccynike.jpg 1167w\" sizes=\"auto, (max-width: 1024px) 100vw, 1024px\" \/><figcaption class=\"wp-element-caption\">Aulhausen 1958<\/figcaption><\/figure>\n\n\n\n<figure class=\"wp-block-image size-large\"><img loading=\"lazy\" decoding=\"async\" width=\"1024\" height=\"681\" data-id=\"243\" src=\"https:\/\/middelweb.de\/wordpress\/wp-content\/uploads\/2021\/02\/Aulhausen-1958-3-1024x681.jpg\" alt=\"\" class=\"wp-image-243\" srcset=\"https:\/\/middel-online.de\/wp-content\/uploads\/2021\/02\/Aulhausen-1958-3-1024x681.jpg 1024w, https:\/\/middel-online.de\/wp-content\/uploads\/2021\/02\/Aulhausen-1958-3-300x200.jpg 300w, https:\/\/middel-online.de\/wp-content\/uploads\/2021\/02\/Aulhausen-1958-3-768x511.jpg 768w, https:\/\/middel-online.de\/wp-content\/uploads\/2021\/02\/Aulhausen-1958-3-420x280.jpg 420w, https:\/\/middel-online.de\/wp-content\/uploads\/2021\/02\/Aulhausen-1958-3.jpg 1155w\" sizes=\"auto, (max-width: 1024px) 100vw, 1024px\" \/><\/figure>\n\n\n\n<figure class=\"wp-block-image size-full\"><img loading=\"lazy\" decoding=\"async\" width=\"828\" height=\"768\" data-id=\"11079\" src=\"https:\/\/middelweb.de\/wordpress\/wp-content\/uploads\/2022\/08\/replicate-prediction-m2uge5mcrvhchp2v4oan3ejnzm.jpg\" alt=\"\" class=\"wp-image-11079\" srcset=\"https:\/\/middel-online.de\/wp-content\/uploads\/2022\/08\/replicate-prediction-m2uge5mcrvhchp2v4oan3ejnzm.jpg 828w, https:\/\/middel-online.de\/wp-content\/uploads\/2022\/08\/replicate-prediction-m2uge5mcrvhchp2v4oan3ejnzm-300x278.jpg 300w, https:\/\/middel-online.de\/wp-content\/uploads\/2022\/08\/replicate-prediction-m2uge5mcrvhchp2v4oan3ejnzm-768x712.jpg 768w\" sizes=\"auto, (max-width: 828px) 100vw, 828px\" \/><figcaption class=\"wp-element-caption\">Allerheiligen 1962<\/figcaption><\/figure>\n\n\n\n<figure class=\"wp-block-image size-large\"><img loading=\"lazy\" decoding=\"async\" width=\"1024\" height=\"711\" data-id=\"244\" src=\"https:\/\/middelweb.de\/wordpress\/wp-content\/uploads\/2021\/02\/Konfirmation-1024x711.jpg\" alt=\"\" class=\"wp-image-244\" srcset=\"https:\/\/middel-online.de\/wp-content\/uploads\/2021\/02\/Konfirmation-1024x711.jpg 1024w, https:\/\/middel-online.de\/wp-content\/uploads\/2021\/02\/Konfirmation-300x208.jpg 300w, https:\/\/middel-online.de\/wp-content\/uploads\/2021\/02\/Konfirmation-768x533.jpg 768w, https:\/\/middel-online.de\/wp-content\/uploads\/2021\/02\/Konfirmation.jpg 1106w\" sizes=\"auto, (max-width: 1024px) 100vw, 1024px\" \/><\/figure>\n\n\n\n<figure class=\"wp-block-image size-large\"><img loading=\"lazy\" decoding=\"async\" width=\"768\" height=\"811\" data-id=\"11082\" src=\"https:\/\/middelweb.de\/wordpress\/wp-content\/uploads\/2022\/08\/replicate-prediction-b6prftstgzdznpfn2hex6esfny.jpg\" alt=\"\" class=\"wp-image-11082\" srcset=\"https:\/\/middel-online.de\/wp-content\/uploads\/2022\/08\/replicate-prediction-b6prftstgzdznpfn2hex6esfny.jpg 768w, https:\/\/middel-online.de\/wp-content\/uploads\/2022\/08\/replicate-prediction-b6prftstgzdznpfn2hex6esfny-284x300.jpg 284w\" sizes=\"auto, (max-width: 768px) 100vw, 768px\" \/><\/figure>\n\n\n\n<figure class=\"wp-block-image size-large\"><img loading=\"lazy\" decoding=\"async\" width=\"768\" height=\"773\" data-id=\"11085\" src=\"https:\/\/middelweb.de\/wordpress\/wp-content\/uploads\/2022\/08\/Bichelbach.jpg\" alt=\"\" class=\"wp-image-11085\" srcset=\"https:\/\/middel-online.de\/wp-content\/uploads\/2022\/08\/Bichelbach.jpg 768w, https:\/\/middel-online.de\/wp-content\/uploads\/2022\/08\/Bichelbach-298x300.jpg 298w, https:\/\/middel-online.de\/wp-content\/uploads\/2022\/08\/Bichelbach-150x150.jpg 150w, https:\/\/middel-online.de\/wp-content\/uploads\/2022\/08\/Bichelbach-80x80.jpg 80w\" sizes=\"auto, (max-width: 768px) 100vw, 768px\" \/><figcaption class=\"wp-element-caption\">Bichlbach<\/figcaption><\/figure>\n\n\n\n<figure class=\"wp-block-image size-large\"><img loading=\"lazy\" decoding=\"async\" width=\"652\" height=\"1024\" data-id=\"238\" src=\"https:\/\/middelweb.de\/wordpress\/wp-content\/uploads\/2021\/02\/Travemuende-1967-652x1024.jpg\" alt=\"\" class=\"wp-image-238\" srcset=\"https:\/\/middel-online.de\/wp-content\/uploads\/2021\/02\/Travemuende-1967-652x1024.jpg 652w, https:\/\/middel-online.de\/wp-content\/uploads\/2021\/02\/Travemuende-1967-191x300.jpg 191w, https:\/\/middel-online.de\/wp-content\/uploads\/2021\/02\/Travemuende-1967.jpg 768w\" sizes=\"auto, (max-width: 652px) 100vw, 652px\" \/><figcaption class=\"wp-element-caption\">Travem\u00fcnde 1967<\/figcaption><\/figure>\n\n\n\n<figure class=\"wp-block-image size-large\"><img loading=\"lazy\" decoding=\"async\" width=\"768\" height=\"819\" data-id=\"11099\" src=\"https:\/\/middelweb.de\/wordpress\/wp-content\/uploads\/2022\/08\/replicate-prediction-zt6uvt5mtzdc5dcazzmskrv26m.jpg\" alt=\"\" class=\"wp-image-11099\" srcset=\"https:\/\/middel-online.de\/wp-content\/uploads\/2022\/08\/replicate-prediction-zt6uvt5mtzdc5dcazzmskrv26m.jpg 768w, https:\/\/middel-online.de\/wp-content\/uploads\/2022\/08\/replicate-prediction-zt6uvt5mtzdc5dcazzmskrv26m-281x300.jpg 281w\" sizes=\"auto, (max-width: 768px) 100vw, 768px\" \/><figcaption class=\"wp-element-caption\">Deutsch Deutsche Geschichte 1965<\/figcaption><\/figure>\n\n\n\n<figure class=\"wp-block-image size-large\"><img loading=\"lazy\" decoding=\"async\" width=\"768\" height=\"775\" data-id=\"11101\" src=\"https:\/\/middelweb.de\/wordpress\/wp-content\/uploads\/2022\/08\/replicate-prediction-3wkghtit4vevljvqgfu4fh7oxa.jpg\" alt=\"\" class=\"wp-image-11101\" srcset=\"https:\/\/middel-online.de\/wp-content\/uploads\/2022\/08\/replicate-prediction-3wkghtit4vevljvqgfu4fh7oxa.jpg 768w, https:\/\/middel-online.de\/wp-content\/uploads\/2022\/08\/replicate-prediction-3wkghtit4vevljvqgfu4fh7oxa-297x300.jpg 297w, https:\/\/middel-online.de\/wp-content\/uploads\/2022\/08\/replicate-prediction-3wkghtit4vevljvqgfu4fh7oxa-150x150.jpg 150w, https:\/\/middel-online.de\/wp-content\/uploads\/2022\/08\/replicate-prediction-3wkghtit4vevljvqgfu4fh7oxa-80x80.jpg 80w\" sizes=\"auto, (max-width: 768px) 100vw, 768px\" \/><figcaption class=\"wp-element-caption\">Pferdebahn Norderney<\/figcaption><\/figure>\n\n\n\n<figure class=\"wp-block-image size-large\"><img loading=\"lazy\" decoding=\"async\" width=\"779\" height=\"768\" data-id=\"11102\" src=\"https:\/\/middelweb.de\/wordpress\/wp-content\/uploads\/2022\/08\/replicate-prediction-6c3dapiyrjh6vlipnjhbyn42nq.jpg\" alt=\"\" class=\"wp-image-11102\" srcset=\"https:\/\/middel-online.de\/wp-content\/uploads\/2022\/08\/replicate-prediction-6c3dapiyrjh6vlipnjhbyn42nq.jpg 779w, https:\/\/middel-online.de\/wp-content\/uploads\/2022\/08\/replicate-prediction-6c3dapiyrjh6vlipnjhbyn42nq-300x296.jpg 300w, https:\/\/middel-online.de\/wp-content\/uploads\/2022\/08\/replicate-prediction-6c3dapiyrjh6vlipnjhbyn42nq-768x757.jpg 768w, https:\/\/middel-online.de\/wp-content\/uploads\/2022\/08\/replicate-prediction-6c3dapiyrjh6vlipnjhbyn42nq-80x80.jpg 80w\" sizes=\"auto, (max-width: 779px) 100vw, 779px\" \/><figcaption class=\"wp-element-caption\">Mein Vater am Grab von Hermann L\u00f6ns<\/figcaption><\/figure>\n<\/figure>\n\n\n\n<p><\/p>\n","protected":false},"excerpt":{"rendered":"<p>Tagestexte vom: 10. M\u00e4rz 1951, Samstag Losung: Zefanja 3,9Alsdann will ich den V\u00f6lkern reine Lippen geben, da\u00df sie alle sollen des Herrn Namen anrufen und ihm eintr\u00e4chtig dienen. Lehrtext: Johannes 10,16Ich habe noch andere&#46;&#46;&#46;<\/p>\n","protected":false},"author":1,"featured_media":0,"parent":0,"menu_order":0,"comment_status":"closed","ping_status":"closed","template":"","meta":{"ngg_post_thumbnail":0,"footnotes":""},"class_list":["post-215","page","type-page","status-publish","hentry"],"_links":{"self":[{"href":"https:\/\/middel-online.de\/index.php?rest_route=\/wp\/v2\/pages\/215","targetHints":{"allow":["GET"]}}],"collection":[{"href":"https:\/\/middel-online.de\/index.php?rest_route=\/wp\/v2\/pages"}],"about":[{"href":"https:\/\/middel-online.de\/index.php?rest_route=\/wp\/v2\/types\/page"}],"author":[{"embeddable":true,"href":"https:\/\/middel-online.de\/index.php?rest_route=\/wp\/v2\/users\/1"}],"replies":[{"embeddable":true,"href":"https:\/\/middel-online.de\/index.php?rest_route=%2Fwp%2Fv2%2Fcomments&post=215"}],"version-history":[{"count":21,"href":"https:\/\/middel-online.de\/index.php?rest_route=\/wp\/v2\/pages\/215\/revisions"}],"predecessor-version":[{"id":13188,"href":"https:\/\/middel-online.de\/index.php?rest_route=\/wp\/v2\/pages\/215\/revisions\/13188"}],"wp:attachment":[{"href":"https:\/\/middel-online.de\/index.php?rest_route=%2Fwp%2Fv2%2Fmedia&parent=215"}],"curies":[{"name":"wp","href":"https:\/\/api.w.org\/{rel}","templated":true}]}}