{"id":14089,"date":"2025-11-28T14:44:52","date_gmt":"2025-11-28T13:44:52","guid":{"rendered":"https:\/\/middel-online.de\/?page_id=14089"},"modified":"2025-12-22T15:56:54","modified_gmt":"2025-12-22T14:56:54","slug":"sigrid","status":"publish","type":"page","link":"https:\/\/middel-online.de\/?page_id=14089","title":{"rendered":"Sigrid"},"content":{"rendered":"\n<figure class=\"wp-block-image size-large\"><img loading=\"lazy\" decoding=\"async\" width=\"1024\" height=\"715\" src=\"https:\/\/middel-online.de\/wp-content\/uploads\/2025\/11\/image-1024x715.png\" alt=\"\" class=\"wp-image-14090\" srcset=\"https:\/\/middel-online.de\/wp-content\/uploads\/2025\/11\/image-1024x715.png 1024w, https:\/\/middel-online.de\/wp-content\/uploads\/2025\/11\/image-300x210.png 300w, https:\/\/middel-online.de\/wp-content\/uploads\/2025\/11\/image-768x536.png 768w, https:\/\/middel-online.de\/wp-content\/uploads\/2025\/11\/image.png 1121w\" sizes=\"auto, (max-width: 1024px) 100vw, 1024px\" \/><\/figure>\n\n\n\n<figure class=\"wp-block-image size-large\"><img loading=\"lazy\" decoding=\"async\" width=\"729\" height=\"1024\" src=\"https:\/\/middel-online.de\/wp-content\/uploads\/2025\/11\/IMG_9515-729x1024.jpg\" alt=\"\" class=\"wp-image-14095\" srcset=\"https:\/\/middel-online.de\/wp-content\/uploads\/2025\/11\/IMG_9515-729x1024.jpg 729w, https:\/\/middel-online.de\/wp-content\/uploads\/2025\/11\/IMG_9515-214x300.jpg 214w, https:\/\/middel-online.de\/wp-content\/uploads\/2025\/11\/IMG_9515-768x1078.jpg 768w, https:\/\/middel-online.de\/wp-content\/uploads\/2025\/11\/IMG_9515-1094x1536.jpg 1094w, https:\/\/middel-online.de\/wp-content\/uploads\/2025\/11\/IMG_9515-1459x2048.jpg 1459w, https:\/\/middel-online.de\/wp-content\/uploads\/2025\/11\/IMG_9515-scaled.jpg 1823w\" sizes=\"auto, (max-width: 729px) 100vw, 729px\" \/><\/figure>\n\n\n\n<p>wurde am 4. Juni 1951 als zweites Kind des Malermeisters Ernst Linder und seiner Ehefrau Margarete in Esslingen geboren. <\/p>\n\n\n\n<p>Nach dem Besuch der Volksschule, wie damals Grund. und Hauptschule hie\u00dfen, setzte sie von 1966 \u2013 1969 ihre Ausbildung in der H\u00f6heren Handelsschule, John F. Kennedy-Schule in Esslingen fort. Danach \u00fcbernahm sie die kaufm\u00e4nnische Verwaltung des elterlichen Malerbetriebs und f\u00fchrte ein Farbenfachgesch\u00e4ft.<\/p>\n\n\n\n<p>Nachdem sie bei einem Urlaub in Spanien einen jungen Studenten aus Dortmund kennen und lieben lernte, l\u00e4uteten schon 1 Jahr danach am 6. Juli 1973 die Hochzeitsglocken. Das junge Paar lebte zun\u00e4chst in Dortmund, wo sie bei einer bekannten Feinkostfirma als Assistentin des Vertriebsleiters arbeitete. Das Heimweh war aber so gro\u00df, da\u00df die jungen Eheleute beschlossen, auch dank eines interessanten Jobangebots f\u00fcr Rainer, ihren gemeinsamen Lebensweg in Esslingen fortzusetzen.<\/p>\n\n\n\n<p>Es geh\u00f6rt sich wohl auch f\u00fcr eine echte Esslingerin, ihrer Heimatstadt nicht den R\u00fccken zu kehren. Sie hat immer gerne die Geschichte erz\u00e4hlt, was denn die Bedingungen sind, eine echte Esslingerin zu sein: In der dritten Generation in Esslingen geboren zu sein, dort konfirmiert zu werden und dort zur Tanzschule gegangen zu sein. Letzteres ist sicher \u00fcberraschend im pietistischen W\u00fcrttemberg, aber so sind die Bedingungen und sie hat sie erf\u00fcllt. Ihr Vater kam \u00fcbrigens aus S\u00fcdbaden, somit war sie ein echtes Baden-W\u00fcrttemberg Gew\u00e4chs.1975, 1977 und 1982 kamen dann die drei Kinder Christian, Anke und Angela zur Welt und mit den zwei Enkelkindern Leni und David war ihr Gl\u00fcck vollkommen. Sie ging voll auf in der neuen Rolle als Hausfrau und Mutter und was die leistet, wird zutreffender bezeichnet als Managerin eines gut gef\u00fchrten Familienunternehmens. Zus\u00e4tzlich hat sie aber auch ihre kaufm\u00e4nnischen Ambitionen nicht vernachl\u00e4\u00dfigt und war nebenher in Teleheimarbeit besch\u00e4tigt, was nat\u00fcrlich gut f\u00fcr die Doppelbelastung von Familie und Beruf war. Somit war sie eigentlich die Erfinderin des Home Office. Nachdem die Kinder aus dem Haus waren, belastete sie das, was man heute \u201eempty Nest\u201c nennt. Das war dann ein Wehrmutstropfen, der sie ab da begleitete. Sie hat aber ihr Leben insgesamt als sehr erf\u00fcllt wahrgenommen und es war ihr Wunsch, diese Gedanken durch ein Lied weiterzugeben, das wir jetzt h\u00f6ren wollen. Sie mu\u00dfte in den letzten Tagen ihres Lebens zwei schwere Operationen \u00fcber sich ergehen lassen und letztlich fehlte ihr die Kraft, noch einmal das Ruder herumzurei\u00dfen. Sie ist am 28. September 2025 friedlich im Kreise ihrer Familie eingeschlafen.<\/p>\n\n\n\nngg_shortcode_0_placeholder\n","protected":false},"excerpt":{"rendered":"<p>wurde am 4. Juni 1951 als zweites Kind des Malermeisters Ernst Linder und seiner Ehefrau Margarete in Esslingen geboren. Nach dem Besuch der Volksschule, wie damals Grund. und Hauptschule hie\u00dfen, setzte sie von 1966&#46;&#46;&#46;<\/p>\n","protected":false},"author":1,"featured_media":0,"parent":0,"menu_order":0,"comment_status":"closed","ping_status":"closed","template":"","meta":{"ngg_post_thumbnail":0,"footnotes":""},"class_list":["post-14089","page","type-page","status-publish","hentry"],"_links":{"self":[{"href":"https:\/\/middel-online.de\/index.php?rest_route=\/wp\/v2\/pages\/14089","targetHints":{"allow":["GET"]}}],"collection":[{"href":"https:\/\/middel-online.de\/index.php?rest_route=\/wp\/v2\/pages"}],"about":[{"href":"https:\/\/middel-online.de\/index.php?rest_route=\/wp\/v2\/types\/page"}],"author":[{"embeddable":true,"href":"https:\/\/middel-online.de\/index.php?rest_route=\/wp\/v2\/users\/1"}],"replies":[{"embeddable":true,"href":"https:\/\/middel-online.de\/index.php?rest_route=%2Fwp%2Fv2%2Fcomments&post=14089"}],"version-history":[{"count":4,"href":"https:\/\/middel-online.de\/index.php?rest_route=\/wp\/v2\/pages\/14089\/revisions"}],"predecessor-version":[{"id":14168,"href":"https:\/\/middel-online.de\/index.php?rest_route=\/wp\/v2\/pages\/14089\/revisions\/14168"}],"wp:attachment":[{"href":"https:\/\/middel-online.de\/index.php?rest_route=%2Fwp%2Fv2%2Fmedia&parent=14089"}],"curies":[{"name":"wp","href":"https:\/\/api.w.org\/{rel}","templated":true}]}}