{"id":1135,"date":"2021-02-03T14:05:22","date_gmt":"2021-02-03T13:05:22","guid":{"rendered":"https:\/\/middelweb.de\/wordpress\/?page_id=1135"},"modified":"2024-03-05T17:35:47","modified_gmt":"2024-03-05T16:35:47","slug":"london-1968","status":"publish","type":"page","link":"https:\/\/middel-online.de\/?page_id=1135","title":{"rendered":"London 1968"},"content":{"rendered":"\n<p>1968, 17 Jahre und noch wenig weise&#8230;<\/p>\n\n\n\n<figure class=\"wp-block-image size-large\"><img loading=\"lazy\" decoding=\"async\" width=\"744\" height=\"1024\" src=\"https:\/\/middelweb.de\/wordpress\/wp-content\/uploads\/2021\/02\/london-1968-744x1024.jpg\" alt=\"\" class=\"wp-image-1153\" srcset=\"https:\/\/middel-online.de\/wp-content\/uploads\/2021\/02\/london-1968-744x1024.jpg 744w, https:\/\/middel-online.de\/wp-content\/uploads\/2021\/02\/london-1968-218x300.jpg 218w, https:\/\/middel-online.de\/wp-content\/uploads\/2021\/02\/london-1968.jpg 768w\" sizes=\"auto, (max-width: 744px) 100vw, 744px\" \/><\/figure>\n\n\n\n<p>.. aber mit guten Musikgeschmack (Joe Cocker, John Mayall. The Nice mit Keith Emerson, Jethro Tull, Marmalade, Ten Years after)<\/p>\n\n\n\n<figure class=\"wp-block-image size-large\"><img loading=\"lazy\" decoding=\"async\" width=\"652\" height=\"1024\" src=\"https:\/\/middelweb.de\/wordpress\/wp-content\/uploads\/2021\/02\/zwischenablage01-652x1024.jpg\" alt=\"\" class=\"wp-image-2779\" srcset=\"https:\/\/middel-online.de\/wp-content\/uploads\/2021\/02\/zwischenablage01-652x1024.jpg 652w, https:\/\/middel-online.de\/wp-content\/uploads\/2021\/02\/zwischenablage01-191x300.jpg 191w, https:\/\/middel-online.de\/wp-content\/uploads\/2021\/02\/zwischenablage01.jpg 768w\" sizes=\"auto, (max-width: 652px) 100vw, 652px\" \/><\/figure>\n\n\n\n<figure class=\"wp-block-image size-large\"><img loading=\"lazy\" decoding=\"async\" width=\"649\" height=\"1024\" src=\"https:\/\/middelweb.de\/wordpress\/wp-content\/uploads\/2021\/02\/zwischenablage02-649x1024.jpg\" alt=\"\" class=\"wp-image-2780\" srcset=\"https:\/\/middel-online.de\/wp-content\/uploads\/2021\/02\/zwischenablage02-649x1024.jpg 649w, https:\/\/middel-online.de\/wp-content\/uploads\/2021\/02\/zwischenablage02-190x300.jpg 190w, https:\/\/middel-online.de\/wp-content\/uploads\/2021\/02\/zwischenablage02.jpg 768w\" sizes=\"auto, (max-width: 649px) 100vw, 649px\" \/><\/figure>\n\n\n\n<p>Am 17. Juli 1968 um 20\u00a0Uhr fand im London Pavilion am\u00a0<a href=\"https:\/\/de.wikipedia.org\/wiki\/Piccadilly_Circus\">Piccadilly Circus<\/a>\u00a0die\u00a0<em><a href=\"https:\/\/youtu.be\/gI46Fq_qsos\">World Gala Premier<\/a>e<\/em>\u00a0von\u00a0<em>Yellow Submarine<\/em>\u00a0in Gegenwart der Beatles sowie anderer Prominenter statt. Ich war dabei. (am roten Teppich)<\/p>\n\n\n\n<p>Die Kinder der Gastfamilie gingen mit den Kindern des ber\u00fchmten Manfred Mann in die Schule. So durfte ich ihn besuchen und f\u00fcr unsere Sch\u00fclerzeitung ein Interview f\u00fchren. Das Autogramm vom Besuch bei Manfred Mann:<\/p>\n\n\n\n<figure class=\"wp-block-image size-large is-resized\"><img loading=\"lazy\" decoding=\"async\" width=\"984\" height=\"768\" src=\"https:\/\/middelweb.de\/wordpress\/wp-content\/uploads\/2021\/02\/Autogramme09.jpg\" alt=\"\" class=\"wp-image-1192\" style=\"width:376px;height:293px\" srcset=\"https:\/\/middel-online.de\/wp-content\/uploads\/2021\/02\/Autogramme09.jpg 984w, https:\/\/middel-online.de\/wp-content\/uploads\/2021\/02\/Autogramme09-300x234.jpg 300w, https:\/\/middel-online.de\/wp-content\/uploads\/2021\/02\/Autogramme09-768x599.jpg 768w\" sizes=\"auto, (max-width: 984px) 100vw, 984px\" \/><\/figure>\n\n\n\n<p>&#8230; und das alles mit lediglich 10 Pfund (damals 100 DM) f\u00fcr 6 Wochen, davon gingen allein f\u00fcr die Sch\u00fclerkarte nach Charing Cross 4 Pfund drauf!<\/p>\n\n\n\n<figure class=\"wp-block-image size-large\"><img loading=\"lazy\" decoding=\"async\" width=\"745\" height=\"1024\" src=\"https:\/\/middelweb.de\/wordpress\/wp-content\/uploads\/2021\/02\/London-1968_0002-745x1024.jpg\" alt=\"\" class=\"wp-image-3083\" srcset=\"https:\/\/middel-online.de\/wp-content\/uploads\/2021\/02\/London-1968_0002-745x1024.jpg 745w, https:\/\/middel-online.de\/wp-content\/uploads\/2021\/02\/London-1968_0002-218x300.jpg 218w, https:\/\/middel-online.de\/wp-content\/uploads\/2021\/02\/London-1968_0002.jpg 768w\" sizes=\"auto, (max-width: 745px) 100vw, 745px\" \/><\/figure>\n\n\n\n<figure class=\"wp-block-image size-large\"><img loading=\"lazy\" decoding=\"async\" width=\"750\" height=\"737\" src=\"https:\/\/middelweb.de\/wordpress\/wp-content\/uploads\/2021\/02\/London-1968_0003.jpg\" alt=\"\" class=\"wp-image-3084\" srcset=\"https:\/\/middel-online.de\/wp-content\/uploads\/2021\/02\/London-1968_0003.jpg 750w, https:\/\/middel-online.de\/wp-content\/uploads\/2021\/02\/London-1968_0003-300x295.jpg 300w, https:\/\/middel-online.de\/wp-content\/uploads\/2021\/02\/London-1968_0003-80x80.jpg 80w\" sizes=\"auto, (max-width: 750px) 100vw, 750px\" \/><\/figure>\n\n\n\n<figure class=\"wp-block-image size-full\"><img loading=\"lazy\" decoding=\"async\" width=\"744\" height=\"734\" src=\"https:\/\/middelweb.de\/wordpress\/wp-content\/uploads\/2023\/03\/London-1968_0008.jpg\" alt=\"\" class=\"wp-image-11300\" srcset=\"https:\/\/middel-online.de\/wp-content\/uploads\/2023\/03\/London-1968_0008.jpg 744w, https:\/\/middel-online.de\/wp-content\/uploads\/2023\/03\/London-1968_0008-300x296.jpg 300w, https:\/\/middel-online.de\/wp-content\/uploads\/2023\/03\/London-1968_0008-80x80.jpg 80w\" sizes=\"auto, (max-width: 744px) 100vw, 744px\" \/><\/figure>\n\n\n\n<figure class=\"wp-block-image size-large\"><img loading=\"lazy\" decoding=\"async\" width=\"748\" height=\"748\" src=\"https:\/\/middelweb.de\/wordpress\/wp-content\/uploads\/2021\/02\/London-1968_0009.jpg\" alt=\"\" class=\"wp-image-1136\" srcset=\"https:\/\/middel-online.de\/wp-content\/uploads\/2021\/02\/London-1968_0009.jpg 748w, https:\/\/middel-online.de\/wp-content\/uploads\/2021\/02\/London-1968_0009-300x300.jpg 300w, https:\/\/middel-online.de\/wp-content\/uploads\/2021\/02\/London-1968_0009-150x150.jpg 150w\" sizes=\"auto, (max-width: 748px) 100vw, 748px\" \/><\/figure>\n\n\n\n<p>Jetzt bald auch wieder erforderlich. Das&nbsp;ETA-Verfahren (Electronic Travel Authorization) soll ab 2025 kommen.<\/p>\n\n\n\n<figure class=\"wp-block-image size-large\"><img loading=\"lazy\" decoding=\"async\" width=\"768\" height=\"528\" src=\"https:\/\/middelweb.de\/wordpress\/wp-content\/uploads\/2021\/02\/London-1968-1.jpg\" alt=\"\" class=\"wp-image-3082\" srcset=\"https:\/\/middel-online.de\/wp-content\/uploads\/2021\/02\/London-1968-1.jpg 768w, https:\/\/middel-online.de\/wp-content\/uploads\/2021\/02\/London-1968-1-300x206.jpg 300w\" sizes=\"auto, (max-width: 768px) 100vw, 768px\" \/><\/figure>\n\n\n\n<figure class=\"wp-block-image size-large\"><img loading=\"lazy\" decoding=\"async\" width=\"741\" height=\"796\" src=\"https:\/\/middelweb.de\/wordpress\/wp-content\/uploads\/2021\/02\/London-1968_0004.jpg\" alt=\"\" class=\"wp-image-3085\" srcset=\"https:\/\/middel-online.de\/wp-content\/uploads\/2021\/02\/London-1968_0004.jpg 741w, https:\/\/middel-online.de\/wp-content\/uploads\/2021\/02\/London-1968_0004-279x300.jpg 279w\" sizes=\"auto, (max-width: 741px) 100vw, 741px\" \/><\/figure>\n\n\n\n<figure class=\"wp-block-image size-large\"><img loading=\"lazy\" decoding=\"async\" width=\"755\" height=\"803\" src=\"https:\/\/middelweb.de\/wordpress\/wp-content\/uploads\/2021\/02\/London-1968_0005.jpg\" alt=\"\" class=\"wp-image-3086\" srcset=\"https:\/\/middel-online.de\/wp-content\/uploads\/2021\/02\/London-1968_0005.jpg 755w, https:\/\/middel-online.de\/wp-content\/uploads\/2021\/02\/London-1968_0005-282x300.jpg 282w\" sizes=\"auto, (max-width: 755px) 100vw, 755px\" \/><\/figure>\n\n\n\n<figure class=\"wp-block-image size-large\"><img loading=\"lazy\" decoding=\"async\" width=\"742\" height=\"979\" src=\"https:\/\/middelweb.de\/wordpress\/wp-content\/uploads\/2021\/02\/London-68-House-od-Commons.jpg\" alt=\"\" class=\"wp-image-3081\" srcset=\"https:\/\/middel-online.de\/wp-content\/uploads\/2021\/02\/London-68-House-od-Commons.jpg 742w, https:\/\/middel-online.de\/wp-content\/uploads\/2021\/02\/London-68-House-od-Commons-227x300.jpg 227w\" sizes=\"auto, (max-width: 742px) 100vw, 742px\" \/><\/figure>\n\n\n\n<figure class=\"wp-block-image size-large\"><img loading=\"lazy\" decoding=\"async\" width=\"973\" height=\"768\" src=\"https:\/\/middelweb.de\/wordpress\/wp-content\/uploads\/2021\/02\/London-1968_0006.jpg\" alt=\"\" class=\"wp-image-3087\" srcset=\"https:\/\/middel-online.de\/wp-content\/uploads\/2021\/02\/London-1968_0006.jpg 973w, https:\/\/middel-online.de\/wp-content\/uploads\/2021\/02\/London-1968_0006-300x237.jpg 300w, https:\/\/middel-online.de\/wp-content\/uploads\/2021\/02\/London-1968_0006-768x606.jpg 768w\" sizes=\"auto, (max-width: 973px) 100vw, 973px\" \/><\/figure>\n\n\n\n<figure class=\"wp-block-image size-large\"><img loading=\"lazy\" decoding=\"async\" width=\"974\" height=\"768\" src=\"https:\/\/middelweb.de\/wordpress\/wp-content\/uploads\/2021\/02\/London-1968_0007.jpg\" alt=\"\" class=\"wp-image-3088\" srcset=\"https:\/\/middel-online.de\/wp-content\/uploads\/2021\/02\/London-1968_0007.jpg 974w, https:\/\/middel-online.de\/wp-content\/uploads\/2021\/02\/London-1968_0007-300x237.jpg 300w, https:\/\/middel-online.de\/wp-content\/uploads\/2021\/02\/London-1968_0007-768x606.jpg 768w\" sizes=\"auto, (max-width: 974px) 100vw, 974px\" \/><\/figure>\n\n\n\nngg_shortcode_0_placeholder\n","protected":false},"excerpt":{"rendered":"<p>1968, 17 Jahre und noch wenig weise&#8230; .. aber mit guten Musikgeschmack (Joe Cocker, John Mayall. The Nice mit Keith Emerson, Jethro Tull, Marmalade, Ten Years after) Am 17. Juli 1968 um 20\u00a0Uhr fand&#46;&#46;&#46;<\/p>\n","protected":false},"author":1,"featured_media":0,"parent":0,"menu_order":0,"comment_status":"closed","ping_status":"closed","template":"","meta":{"ngg_post_thumbnail":0,"footnotes":""},"class_list":["post-1135","page","type-page","status-publish","hentry"],"_links":{"self":[{"href":"https:\/\/middel-online.de\/index.php?rest_route=\/wp\/v2\/pages\/1135","targetHints":{"allow":["GET"]}}],"collection":[{"href":"https:\/\/middel-online.de\/index.php?rest_route=\/wp\/v2\/pages"}],"about":[{"href":"https:\/\/middel-online.de\/index.php?rest_route=\/wp\/v2\/types\/page"}],"author":[{"embeddable":true,"href":"https:\/\/middel-online.de\/index.php?rest_route=\/wp\/v2\/users\/1"}],"replies":[{"embeddable":true,"href":"https:\/\/middel-online.de\/index.php?rest_route=%2Fwp%2Fv2%2Fcomments&post=1135"}],"version-history":[{"count":8,"href":"https:\/\/middel-online.de\/index.php?rest_route=\/wp\/v2\/pages\/1135\/revisions"}],"predecessor-version":[{"id":11730,"href":"https:\/\/middel-online.de\/index.php?rest_route=\/wp\/v2\/pages\/1135\/revisions\/11730"}],"wp:attachment":[{"href":"https:\/\/middel-online.de\/index.php?rest_route=%2Fwp%2Fv2%2Fmedia&parent=1135"}],"curies":[{"name":"wp","href":"https:\/\/api.w.org\/{rel}","templated":true}]}}