{"id":10625,"date":"2022-02-19T12:31:51","date_gmt":"2022-02-19T11:31:51","guid":{"rendered":"https:\/\/middelweb.de\/wordpress\/?page_id=10625"},"modified":"2024-09-29T17:25:33","modified_gmt":"2024-09-29T16:25:33","slug":"roadtrip-usa-2022","status":"publish","type":"page","link":"https:\/\/middel-online.de\/?page_id=10625","title":{"rendered":"Roadtrip USA 2022"},"content":{"rendered":"\n<p><a href=\"https:\/\/mega.nz\/file\/qkN0hBqY#zowas7nbv5dsNR8IMjVFjBRbj6VnvZ-DIRGJy4IAvqw\">Video<\/a><\/p>\n\n\n\n<figure class=\"wp-block-image size-large\"><img loading=\"lazy\" decoding=\"async\" width=\"729\" height=\"1024\" src=\"https:\/\/middelweb.de\/wordpress\/wp-content\/uploads\/2022\/02\/LAX-Rundreise.1-729x1024.jpg\" alt=\"\" class=\"wp-image-10626\" srcset=\"https:\/\/middel-online.de\/wp-content\/uploads\/2022\/02\/LAX-Rundreise.1-729x1024.jpg 729w, https:\/\/middel-online.de\/wp-content\/uploads\/2022\/02\/LAX-Rundreise.1-214x300.jpg 214w, https:\/\/middel-online.de\/wp-content\/uploads\/2022\/02\/LAX-Rundreise.1-768x1079.jpg 768w, https:\/\/middel-online.de\/wp-content\/uploads\/2022\/02\/LAX-Rundreise.1-1093x1536.jpg 1093w, https:\/\/middel-online.de\/wp-content\/uploads\/2022\/02\/LAX-Rundreise.1-1458x2048.jpg 1458w, https:\/\/middel-online.de\/wp-content\/uploads\/2022\/02\/LAX-Rundreise.1-scaled.jpg 1822w\" sizes=\"auto, (max-width: 729px) 100vw, 729px\" \/><\/figure>\n\n\n\n<figure class=\"wp-block-image size-large\"><img loading=\"lazy\" decoding=\"async\" width=\"1024\" height=\"768\" src=\"https:\/\/middelweb.de\/wordpress\/wp-content\/uploads\/2022\/07\/IMG_4096-1024x768.jpg\" alt=\"\" class=\"wp-image-11054\" srcset=\"https:\/\/middel-online.de\/wp-content\/uploads\/2022\/07\/IMG_4096-1024x768.jpg 1024w, https:\/\/middel-online.de\/wp-content\/uploads\/2022\/07\/IMG_4096-300x225.jpg 300w, https:\/\/middel-online.de\/wp-content\/uploads\/2022\/07\/IMG_4096-768x576.jpg 768w, https:\/\/middel-online.de\/wp-content\/uploads\/2022\/07\/IMG_4096-1536x1152.jpg 1536w, https:\/\/middel-online.de\/wp-content\/uploads\/2022\/07\/IMG_4096-2048x1536.jpg 2048w\" sizes=\"auto, (max-width: 1024px) 100vw, 1024px\" \/><\/figure>\n\n\n\n<p>Um eine vage Vorstellung von Los Angeles zu erhalten, braucht man nur vom Fenster eines Flugzeugs aus darauf hinabblicken.&nbsp;<br>Bereits eine gute halbe Stunde vor der Landung auf dem Los Angeles International Airport &#8211; und in drei\u00dfig Minuten in der Luft legt man wirklich einen betr\u00e4chtlichen Weg zur\u00fcck &#8211; beginnen identische Bilder am Auge des Betrachters vorbeizuziehen:&nbsp;<br>Ein Meer aus niedrigen H\u00e4usern, G\u00e4rten verschiedener Gr\u00f6\u00dfe, Swimmingpools in surrealem T\u00fcrkis, hier und da ein paar Palmen, und zehnspurige Autobahnen in so verwirrender Anordnung, dass man sich fragt, ob sie \u00fcberhaupt eine Ausfahrt besitzen.<\/p>\n\n\n\n<figure class=\"wp-block-image size-large\"><img loading=\"lazy\" decoding=\"async\" width=\"1024\" height=\"559\" src=\"https:\/\/middelweb.de\/wordpress\/wp-content\/uploads\/2022\/07\/IMG_5381-1024x559.png\" alt=\"\" class=\"wp-image-11061\" srcset=\"https:\/\/middel-online.de\/wp-content\/uploads\/2022\/07\/IMG_5381-1024x559.png 1024w, https:\/\/middel-online.de\/wp-content\/uploads\/2022\/07\/IMG_5381-300x164.png 300w, https:\/\/middel-online.de\/wp-content\/uploads\/2022\/07\/IMG_5381-768x419.png 768w, https:\/\/middel-online.de\/wp-content\/uploads\/2022\/07\/IMG_5381.png 1242w\" sizes=\"auto, (max-width: 1024px) 100vw, 1024px\" \/><\/figure>\n\n\n\n<p>So monstr\u00f6s und \u00fcberbev\u00f6lkert Los Angeles auch wirken mag es ist doch auch irgendwie famili\u00e4r. Sogar seine Bewohner definieren Los Angeles als eine Reihe von \u201eD\u00f6rfern&#8220; auf der Suche nach einer Stadt.&nbsp;<br>&nbsp;<br>Ende des 19. Jahrhunderts war das riesige Tal in S\u00fcdkalifornien \u00fcbers\u00e4t von ausgedehnten Farmen, die von spanischen Bauern und Viehz\u00fcchtern betrieben wurden. Diese waren in rascher Folge entstanden, nachdem spanische Missionare 1781 dort El Pueblo de Nuestra Se\u00f1ora la Reine de los Angeles del R\u00edo Porci\u00fancula errichtet hatten. Auch wenn sich das Zentrum von Los Angeles, das etwa zwanzig Kilometer vom Ozean entfernt liegt, inzwischen stark ver\u00e4ndert hat, blieb es doch das Territorium des historischen Pueblo und die Heimat einer gro\u00dfen hispanischen Gemeinde. Zugleich findet man dort Bauwerke mit mediterraner Architektur.<\/p>\n\n\n\n<figure class=\"wp-block-image size-large is-resized\"><img loading=\"lazy\" decoding=\"async\" width=\"1024\" height=\"567\" src=\"https:\/\/middelweb.de\/wordpress\/wp-content\/uploads\/2022\/07\/IMG_5384-1024x567.png\" alt=\"\" class=\"wp-image-11058\" style=\"width:698px;height:386px\" srcset=\"https:\/\/middel-online.de\/wp-content\/uploads\/2022\/07\/IMG_5384-1024x567.png 1024w, https:\/\/middel-online.de\/wp-content\/uploads\/2022\/07\/IMG_5384-300x166.png 300w, https:\/\/middel-online.de\/wp-content\/uploads\/2022\/07\/IMG_5384-768x425.png 768w, https:\/\/middel-online.de\/wp-content\/uploads\/2022\/07\/IMG_5384.png 1242w\" sizes=\"auto, (max-width: 1024px) 100vw, 1024px\" \/><\/figure>\n\n\n\n<p>Den demographischen Daten der Stadt zufolge besitzt Los Angeles vier Millionen Einwohner. Doch das ist nur die Bev\u00f6lkerung der Innenstadt. Zusammen mit den vielen anders benannten Vorst\u00e4dten erstreckt sich das Stadtgebiet viele tausend Quadratkilometer weit und z\u00e4hlt etwa achtzehn Millionen Einwohner.&nbsp;<br>&nbsp;<br>Noch Besorgnis erregender ist die Tatsache, dass im Bezirk Los Angeles mehr Autos registriert sind als in ganz Russland.&nbsp;<br>&nbsp;<br>Wen wundert es da, dass der typische Los Angeles-Besucher angesichts dieser Zahlen nach seiner Ankunft am Flughafen am liebsten gleich wieder mit dem n\u00e4chsten Flugzeug nach Hause fliegen m\u00f6chte? Trotzdem hat L. A. eine Chance verdient. Schlie\u00dflich ist das doch die Stadt der Engel&#8220;, in der Tr\u00e4ume gemacht werden. Hier findet man den H\u00fcgel, auf dem in riesigen Buchstaben Hollywood steht, hier ist Beverly Hills mit den Luxusvillen der Reichen und Ber\u00fchmten. Hier findet man auf dem Hollywood Boulevard Nr. 6925 das kitschige Grauman&#8217;s Chinese Theater, vor dem die Filmstars ihre Hand- und Fu\u00dfabdr\u00fccke in Beton verewigen. In Melrose sieht man die trendigsten L\u00e4den und auf dem Sunset Boulevard die hei\u00dfesten Cabrios.<\/p>\n\n\n\n<figure class=\"wp-block-image size-large is-resized\"><img loading=\"lazy\" decoding=\"async\" width=\"660\" height=\"1024\" src=\"https:\/\/middelweb.de\/wordpress\/wp-content\/uploads\/2022\/02\/LAX-Rundreise.3-660x1024.jpg\" alt=\"\" class=\"wp-image-10777\" style=\"width:737px;height:1143px\" srcset=\"https:\/\/middel-online.de\/wp-content\/uploads\/2022\/02\/LAX-Rundreise.3-660x1024.jpg 660w, https:\/\/middel-online.de\/wp-content\/uploads\/2022\/02\/LAX-Rundreise.3-193x300.jpg 193w, https:\/\/middel-online.de\/wp-content\/uploads\/2022\/02\/LAX-Rundreise.3-768x1192.jpg 768w, https:\/\/middel-online.de\/wp-content\/uploads\/2022\/02\/LAX-Rundreise.3-989x1536.jpg 989w, https:\/\/middel-online.de\/wp-content\/uploads\/2022\/02\/LAX-Rundreise.3-1319x2048.jpg 1319w, https:\/\/middel-online.de\/wp-content\/uploads\/2022\/02\/LAX-Rundreise.3.jpg 1593w\" sizes=\"auto, (max-width: 660px) 100vw, 660px\" \/><\/figure>\n\n\n\n<p>Wer einen der langen und teils schnurgeraden Highways durch den Death Valley National Park nimmt, durchquert einen Ort der Superlative: Fast nirgendwo auf Erden ist es trockener und hei\u00dfer als hier in der Mojave-W\u00fcste. Das Death Valley ist mit fast 14.000 Quadratkilometern der gr\u00f6\u00dfte Nationalpark in den 48 Kernstaaten der USA. Es erstreckt sich \u00fcber Kalifornien und Nevada und ist von gewaltigen Bergen umgeben. Mit einer L\u00e4nge von 225 km und einer Breite von bis zu 25 km und Temperaturen die sengend hei\u00dfe 57 erreichen k\u00f6nnen ist dieser Ort einer der unwirtlichsten der Erde. Au\u00dferdem mit nur 5 cm (2 inch) Regen pro Jahr der trockenste.<\/p>\n\n\n\n<figure class=\"wp-block-image size-large is-resized\"><img loading=\"lazy\" decoding=\"async\" width=\"663\" height=\"1024\" src=\"https:\/\/middelweb.de\/wordpress\/wp-content\/uploads\/2023\/03\/2022-Winter-Visitor-Guide-compressed_230320_150700_7-663x1024.jpg\" alt=\"\" class=\"wp-image-11296\" style=\"width:778px;height:1202px\" srcset=\"https:\/\/middel-online.de\/wp-content\/uploads\/2023\/03\/2022-Winter-Visitor-Guide-compressed_230320_150700_7-663x1024.jpg 663w, https:\/\/middel-online.de\/wp-content\/uploads\/2023\/03\/2022-Winter-Visitor-Guide-compressed_230320_150700_7-194x300.jpg 194w, https:\/\/middel-online.de\/wp-content\/uploads\/2023\/03\/2022-Winter-Visitor-Guide-compressed_230320_150700_7-768x1187.jpg 768w, https:\/\/middel-online.de\/wp-content\/uploads\/2023\/03\/2022-Winter-Visitor-Guide-compressed_230320_150700_7-994x1536.jpg 994w, https:\/\/middel-online.de\/wp-content\/uploads\/2023\/03\/2022-Winter-Visitor-Guide-compressed_230320_150700_7-1326x2048.jpg 1326w, https:\/\/middel-online.de\/wp-content\/uploads\/2023\/03\/2022-Winter-Visitor-Guide-compressed_230320_150700_7.jpg 1600w\" sizes=\"auto, (max-width: 663px) 100vw, 663px\" \/><\/figure>\n\n\n\n<p>Der Telescope Peak (3.366m) ist f\u00fcr den beachtlichen H\u00f6henunterschied zur n\u00e4heren Umgebung bekannt. Sein Gipfel erhebt sich 3478 Meter \u00fcber Badwater, den etwa 24 Kilometer \u00f6stlich gelegenen tiefsten Punkt des Tal des Todes, und etwa 3050 Meter \u00fcber das 13 Kilometer westlich entfernte Panamint Valley.Vergleichbar gro\u00df ist mit etwa 4000 Metern auch der Unterschied zwischen dem Gipfel des Mount Everest und seinem n\u00f6rdlichen Fu\u00df im Hochland von Tibet.<\/p>\n\n\n\n<figure class=\"wp-block-image size-large\"><img loading=\"lazy\" decoding=\"async\" width=\"1024\" height=\"682\" src=\"https:\/\/middelweb.de\/wordpress\/wp-content\/uploads\/2022\/02\/LAX-Rundreise.5-1024x682.jpg\" alt=\"\" class=\"wp-image-10778\" srcset=\"https:\/\/middel-online.de\/wp-content\/uploads\/2022\/02\/LAX-Rundreise.5-1024x682.jpg 1024w, https:\/\/middel-online.de\/wp-content\/uploads\/2022\/02\/LAX-Rundreise.5-300x200.jpg 300w, https:\/\/middel-online.de\/wp-content\/uploads\/2022\/02\/LAX-Rundreise.5-768x511.jpg 768w, https:\/\/middel-online.de\/wp-content\/uploads\/2022\/02\/LAX-Rundreise.5-1536x1023.jpg 1536w, https:\/\/middel-online.de\/wp-content\/uploads\/2022\/02\/LAX-Rundreise.5-2048x1364.jpg 2048w\" sizes=\"auto, (max-width: 1024px) 100vw, 1024px\" \/><\/figure>\n\n\n\n<p>Der Grand Canyon National Park in Arizona umfasst 277 Meilen (446 km) des Colorado River und das angrenzende Hochland. Der riesige Grand Canyon ist 1,6 km tief und bis zu 29 km breit. Geschichtete B\u00e4nder aus buntem Gestein offenbaren Millionen von Jahren geologischer Geschichte mit unvergleichlichen Ausblicken vom Rand.<\/p>\n\n\n\n<p>Die Schlucht ist eines der spektakul\u00e4rsten Naturwunder der Welt. Ungef\u00e4hr 1 Mrd. Tonnen Gestein wurde aus dem Boden gewaschen. Die \u00fcbrig gebliebene Schlucht k\u00f6nnte das Wasser aller Fl\u00fcsse der Welt aufnehmen und w\u00e4re dann erst halb voll.&nbsp;<\/p>\n\n\n\n<figure class=\"wp-block-image size-large\"><img loading=\"lazy\" decoding=\"async\" width=\"1024\" height=\"576\" src=\"https:\/\/middelweb.de\/wordpress\/wp-content\/uploads\/2022\/09\/vlcsnap-2022-07-29-15h18m45s455-1024x576.jpg\" alt=\"\" class=\"wp-image-11172\" srcset=\"https:\/\/middel-online.de\/wp-content\/uploads\/2022\/09\/vlcsnap-2022-07-29-15h18m45s455-1024x576.jpg 1024w, https:\/\/middel-online.de\/wp-content\/uploads\/2022\/09\/vlcsnap-2022-07-29-15h18m45s455-300x169.jpg 300w, https:\/\/middel-online.de\/wp-content\/uploads\/2022\/09\/vlcsnap-2022-07-29-15h18m45s455-768x432.jpg 768w, https:\/\/middel-online.de\/wp-content\/uploads\/2022\/09\/vlcsnap-2022-07-29-15h18m45s455-1536x864.jpg 1536w, https:\/\/middel-online.de\/wp-content\/uploads\/2022\/09\/vlcsnap-2022-07-29-15h18m45s455-2048x1152.jpg 2048w\" sizes=\"auto, (max-width: 1024px) 100vw, 1024px\" \/><\/figure>\n\n\n\n<p>Innerhalb weniger Stunden auf dem Eiffelturm speisen, eine Show im Kolosseum genie\u00dfen, den \u00c4gyptischen Tempel von Karnak besichtigen und ein Foto von der Freiheitsstatue machen. Dazwischen ist sogar noch Zeit zu heiraten und etwas Geld zu gewinnen. Geht nicht? Nur im Traum?<br>&nbsp;<br>Doch, geht: &nbsp;in Las Vegas.<\/p>\n\n\n\n<p>Las Vegas ist wohl der kitschigste Ort<br>auf diesem Planeten. Aber dieses Disneyland f\u00fcr Erwachsene hat eine ungeheuere Anziehungskraft. Etwa 42 Millionen Besucher j\u00e4hrlich, 151.000 Hotelbetten (NYC hat 63.000) sprechen eine eindeutige Sprache.<br>1941 er\u00f6ffnete das erste Hotelcasino namens El Rancho Vegas am Highway 91. Sp\u00e4ter wurde dieser Highway in Las Vegas Strip umbenannt und gilt als die am hellsten erleuchtete Stra\u00dfe der Welt.&nbsp;<\/p>\n\n\n\n<p>1976 erhielt auch Atlantic City in New Jersey eine Lizenz zur Er\u00f6ffnung von Casinos. Damit verlor Las Vegas sein Gl\u00fccksspielmonopol und musste sich etwas Neues einfallen lassen, um weiterhin einzigartig und unnachahmlich zu bleiben.&nbsp;<br>&nbsp;<br>Heute besitzt der Strip die gr\u00f6\u00dfte Ansammlung von Mega-Resorts der Welt. Jedes davon besitzt bis zu sechstausend R\u00e4ume und gro\u00dfe S\u00e4le, in denen jede Art von Vergn\u00fcgung f\u00fcr alle Altersstufen geboten wird. So wartet zum Beispiel das das Luxor, bei dem die G\u00e4ste in einer Pyramide wohnen, einen Laserstrahl auf, den man auch noch aus einem Flugzeug erkennen kann, das in f\u00fcnfhundert Kilometern Entfernung vorbeifliegt, das Venetian besitzt einen Canal Grande und dann gibt es dort Orte wie den Stratosphere Tower, den h\u00f6chsten Turm im Westen der USA, das Paris mit Reproduktionen des Eiffelturms und des Arc de Triomphe, sowie das Mirage mit einem Vulkan, der alle f\u00fcnfzehn Minuten ausbricht.<\/p>\n\n\n\n<figure class=\"wp-block-gallery has-nested-images columns-default is-cropped wp-block-gallery-1 is-layout-flex wp-block-gallery-is-layout-flex\">\n<figure class=\"wp-block-image size-large\"><a href=\"https:\/\/e.pcloud.link\/publink\/show?code=XZ1zVeZgpdEvhsN21fUdbzOfTmJfL494NU7\"><img loading=\"lazy\" decoding=\"async\" width=\"1024\" height=\"768\" data-id=\"11382\" src=\"https:\/\/middelweb.de\/wordpress\/wp-content\/uploads\/2024\/01\/IMG_4523-1024x768.jpg\" alt=\"\" class=\"wp-image-11382\" srcset=\"https:\/\/middel-online.de\/wp-content\/uploads\/2024\/01\/IMG_4523-1024x768.jpg 1024w, https:\/\/middel-online.de\/wp-content\/uploads\/2024\/01\/IMG_4523-300x225.jpg 300w, https:\/\/middel-online.de\/wp-content\/uploads\/2024\/01\/IMG_4523-768x576.jpg 768w, https:\/\/middel-online.de\/wp-content\/uploads\/2024\/01\/IMG_4523-1536x1152.jpg 1536w, https:\/\/middel-online.de\/wp-content\/uploads\/2024\/01\/IMG_4523-2048x1536.jpg 2048w\" sizes=\"auto, (max-width: 1024px) 100vw, 1024px\" \/><\/a><\/figure>\n<\/figure>\n\n\n\n<p>Video (Auf Bild klicken)<\/p>\n\n\n\n<p><strong>Big Apple Coaster<\/strong>&nbsp;in&nbsp;<a href=\"https:\/\/de.wikipedia.org\/wiki\/New_York-New_York_Hotel_%26_Casino\">New York-New York Hotel &amp; Casino<\/a>&nbsp;(<a href=\"https:\/\/de.wikipedia.org\/wiki\/Paradise_(Nevada)\">Paradise<\/a>,&nbsp;<a href=\"https:\/\/de.wikipedia.org\/wiki\/Nevada\">Nevada<\/a>,&nbsp;<a href=\"https:\/\/de.wikipedia.org\/wiki\/Vereinigte_Staaten\">USA<\/a>) ist eine&nbsp;<a href=\"https:\/\/de.wikipedia.org\/wiki\/Stahlachterbahn\">Stahlachterbahn<\/a>&nbsp;vom Modell&nbsp;<em>Sitdown Looping<\/em>&nbsp;des Herstellers&nbsp;<em><a href=\"https:\/\/de.wikipedia.org\/w\/index.php?title=Togo_(Hersteller)&amp;action=edit&amp;redlink=1\">Togo<\/a><\/em>, die am 3.&nbsp;Januar 1997 als&nbsp;<em>Manhattan Express<\/em>&nbsp;er\u00f6ffnet wurde. Unter diesem Namen fuhr sie bis zu ihrer Umbenennung in&nbsp;<em>The Roller Coaster<\/em>&nbsp;im Jahre 2007. Schlie\u00dflich wurde sie 2016 in&nbsp;<em>Big Apple Coaster<\/em>&nbsp;umbenannt. Zum Zeitpunkt ihrer Er\u00f6ffnung war sie die h\u00f6chste und schnellste Loopingachterbahn der Welt.<\/p>\n\n\n\n<div class=\"wp-block-columns is-layout-flex wp-container-core-columns-is-layout-9d6595d7 wp-block-columns-is-layout-flex\">\n<div class=\"wp-block-column is-layout-flow wp-block-column-is-layout-flow\">\n<figure class=\"wp-block-image size-large\"><img loading=\"lazy\" decoding=\"async\" width=\"768\" height=\"1024\" src=\"https:\/\/middel-online.de\/wp-content\/uploads\/2024\/09\/IMG_4570-768x1024.jpg\" alt=\"\" class=\"wp-image-12487\" srcset=\"https:\/\/middel-online.de\/wp-content\/uploads\/2024\/09\/IMG_4570-768x1024.jpg 768w, https:\/\/middel-online.de\/wp-content\/uploads\/2024\/09\/IMG_4570-225x300.jpg 225w, https:\/\/middel-online.de\/wp-content\/uploads\/2024\/09\/IMG_4570-1152x1536.jpg 1152w, https:\/\/middel-online.de\/wp-content\/uploads\/2024\/09\/IMG_4570.jpg 1277w\" sizes=\"auto, (max-width: 768px) 100vw, 768px\" \/><\/figure>\n<\/div>\n\n\n\n<div class=\"wp-block-column is-layout-flow wp-block-column-is-layout-flow\">\n<figure class=\"wp-block-image size-large\"><img loading=\"lazy\" decoding=\"async\" width=\"676\" height=\"1024\" src=\"https:\/\/middel-online.de\/wp-content\/uploads\/2024\/09\/IMG_4571-676x1024.jpg\" alt=\"\" class=\"wp-image-12486\" srcset=\"https:\/\/middel-online.de\/wp-content\/uploads\/2024\/09\/IMG_4571-676x1024.jpg 676w, https:\/\/middel-online.de\/wp-content\/uploads\/2024\/09\/IMG_4571-198x300.jpg 198w, https:\/\/middel-online.de\/wp-content\/uploads\/2024\/09\/IMG_4571-768x1163.jpg 768w, https:\/\/middel-online.de\/wp-content\/uploads\/2024\/09\/IMG_4571-1014x1536.jpg 1014w, https:\/\/middel-online.de\/wp-content\/uploads\/2024\/09\/IMG_4571.jpg 1242w\" sizes=\"auto, (max-width: 676px) 100vw, 676px\" \/><\/figure>\n<\/div>\n<\/div>\n\n\n\n<div class=\"wp-block-columns is-layout-flex wp-container-core-columns-is-layout-9d6595d7 wp-block-columns-is-layout-flex\">\n<div class=\"wp-block-column is-layout-flow wp-block-column-is-layout-flow\">\n<figure class=\"wp-block-image size-large\"><img loading=\"lazy\" decoding=\"async\" width=\"473\" height=\"1024\" src=\"https:\/\/middel-online.de\/wp-content\/uploads\/2024\/09\/IMG_4499-473x1024.png\" alt=\"\" class=\"wp-image-12488\" srcset=\"https:\/\/middel-online.de\/wp-content\/uploads\/2024\/09\/IMG_4499-473x1024.png 473w, https:\/\/middel-online.de\/wp-content\/uploads\/2024\/09\/IMG_4499-139x300.png 139w, https:\/\/middel-online.de\/wp-content\/uploads\/2024\/09\/IMG_4499-768x1662.png 768w, https:\/\/middel-online.de\/wp-content\/uploads\/2024\/09\/IMG_4499-710x1536.png 710w, https:\/\/middel-online.de\/wp-content\/uploads\/2024\/09\/IMG_4499-946x2048.png 946w, https:\/\/middel-online.de\/wp-content\/uploads\/2024\/09\/IMG_4499.png 1242w\" sizes=\"auto, (max-width: 473px) 100vw, 473px\" \/><\/figure>\n<\/div>\n\n\n\n<div class=\"wp-block-column is-layout-flow wp-block-column-is-layout-flow\">\n<figure class=\"wp-block-image size-large\"><img loading=\"lazy\" decoding=\"async\" width=\"473\" height=\"1024\" src=\"https:\/\/middel-online.de\/wp-content\/uploads\/2024\/09\/IMG_4500-473x1024.png\" alt=\"\" class=\"wp-image-12489\" srcset=\"https:\/\/middel-online.de\/wp-content\/uploads\/2024\/09\/IMG_4500-473x1024.png 473w, https:\/\/middel-online.de\/wp-content\/uploads\/2024\/09\/IMG_4500-139x300.png 139w, https:\/\/middel-online.de\/wp-content\/uploads\/2024\/09\/IMG_4500-768x1662.png 768w, https:\/\/middel-online.de\/wp-content\/uploads\/2024\/09\/IMG_4500-710x1536.png 710w, https:\/\/middel-online.de\/wp-content\/uploads\/2024\/09\/IMG_4500-946x2048.png 946w, https:\/\/middel-online.de\/wp-content\/uploads\/2024\/09\/IMG_4500.png 1242w\" sizes=\"auto, (max-width: 473px) 100vw, 473px\" \/><\/figure>\n<\/div>\n<\/div>\n\n\n\n<p>So war das in Zeiten der Pandemie: Man mu\u00dfte sich anmelden, wenn man zur\u00fcck in sein eigenes Land wollte!<\/p>\n\n\n\nngg_shortcode_0_placeholder\n\n\n\n<div data-wp-interactive=\"core\/file\" class=\"wp-block-file\"><object data-wp-bind--hidden=\"!state.hasPdfPreview\" hidden class=\"wp-block-file__embed\" data=\"https:\/\/middel-online.de\/wp-content\/uploads\/2022\/03\/Star-Alliance-Lounge-LAX.pdf\" type=\"application\/pdf\" style=\"width:100%;height:600px\" aria-label=\"Einbettung von Star-Alliance-Lounge-LAX.\"><\/object><a id=\"wp-block-file--media-2177a2be-fa33-4119-b2c3-ae2f4ea3accc\" href=\"https:\/\/middel-online.de\/wp-content\/uploads\/2022\/03\/Star-Alliance-Lounge-LAX.pdf\">Star-Alliance-Lounge-LAX<\/a><a href=\"https:\/\/middel-online.de\/wp-content\/uploads\/2022\/03\/Star-Alliance-Lounge-LAX.pdf\" class=\"wp-block-file__button wp-element-button\" download aria-describedby=\"wp-block-file--media-2177a2be-fa33-4119-b2c3-ae2f4ea3accc\">Herunterladen<\/a><\/div>\n\n\n\n<div class=\"wp-block-columns is-layout-flex wp-container-core-columns-is-layout-9d6595d7 wp-block-columns-is-layout-flex\">\n<div class=\"wp-block-column is-layout-flow wp-block-column-is-layout-flow\">\n<figure class=\"wp-block-image size-large\"><img loading=\"lazy\" decoding=\"async\" width=\"697\" height=\"1024\" src=\"https:\/\/middel-online.de\/wp-content\/uploads\/2024\/09\/Bildschirmfoto-2024-09-29-um-14.58.34.jpeg-697x1024.png\" alt=\"\" class=\"wp-image-12479\" srcset=\"https:\/\/middel-online.de\/wp-content\/uploads\/2024\/09\/Bildschirmfoto-2024-09-29-um-14.58.34.jpeg-697x1024.png 697w, https:\/\/middel-online.de\/wp-content\/uploads\/2024\/09\/Bildschirmfoto-2024-09-29-um-14.58.34.jpeg-204x300.png 204w, https:\/\/middel-online.de\/wp-content\/uploads\/2024\/09\/Bildschirmfoto-2024-09-29-um-14.58.34.jpeg-768x1129.png 768w, https:\/\/middel-online.de\/wp-content\/uploads\/2024\/09\/Bildschirmfoto-2024-09-29-um-14.58.34.jpeg-1045x1536.png 1045w, https:\/\/middel-online.de\/wp-content\/uploads\/2024\/09\/Bildschirmfoto-2024-09-29-um-14.58.34.jpeg.png 1145w\" sizes=\"auto, (max-width: 697px) 100vw, 697px\" \/><\/figure>\n<\/div>\n\n\n\n<div class=\"wp-block-column is-layout-flow wp-block-column-is-layout-flow\">\n<figure class=\"wp-block-image size-large\"><img loading=\"lazy\" decoding=\"async\" width=\"585\" height=\"1024\" src=\"https:\/\/middel-online.de\/wp-content\/uploads\/2024\/09\/Gepaeck-LH-457-585x1024.jpg\" alt=\"\" class=\"wp-image-12482\" srcset=\"https:\/\/middel-online.de\/wp-content\/uploads\/2024\/09\/Gepaeck-LH-457-585x1024.jpg 585w, https:\/\/middel-online.de\/wp-content\/uploads\/2024\/09\/Gepaeck-LH-457-171x300.jpg 171w, https:\/\/middel-online.de\/wp-content\/uploads\/2024\/09\/Gepaeck-LH-457-768x1345.jpg 768w, https:\/\/middel-online.de\/wp-content\/uploads\/2024\/09\/Gepaeck-LH-457-877x1536.jpg 877w, https:\/\/middel-online.de\/wp-content\/uploads\/2024\/09\/Gepaeck-LH-457.jpg 1075w\" sizes=\"auto, (max-width: 585px) 100vw, 585px\" \/><\/figure>\n<\/div>\n<\/div>\n\n\n\n<figure class=\"wp-block-image size-large\"><img loading=\"lazy\" decoding=\"async\" width=\"959\" height=\"1024\" src=\"https:\/\/middelweb.de\/wordpress\/wp-content\/uploads\/2022\/03\/LAX-Rundreise-2-959x1024.jpg\" alt=\"\" class=\"wp-image-10852\" srcset=\"https:\/\/middel-online.de\/wp-content\/uploads\/2022\/03\/LAX-Rundreise-2-959x1024.jpg 959w, https:\/\/middel-online.de\/wp-content\/uploads\/2022\/03\/LAX-Rundreise-2-281x300.jpg 281w, https:\/\/middel-online.de\/wp-content\/uploads\/2022\/03\/LAX-Rundreise-2-768x820.jpg 768w, https:\/\/middel-online.de\/wp-content\/uploads\/2022\/03\/LAX-Rundreise-2-1438x1536.jpg 1438w, https:\/\/middel-online.de\/wp-content\/uploads\/2022\/03\/LAX-Rundreise-2-1917x2048.jpg 1917w\" sizes=\"auto, (max-width: 959px) 100vw, 959px\" \/><\/figure>\n","protected":false},"excerpt":{"rendered":"<p>Video Um eine vage Vorstellung von Los Angeles zu erhalten, braucht man nur vom Fenster eines Flugzeugs aus darauf hinabblicken.&nbsp;Bereits eine gute halbe Stunde vor der Landung auf dem Los Angeles International Airport &#8211;&#46;&#46;&#46;<\/p>\n","protected":false},"author":1,"featured_media":0,"parent":0,"menu_order":0,"comment_status":"closed","ping_status":"closed","template":"","meta":{"ngg_post_thumbnail":0,"footnotes":""},"class_list":["post-10625","page","type-page","status-publish","hentry"],"_links":{"self":[{"href":"https:\/\/middel-online.de\/index.php?rest_route=\/wp\/v2\/pages\/10625","targetHints":{"allow":["GET"]}}],"collection":[{"href":"https:\/\/middel-online.de\/index.php?rest_route=\/wp\/v2\/pages"}],"about":[{"href":"https:\/\/middel-online.de\/index.php?rest_route=\/wp\/v2\/types\/page"}],"author":[{"embeddable":true,"href":"https:\/\/middel-online.de\/index.php?rest_route=\/wp\/v2\/users\/1"}],"replies":[{"embeddable":true,"href":"https:\/\/middel-online.de\/index.php?rest_route=%2Fwp%2Fv2%2Fcomments&post=10625"}],"version-history":[{"count":24,"href":"https:\/\/middel-online.de\/index.php?rest_route=\/wp\/v2\/pages\/10625\/revisions"}],"predecessor-version":[{"id":12491,"href":"https:\/\/middel-online.de\/index.php?rest_route=\/wp\/v2\/pages\/10625\/revisions\/12491"}],"wp:attachment":[{"href":"https:\/\/middel-online.de\/index.php?rest_route=%2Fwp%2Fv2%2Fmedia&parent=10625"}],"curies":[{"name":"wp","href":"https:\/\/api.w.org\/{rel}","templated":true}]}}