{"id":10055,"date":"2021-05-01T12:22:43","date_gmt":"2021-05-01T11:22:43","guid":{"rendered":"https:\/\/middelweb.de\/wordpress\/?page_id=10055"},"modified":"2025-12-23T10:38:04","modified_gmt":"2025-12-23T09:38:04","slug":"meine-autos","status":"publish","type":"page","link":"https:\/\/middel-online.de\/?page_id=10055","title":{"rendered":"Meine Autos"},"content":{"rendered":"\n<figure class=\"wp-block-gallery has-nested-images columns-1 is-cropped wp-block-gallery-1 is-layout-flex wp-block-gallery-is-layout-flex\">\n<figure class=\"wp-block-image size-large\"><img loading=\"lazy\" decoding=\"async\" width=\"748\" height=\"1024\" data-id=\"74\" src=\"https:\/\/middelweb.de\/wordpress\/wp-content\/uploads\/2021\/02\/VW-1969-748x1024.jpg\" alt=\"\" class=\"wp-image-74\" srcset=\"https:\/\/middel-online.de\/wp-content\/uploads\/2021\/02\/VW-1969-748x1024.jpg 748w, https:\/\/middel-online.de\/wp-content\/uploads\/2021\/02\/VW-1969-219x300.jpg 219w, https:\/\/middel-online.de\/wp-content\/uploads\/2021\/02\/VW-1969.jpg 768w\" sizes=\"auto, (max-width: 748px) 100vw, 748px\" \/><\/figure>\n\n\n\n<figure class=\"wp-block-image size-large\"><img loading=\"lazy\" decoding=\"async\" width=\"474\" height=\"267\" data-id=\"10064\" src=\"https:\/\/middelweb.de\/wordpress\/wp-content\/uploads\/2021\/05\/1-fcc.jpg\" alt=\"\" class=\"wp-image-10064\" srcset=\"https:\/\/middel-online.de\/wp-content\/uploads\/2021\/05\/1-fcc.jpg 474w, https:\/\/middel-online.de\/wp-content\/uploads\/2021\/05\/1-fcc-300x169.jpg 300w\" sizes=\"auto, (max-width: 474px) 100vw, 474px\" \/><figcaption>Sonderedition &#8222;Maik\u00e4fer&#8220;<\/figcaption><\/figure>\n\n\n\n<figure class=\"wp-block-image size-large\"><img loading=\"lazy\" decoding=\"async\" width=\"420\" height=\"283\" data-id=\"10065\" src=\"https:\/\/middelweb.de\/wordpress\/wp-content\/uploads\/2021\/05\/55bc08bc-b116-f749-e053-0100007fc49f_778b6606-c8a0-4ee9-9ab1-a7c2907aea1a.jpg\" alt=\"\" class=\"wp-image-10065\" srcset=\"https:\/\/middel-online.de\/wp-content\/uploads\/2021\/05\/55bc08bc-b116-f749-e053-0100007fc49f_778b6606-c8a0-4ee9-9ab1-a7c2907aea1a.jpg 420w, https:\/\/middel-online.de\/wp-content\/uploads\/2021\/05\/55bc08bc-b116-f749-e053-0100007fc49f_778b6606-c8a0-4ee9-9ab1-a7c2907aea1a-300x202.jpg 300w\" sizes=\"auto, (max-width: 420px) 100vw, 420px\" \/><figcaption>Fiat 128 <\/figcaption><\/figure>\n\n\n\n<figure class=\"wp-block-image size-large\"><img loading=\"lazy\" decoding=\"async\" width=\"726\" height=\"545\" data-id=\"10066\" src=\"https:\/\/middelweb.de\/wordpress\/wp-content\/uploads\/2021\/05\/0.jpg\" alt=\"\" class=\"wp-image-10066\" srcset=\"https:\/\/middel-online.de\/wp-content\/uploads\/2021\/05\/0.jpg 726w, https:\/\/middel-online.de\/wp-content\/uploads\/2021\/05\/0-300x225.jpg 300w\" sizes=\"auto, (max-width: 726px) 100vw, 726px\" \/><figcaption>Fiat Ritmo (leider fuhr mir auf der B10 jemand auf, Totalschaden)<\/figcaption><\/figure>\n\n\n\n<figure class=\"wp-block-image size-large\"><img loading=\"lazy\" decoding=\"async\" width=\"1024\" height=\"664\" data-id=\"10057\" src=\"https:\/\/middelweb.de\/wordpress\/wp-content\/uploads\/2021\/05\/PICT1093-1024x664.jpg\" alt=\"\" class=\"wp-image-10057\" srcset=\"https:\/\/middel-online.de\/wp-content\/uploads\/2021\/05\/PICT1093-1024x664.jpg 1024w, https:\/\/middel-online.de\/wp-content\/uploads\/2021\/05\/PICT1093-300x194.jpg 300w, https:\/\/middel-online.de\/wp-content\/uploads\/2021\/05\/PICT1093-768x498.jpg 768w, https:\/\/middel-online.de\/wp-content\/uploads\/2021\/05\/PICT1093.jpg 1185w\" sizes=\"auto, (max-width: 1024px) 100vw, 1024px\" \/><figcaption>Dann lieber VW Passat (zum gro\u00dfen Vergn\u00fcgen meiner Kinder mit 7 Sitzen, 2 allerdings r\u00fcckw\u00e4rts)<\/figcaption><\/figure>\n\n\n\n<figure class=\"wp-block-image size-large\"><img loading=\"lazy\" decoding=\"async\" width=\"1024\" height=\"695\" data-id=\"10058\" src=\"https:\/\/middelweb.de\/wordpress\/wp-content\/uploads\/2021\/05\/Roter-Passat-1024x695.jpg\" alt=\"\" class=\"wp-image-10058\" srcset=\"https:\/\/middel-online.de\/wp-content\/uploads\/2021\/05\/Roter-Passat-1024x695.jpg 1024w, https:\/\/middel-online.de\/wp-content\/uploads\/2021\/05\/Roter-Passat-300x204.jpg 300w, https:\/\/middel-online.de\/wp-content\/uploads\/2021\/05\/Roter-Passat-768x521.jpg 768w, https:\/\/middel-online.de\/wp-content\/uploads\/2021\/05\/Roter-Passat-1536x1043.jpg 1536w, https:\/\/middel-online.de\/wp-content\/uploads\/2021\/05\/Roter-Passat-2048x1390.jpg 2048w\" sizes=\"auto, (max-width: 1024px) 100vw, 1024px\" \/><\/figure>\n\n\n\n<figure class=\"wp-block-image size-large\"><img loading=\"lazy\" decoding=\"async\" width=\"1024\" height=\"704\" data-id=\"10063\" src=\"https:\/\/middelweb.de\/wordpress\/wp-content\/uploads\/2021\/05\/Passat-neu-1024x704.jpg\" alt=\"\" class=\"wp-image-10063\" srcset=\"https:\/\/middel-online.de\/wp-content\/uploads\/2021\/05\/Passat-neu-1024x704.jpg 1024w, https:\/\/middel-online.de\/wp-content\/uploads\/2021\/05\/Passat-neu-300x206.jpg 300w, https:\/\/middel-online.de\/wp-content\/uploads\/2021\/05\/Passat-neu-768x528.jpg 768w, https:\/\/middel-online.de\/wp-content\/uploads\/2021\/05\/Passat-neu-1536x1056.jpg 1536w, https:\/\/middel-online.de\/wp-content\/uploads\/2021\/05\/Passat-neu-2048x1408.jpg 2048w\" sizes=\"auto, (max-width: 1024px) 100vw, 1024px\" \/><figcaption>mein letzter Passat (Meister bei VW Hahn: wenn Sie so hohe Anspr\u00fcche haben, m\u00fcssen Sie sich einen Mercedes kaufen)<\/figcaption><\/figure>\n\n\n\n<figure class=\"wp-block-image size-large\"><img loading=\"lazy\" decoding=\"async\" width=\"1024\" height=\"756\" data-id=\"10062\" src=\"https:\/\/middelweb.de\/wordpress\/wp-content\/uploads\/2021\/05\/Mercedes-E-1996-b-1024x756.jpg\" alt=\"\" class=\"wp-image-10062\" srcset=\"https:\/\/middel-online.de\/wp-content\/uploads\/2021\/05\/Mercedes-E-1996-b-1024x756.jpg 1024w, https:\/\/middel-online.de\/wp-content\/uploads\/2021\/05\/Mercedes-E-1996-b-300x221.jpg 300w, https:\/\/middel-online.de\/wp-content\/uploads\/2021\/05\/Mercedes-E-1996-b-768x567.jpg 768w, https:\/\/middel-online.de\/wp-content\/uploads\/2021\/05\/Mercedes-E-1996-b-1536x1134.jpg 1536w, https:\/\/middel-online.de\/wp-content\/uploads\/2021\/05\/Mercedes-E-1996-b-2048x1512.jpg 2048w\" sizes=\"auto, (max-width: 1024px) 100vw, 1024px\" \/><figcaption>Mein erster Mercedes (E220) 1996<\/figcaption><\/figure>\n\n\n\n<figure class=\"wp-block-image size-large\"><img loading=\"lazy\" decoding=\"async\" width=\"1024\" height=\"704\" data-id=\"10061\" src=\"https:\/\/middelweb.de\/wordpress\/wp-content\/uploads\/2021\/05\/Mercedes-220-T-silber-1024x704.jpg\" alt=\"\" class=\"wp-image-10061\" srcset=\"https:\/\/middel-online.de\/wp-content\/uploads\/2021\/05\/Mercedes-220-T-silber-1024x704.jpg 1024w, https:\/\/middel-online.de\/wp-content\/uploads\/2021\/05\/Mercedes-220-T-silber-300x206.jpg 300w, https:\/\/middel-online.de\/wp-content\/uploads\/2021\/05\/Mercedes-220-T-silber-768x528.jpg 768w, https:\/\/middel-online.de\/wp-content\/uploads\/2021\/05\/Mercedes-220-T-silber.jpg 1068w\" sizes=\"auto, (max-width: 1024px) 100vw, 1024px\" \/><\/figure>\n\n\n\n<figure class=\"wp-block-image size-large\"><img loading=\"lazy\" decoding=\"async\" width=\"1024\" height=\"681\" data-id=\"10060\" src=\"https:\/\/middelweb.de\/wordpress\/wp-content\/uploads\/2021\/05\/DSC_2636-1024x681.jpg\" alt=\"\" class=\"wp-image-10060\" srcset=\"https:\/\/middel-online.de\/wp-content\/uploads\/2021\/05\/DSC_2636-1024x681.jpg 1024w, https:\/\/middel-online.de\/wp-content\/uploads\/2021\/05\/DSC_2636-300x199.jpg 300w, https:\/\/middel-online.de\/wp-content\/uploads\/2021\/05\/DSC_2636-768x511.jpg 768w, https:\/\/middel-online.de\/wp-content\/uploads\/2021\/05\/DSC_2636-1536x1021.jpg 1536w, https:\/\/middel-online.de\/wp-content\/uploads\/2021\/05\/DSC_2636-2048x1362.jpg 2048w\" sizes=\"auto, (max-width: 1024px) 100vw, 1024px\" \/><\/figure>\n<\/figure>\n\n\n\n<p><\/p>\n","protected":false},"excerpt":{"rendered":"","protected":false},"author":1,"featured_media":0,"parent":0,"menu_order":0,"comment_status":"closed","ping_status":"closed","template":"","meta":{"ngg_post_thumbnail":0,"footnotes":""},"class_list":["post-10055","page","type-page","status-publish","hentry"],"_links":{"self":[{"href":"https:\/\/middel-online.de\/index.php?rest_route=\/wp\/v2\/pages\/10055","targetHints":{"allow":["GET"]}}],"collection":[{"href":"https:\/\/middel-online.de\/index.php?rest_route=\/wp\/v2\/pages"}],"about":[{"href":"https:\/\/middel-online.de\/index.php?rest_route=\/wp\/v2\/types\/page"}],"author":[{"embeddable":true,"href":"https:\/\/middel-online.de\/index.php?rest_route=\/wp\/v2\/users\/1"}],"replies":[{"embeddable":true,"href":"https:\/\/middel-online.de\/index.php?rest_route=%2Fwp%2Fv2%2Fcomments&post=10055"}],"version-history":[{"count":5,"href":"https:\/\/middel-online.de\/index.php?rest_route=\/wp\/v2\/pages\/10055\/revisions"}],"predecessor-version":[{"id":11048,"href":"https:\/\/middel-online.de\/index.php?rest_route=\/wp\/v2\/pages\/10055\/revisions\/11048"}],"wp:attachment":[{"href":"https:\/\/middel-online.de\/index.php?rest_route=%2Fwp%2Fv2%2Fmedia&parent=10055"}],"curies":[{"name":"wp","href":"https:\/\/api.w.org\/{rel}","templated":true}]}}